{"id":743,"date":"2023-01-23T19:29:00","date_gmt":"2023-01-23T19:29:00","guid":{"rendered":"https:\/\/puzzle3d.co\/product\/puppy-puzzle-3d-mecanic-copy\/"},"modified":"2025-06-11T18:59:50","modified_gmt":"2025-06-11T18:59:50","slug":"arana-arana-3d-rompecabezas-mecanico-de-madera","status":"publish","type":"product","link":"https:\/\/puzzle3d.co\/es\/prodotto\/ragno-spider-puzzle-3d-meccanico-legno\/","title":{"rendered":"Ara\u00f1a 'SPIDER' - Puzzle mec\u00e1nico de madera, 293 piezas"},"content":{"rendered":"<div>\n<div>\n<div><strong>Ara\u00f1a 'SPIDER' - Puzzle mec\u00e1nico 3D de madera - 293 piezas<\/strong><\/div>\n<div><\/div>\n<div>Montar esta simp\u00e1tica ara\u00f1a denota que eres valiente y tenaz.<\/div>\n<div><\/div>\n<div>Gracias al motor de goma, la ara\u00f1a se mueve con tanta gracia como la de verdad.<\/div>\n<div><\/div>\n<div>Puedes animar una fiesta, celebrar Halloween o deleitar a alguien aficionado a las ara\u00f1as.<\/div>\n<div>Es emocionante montarlo, verlo moverse o simplemente recogerlo.<\/div>\n<div>Mant\u00e9ngalo a la vista porque todos querr\u00e1n admirarlo en detalle y enci\u00e9ndalo<\/div>\n<\/div>\n<div style=\"width: 1020px;\" class=\"wp-video\"><video class=\"wp-video-shortcode\" id=\"video-743-1\" width=\"1020\" height=\"574\" preload=\"metadata\" controls=\"controls\"><source type=\"video\/mp4\" src=\"https:\/\/puzzle3d.co\/wp-content\/uploads\/2023\/01\/Spider.mp4?_=1\" \/><a href=\"https:\/\/puzzle3d.co\/wp-content\/uploads\/2023\/01\/Spider.mp4\">https:\/\/puzzle3d.co\/wp-content\/uploads\/2023\/01\/Spider.mp4<\/a><\/video><\/div>\n<div>\n<p><span style=\"color: #333333;\"><strong>DETALLES DEL PRODUCTO:<\/strong><br \/>\n<\/span><span style=\"color: #333333;\">Dimensiones del modelo: 240*350*100 mm<br \/>\n<\/span><span style=\"color: #333333;\">Dimensiones del paquete: 245*188*24 mm<br \/>\n<\/span><span style=\"color: #333333;\">N\u00famero de piezas: 293<\/span><\/p>\n<\/div>\n<\/div>\n<div>\n<div><\/div>\n<\/div>","protected":false},"excerpt":{"rendered":"<p>Esta es la ara\u00f1a: montar esta simp\u00e1tica ara\u00f1a denota que eres valiente y tenaz.<br \/>\nGracias al motor de goma, la ara\u00f1a se mueve con tanta gracia como la de verdad.<\/p>","protected":false},"featured_media":750,"comment_status":"open","ping_status":"closed","template":"","meta":[],"product_brand":[],"product_cat":[73,88,74,76,89,90,91],"product_tag":[],"woo-feed-brand":[],"class_list":{"0":"post-743","1":"product","2":"type-product","3":"status-publish","4":"has-post-thumbnail","6":"product_cat-puzzle-3d","7":"product_cat-puzzle-3d-adulti","8":"product_cat-puzzle-3d-in-legno","9":"product_cat-puzzle-3d-per-bambini","10":"product_cat-puzzle-meccanici-3d-in-legno","11":"product_cat-puzzle-meccanici-per-bambini","12":"product_cat-puzzle-meccanici-per-adulti","14":"first","15":"instock","16":"shipping-taxable","17":"purchasable","18":"product-type-simple"},"_links":{"self":[{"href":"https:\/\/puzzle3d.co\/es\/wp-json\/wp\/v2\/product\/743","targetHints":{"allow":["GET"]}}],"collection":[{"href":"https:\/\/puzzle3d.co\/es\/wp-json\/wp\/v2\/product"}],"about":[{"href":"https:\/\/puzzle3d.co\/es\/wp-json\/wp\/v2\/types\/product"}],"replies":[{"embeddable":true,"href":"https:\/\/puzzle3d.co\/es\/wp-json\/wp\/v2\/comments?post=743"}],"wp:featuredmedia":[{"embeddable":true,"href":"https:\/\/puzzle3d.co\/es\/wp-json\/wp\/v2\/media\/750"}],"wp:attachment":[{"href":"https:\/\/puzzle3d.co\/es\/wp-json\/wp\/v2\/media?parent=743"}],"wp:term":[{"taxonomy":"product_brand","embeddable":true,"href":"https:\/\/puzzle3d.co\/es\/wp-json\/wp\/v2\/product_brand?post=743"},{"taxonomy":"product_cat","embeddable":true,"href":"https:\/\/puzzle3d.co\/es\/wp-json\/wp\/v2\/product_cat?post=743"},{"taxonomy":"product_tag","embeddable":true,"href":"https:\/\/puzzle3d.co\/es\/wp-json\/wp\/v2\/product_tag?post=743"},{"taxonomy":"woo-feed-brand","embeddable":true,"href":"https:\/\/puzzle3d.co\/es\/wp-json\/wp\/v2\/woo-feed-brand?post=743"}],"curies":[{"name":"wp","href":"https:\/\/api.w.org\/{rel}","templated":true}]}}