{"id":731,"date":"2023-01-23T17:25:32","date_gmt":"2023-01-23T17:25:32","guid":{"rendered":"https:\/\/puzzle3d.co\/product\/autospeciala-de-pompieri-copy\/"},"modified":"2025-06-19T18:25:58","modified_gmt":"2025-06-19T18:25:58","slug":"puzzle-3d-cachorro-mecanico-246-piezas","status":"publish","type":"product","link":"https:\/\/puzzle3d.co\/es\/prodotto\/cucciolo-puzzle-3d-meccanico-246-pezzi\/","title":{"rendered":"PUPPY puppy - puzzle mec\u00e1nico de madera, 246 piezas"},"content":{"rendered":"<div><strong>Cachorro \"PUPPY\" - Puzzle\/modelo mec\u00e1nico 3D de madera para montar - 246 piezas<\/strong><\/div>\n<div><\/div>\n<div>Este es el moello mec\u00e1nico de madera en 3D de Puppy, tu fiel amigo. La aventura a trav\u00e9s de la cual lo ensamblar\u00e1s en 246 piezas ser\u00e1 inolvidable.<\/div>\n<div>Siga las instrucciones y monte sucesivamente las orejas, las patas y la cola. Los dise\u00f1adores han pensado muy bien c\u00f3mo construirlo para que todas las articulaciones y movimientos se parezcan a los de un perro de verdad.<\/div>\n<div><\/div>\n<div>Puedes pintarlo o dejarlo del color de la madera, puedes llamarlo Puppy o ponerle otro nombre. Eres libre de cuidarlo y quererlo como a una mascota de verdad.<\/div>\n<div><\/div>\n<h2>Regalo para amantes de los animales<\/h2>\n<div>Es una gozada montar un puzzle que se convertir\u00e1 en un perrito tan mono. As\u00ed que cuando quieras hacer un regalo a un ni\u00f1o o adulto amante de los perros, ya sabes cu\u00e1l ser\u00eda el adecuado.<\/div>\n<div><\/div>\n<div><strong>DETALLES DEL PRODUCTO:<\/strong><\/div>\n<div>Dimensiones del modelo: 285*175*95 mm<\/div>\n<div>Dimensiones del paquete: 245*188*30 mm<\/div>\n<div>N\u00famero de piezas: 246<\/div>","protected":false},"excerpt":{"rendered":"<p>Este es Puppy, tu fiel amigo. Los dise\u00f1adores han pensado muy bien c\u00f3mo construirlo para que todas las articulaciones y movimientos se parezcan a los de un perro de verdad.<\/p>","protected":false},"featured_media":737,"comment_status":"open","ping_status":"closed","template":"","meta":[],"product_brand":[],"product_cat":[73,88,74,76,89,90,91],"product_tag":[],"woo-feed-brand":[],"class_list":{"0":"post-731","1":"product","2":"type-product","3":"status-publish","4":"has-post-thumbnail","6":"product_cat-puzzle-3d","7":"product_cat-puzzle-3d-adulti","8":"product_cat-puzzle-3d-in-legno","9":"product_cat-puzzle-3d-per-bambini","10":"product_cat-puzzle-meccanici-3d-in-legno","11":"product_cat-puzzle-meccanici-per-bambini","12":"product_cat-puzzle-meccanici-per-adulti","14":"first","15":"instock","16":"shipping-taxable","17":"purchasable","18":"product-type-simple"},"_links":{"self":[{"href":"https:\/\/puzzle3d.co\/es\/wp-json\/wp\/v2\/product\/731","targetHints":{"allow":["GET"]}}],"collection":[{"href":"https:\/\/puzzle3d.co\/es\/wp-json\/wp\/v2\/product"}],"about":[{"href":"https:\/\/puzzle3d.co\/es\/wp-json\/wp\/v2\/types\/product"}],"replies":[{"embeddable":true,"href":"https:\/\/puzzle3d.co\/es\/wp-json\/wp\/v2\/comments?post=731"}],"wp:featuredmedia":[{"embeddable":true,"href":"https:\/\/puzzle3d.co\/es\/wp-json\/wp\/v2\/media\/737"}],"wp:attachment":[{"href":"https:\/\/puzzle3d.co\/es\/wp-json\/wp\/v2\/media?parent=731"}],"wp:term":[{"taxonomy":"product_brand","embeddable":true,"href":"https:\/\/puzzle3d.co\/es\/wp-json\/wp\/v2\/product_brand?post=731"},{"taxonomy":"product_cat","embeddable":true,"href":"https:\/\/puzzle3d.co\/es\/wp-json\/wp\/v2\/product_cat?post=731"},{"taxonomy":"product_tag","embeddable":true,"href":"https:\/\/puzzle3d.co\/es\/wp-json\/wp\/v2\/product_tag?post=731"},{"taxonomy":"woo-feed-brand","embeddable":true,"href":"https:\/\/puzzle3d.co\/es\/wp-json\/wp\/v2\/woo-feed-brand?post=731"}],"curies":[{"name":"wp","href":"https:\/\/api.w.org\/{rel}","templated":true}]}}