{"id":703,"date":"2023-01-23T15:27:44","date_gmt":"2023-01-23T15:27:44","guid":{"rendered":"https:\/\/puzzle3d.co\/product\/autospeciala-de-pompieri-copy\/"},"modified":"2025-09-10T09:43:35","modified_gmt":"2025-09-10T09:43:35","slug":"maqueta-de-barco-djong","status":"publish","type":"product","link":"https:\/\/puzzle3d.co\/es\/prodotto\/modellismo-navale-nave-djong\/","title":{"rendered":"Modelo de barco mec\u00e1nico de madera, 246 piezas"},"content":{"rendered":"<div>\n<p><strong>\u00a0Modello Nave 3D in legno &#8211; 246 pezzi &#8211; Nave Djong<\/strong><\/p>\n<div>\n<div>Diventa il capitano della famosa nave indonesiana DJONG.<\/div>\n<div>Trasportava merci e passeggeri in epoca medievale, con una portata impensabile per quei tempi: fino a 2000 tonnellate.<\/div>\n<div>Assemblarlo \u00e8 un invito al viaggio e alla storia antica. Lascia la routine quotidiana e riunisciti con una persona cara, quindi parti per un viaggio.<\/div>\n<div>Alla fine, ti godrai un meraviglioso pezzo di decorazione per la tua casa o ufficio.<\/div>\n<div><\/div>\n<h2><span style=\"color: #555555\">Regalo per chi \u00e8 appassionato del mare e dei viaggi<\/span><\/h2>\n<div><\/div>\n<div style=\"width: 1020px;\" class=\"wp-video\"><video class=\"wp-video-shortcode\" id=\"video-703-1\" width=\"1020\" height=\"574\" preload=\"metadata\" controls=\"controls\"><source type=\"video\/mp4\" src=\"https:\/\/puzzle3d.co\/wp-content\/uploads\/2023\/01\/DJONG-Overview-1.mp4?_=1\" \/><a href=\"https:\/\/puzzle3d.co\/wp-content\/uploads\/2023\/01\/DJONG-Overview-1.mp4\">https:\/\/puzzle3d.co\/wp-content\/uploads\/2023\/01\/DJONG-Overview-1.mp4<\/a><\/video><\/div>\n<\/div>\n<\/div>\n<div>\n<div>\n<div class=\"flex-1 overflow-hidden\">\n<div class=\"react-scroll-to-bottom--css-rnnyf-79elbk h-full dark:bg-gray-800\">\n<div class=\"react-scroll-to-bottom--css-rnnyf-1n7m0yu\">\n<div class=\"flex flex-col items-center text-sm h-full dark:bg-gray-800\">\n<div class=\"w-full border-b border-black\/10 dark:border-gray-900\/50 text-gray-800 dark:text-gray-100 group bg-gray-50 dark:bg-[#444654]\">\n<div class=\"text-base gap-4 md:gap-6 m-auto md:max-w-2xl lg:max-w-2xl xl:max-w-3xl p-4 md:py-6 flex lg:px-0\">\n<div class=\"relative flex w-[calc(100%-50px)] md:flex-col lg:w-[calc(100%-115px)]\">\n<div class=\"text-gray-400 flex self-end lg:self-center justify-center mt-2 gap-4 lg:gap-1 lg:absolute lg:top-0 lg:translate-x-full lg:right-0 lg:mt-0 lg:pl-2 visible\"><strong><br \/>\nDETTAGLI DEL PRODOTTO:<\/strong><br \/>\nDimensioni del modello: 375*183*32 mm<br \/>\nDimensioni confezione: 462*165*385 mm<br \/>\nNumero di pezzi: 246<\/div>\n<\/div>\n<\/div>\n<\/div>\n<\/div>\n<\/div>\n<\/div>\n<\/div>\n<\/div>\n<div><\/div>\n<\/div>\n","protected":false},"excerpt":{"rendered":"<p>Convi\u00e9rtete en el capit\u00e1n del famoso barco indonesio DJONG. Ensamblarlo es una invitaci\u00f3n al viaje y a la historia antigua. Deja atr\u00e1s tu rutina diaria y re\u00fanete con un ser querido para luego emprender un viaje.<\/p>","protected":false},"featured_media":1333,"comment_status":"open","ping_status":"closed","template":"","meta":{"slim_seo":{"title":"\ud83d\udea2 Modelado 3D mec\u00e1nico de barcos de madera, 246 piezas - Djong Ship","description":"Para los apasionados del modelismo naval. Convi\u00e9rtete en el capit\u00e1n del famoso barco indonesio DJONG. Modelo 3D de madera, 246 piezas"}},"product_brand":[],"product_cat":[108,89,91,90,73,88,76],"product_tag":[],"woo-feed-brand":[],"class_list":{"0":"post-703","1":"product","2":"type-product","3":"status-publish","4":"has-post-thumbnail","6":"product_cat-modellismo-da-costruire-per-adulti","7":"product_cat-puzzle-meccanici-3d-in-legno","8":"product_cat-puzzle-meccanici-per-adulti","9":"product_cat-puzzle-meccanici-per-bambini","10":"product_cat-puzzle-3d","11":"product_cat-puzzle-3d-adulti","12":"product_cat-puzzle-3d-per-bambini","14":"first","15":"instock","16":"shipping-taxable","17":"purchasable","18":"product-type-simple"},"_links":{"self":[{"href":"https:\/\/puzzle3d.co\/es\/wp-json\/wp\/v2\/product\/703","targetHints":{"allow":["GET"]}}],"collection":[{"href":"https:\/\/puzzle3d.co\/es\/wp-json\/wp\/v2\/product"}],"about":[{"href":"https:\/\/puzzle3d.co\/es\/wp-json\/wp\/v2\/types\/product"}],"replies":[{"embeddable":true,"href":"https:\/\/puzzle3d.co\/es\/wp-json\/wp\/v2\/comments?post=703"}],"wp:featuredmedia":[{"embeddable":true,"href":"https:\/\/puzzle3d.co\/es\/wp-json\/wp\/v2\/media\/1333"}],"wp:attachment":[{"href":"https:\/\/puzzle3d.co\/es\/wp-json\/wp\/v2\/media?parent=703"}],"wp:term":[{"taxonomy":"product_brand","embeddable":true,"href":"https:\/\/puzzle3d.co\/es\/wp-json\/wp\/v2\/product_brand?post=703"},{"taxonomy":"product_cat","embeddable":true,"href":"https:\/\/puzzle3d.co\/es\/wp-json\/wp\/v2\/product_cat?post=703"},{"taxonomy":"product_tag","embeddable":true,"href":"https:\/\/puzzle3d.co\/es\/wp-json\/wp\/v2\/product_tag?post=703"},{"taxonomy":"woo-feed-brand","embeddable":true,"href":"https:\/\/puzzle3d.co\/es\/wp-json\/wp\/v2\/woo-feed-brand?post=703"}],"curies":[{"name":"wp","href":"https:\/\/api.w.org\/{rel}","templated":true}]}}