{"id":696,"date":"2023-01-23T14:33:25","date_gmt":"2023-01-23T14:33:25","guid":{"rendered":"https:\/\/puzzle3d.co\/product\/broasca-testoasa-copy\/"},"modified":"2025-05-11T08:13:44","modified_gmt":"2025-05-11T08:13:44","slug":"bomberos-rompecabezas-mecanico-3d","status":"publish","type":"product","link":"https:\/\/puzzle3d.co\/es\/prodotto\/vigili-del-fuoco-puzzle-3d-meccanico\/","title":{"rendered":"Cami\u00f3n de bomberos 3D modelo mec\u00e1nico de madera, 439 piezas"},"content":{"rendered":"<div>\n<p><strong>Camion Vigili del Fuoco Modello 3D meccanico in legno, 439 pezzi<\/strong><\/p>\n<div>\n<div>Questo camion \u00e8 davvero incendiario!<\/div>\n<div>Con quante funzioni ha e quanto \u00e8 bello, tu stesso brucerai dall&#8217;impazienza di assemblarlo.<\/div>\n<div>Costruiscilo insieme ad una persona cara, perch\u00e9 tutto il processo sar\u00e0 una vera soddisfazione e sarebbe un peccato non condividere la gioia.<\/div>\n<div><\/div>\n<div>Il camion viene messo in funzione con un elastico. La scala retrattile e girevole pu\u00f2 essere allungata di 70 cm. Le porte si aprono, gli interni del salone sono sofisticati, le ruote girano, proprio come nella versione reale di un veicolo speciale.<\/div>\n<div><\/div>\n<div><em><strong>\u00c8 un pezzo di decorazione per la casa o l&#8217;ufficio destinato a chi vuole qualcosa di originale, che non si trova ad ogni passo.<\/strong><\/em><\/div>\n<div><\/div>\n<div>I bambini adoreranno il camion dei pompieri e lo adatteranno a tante varianti di gioco.<\/div>\n<div><\/div>\n<div style=\"width: 1020px;\" class=\"wp-video\"><video class=\"wp-video-shortcode\" id=\"video-696-1\" width=\"1020\" height=\"574\" preload=\"metadata\" controls=\"controls\"><source type=\"video\/mp4\" src=\"https:\/\/puzzle3d.co\/wp-content\/uploads\/2023\/01\/Fire-Truck-Overview-1.mp4?_=1\" \/><a href=\"https:\/\/puzzle3d.co\/wp-content\/uploads\/2023\/01\/Fire-Truck-Overview-1.mp4\">https:\/\/puzzle3d.co\/wp-content\/uploads\/2023\/01\/Fire-Truck-Overview-1.mp4<\/a><\/video><\/div>\n<\/div>\n<\/div>\n<div>\n<div>\n<div class=\"flex-1 overflow-hidden\">\n<div class=\"react-scroll-to-bottom--css-rnnyf-79elbk h-full dark:bg-gray-800\">\n<div class=\"react-scroll-to-bottom--css-rnnyf-1n7m0yu\">\n<div class=\"flex flex-col items-center text-sm h-full dark:bg-gray-800\">\n<div class=\"w-full border-b border-black\/10 dark:border-gray-900\/50 text-gray-800 dark:text-gray-100 group bg-gray-50 dark:bg-[#444654]\">\n<div class=\"text-base gap-4 md:gap-6 m-auto md:max-w-2xl lg:max-w-2xl xl:max-w-3xl p-4 md:py-6 flex lg:px-0\">\n<div class=\"relative flex w-[calc(100%-50px)] md:flex-col lg:w-[calc(100%-115px)]\"><\/div>\n<\/div>\n<\/div>\n<\/div>\n<\/div>\n<\/div>\n<\/div>\n<\/div>\n<div><strong>DETTAGLI DEL PRODOTTO:<\/strong><br \/>\nDimensioni del modello: 378*98*122 mm<br \/>\nDimensioni confezione: 375 x 243 x 28 mm<br \/>\nNumero di pezzi: 439<\/div>\n<div><\/div>\n<\/div>\n","protected":false},"excerpt":{"rendered":"<div>\n<div>Cami\u00f3n de bomberos - Puzzle mec\u00e1nico 3D de madera, 439 piezas<\/div>\n<div><\/div>\n<div>\u00a1Este cami\u00f3n es realmente incendiario! Con la cantidad de funciones que tiene y lo bonito que es, arder\u00e1s de impaciencia por montarlo t\u00fa mismo.<\/div>\n<\/div>\n<p>&nbsp;<\/p>","protected":false},"featured_media":1332,"comment_status":"open","ping_status":"closed","template":"","meta":{"slim_seo":{"title":"\ud83d\ude92 Modelo mec\u00e1nico cami\u00f3n de bomberos 439 piezas","description":"Cami\u00f3n de bomberos - Puzzle mec\u00e1nico 3D. \u00a1Este cami\u00f3n es realmente incendiario! Con la cantidad de funciones que tiene y lo bonito que es, arder\u00e1s de impaciencia por montarlo."}},"product_brand":[],"product_cat":[89,91,90,73,88,74,76],"product_tag":[],"woo-feed-brand":[],"class_list":{"0":"post-696","1":"product","2":"type-product","3":"status-publish","4":"has-post-thumbnail","6":"product_cat-puzzle-meccanici-3d-in-legno","7":"product_cat-puzzle-meccanici-per-adulti","8":"product_cat-puzzle-meccanici-per-bambini","9":"product_cat-puzzle-3d","10":"product_cat-puzzle-3d-adulti","11":"product_cat-puzzle-3d-in-legno","12":"product_cat-puzzle-3d-per-bambini","14":"first","15":"instock","16":"shipping-taxable","17":"purchasable","18":"product-type-simple"},"_links":{"self":[{"href":"https:\/\/puzzle3d.co\/es\/wp-json\/wp\/v2\/product\/696","targetHints":{"allow":["GET"]}}],"collection":[{"href":"https:\/\/puzzle3d.co\/es\/wp-json\/wp\/v2\/product"}],"about":[{"href":"https:\/\/puzzle3d.co\/es\/wp-json\/wp\/v2\/types\/product"}],"replies":[{"embeddable":true,"href":"https:\/\/puzzle3d.co\/es\/wp-json\/wp\/v2\/comments?post=696"}],"wp:featuredmedia":[{"embeddable":true,"href":"https:\/\/puzzle3d.co\/es\/wp-json\/wp\/v2\/media\/1332"}],"wp:attachment":[{"href":"https:\/\/puzzle3d.co\/es\/wp-json\/wp\/v2\/media?parent=696"}],"wp:term":[{"taxonomy":"product_brand","embeddable":true,"href":"https:\/\/puzzle3d.co\/es\/wp-json\/wp\/v2\/product_brand?post=696"},{"taxonomy":"product_cat","embeddable":true,"href":"https:\/\/puzzle3d.co\/es\/wp-json\/wp\/v2\/product_cat?post=696"},{"taxonomy":"product_tag","embeddable":true,"href":"https:\/\/puzzle3d.co\/es\/wp-json\/wp\/v2\/product_tag?post=696"},{"taxonomy":"woo-feed-brand","embeddable":true,"href":"https:\/\/puzzle3d.co\/es\/wp-json\/wp\/v2\/woo-feed-brand?post=696"}],"curies":[{"name":"wp","href":"https:\/\/api.w.org\/{rel}","templated":true}]}}