{"id":694,"date":"2023-01-23T14:19:26","date_gmt":"2023-01-23T14:19:26","guid":{"rendered":"https:\/\/puzzle3d.co\/product\/black-cat-copy\/"},"modified":"2025-06-11T19:12:00","modified_gmt":"2025-06-11T19:12:00","slug":"tortuga-puzzle-mecanico-3d-de-madera","status":"publish","type":"product","link":"https:\/\/puzzle3d.co\/es\/prodotto\/tartaruga-puzzle-meccanico-3d-in-legno\/","title":{"rendered":"Tartaruga \u2013 puzzle mec\u00e1nico 3D de madera, 269 piezas"},"content":{"rendered":"<div>\n<p><em><strong>Tartaruga \u2013 puzzle mec\u00e1nico 3D de madera, 269 piezas<\/strong><\/em><\/p>\n<\/div>\n<div>\n<div>\n<div>\u00bfQu\u00e9 sabes de la tortuga?<\/div>\n<div><\/div>\n<div>Es uno de los reptiles m\u00e1s antiguos y primitivos que puede soportar cualquier tipo de clima. No s\u00f3lo se encuentra en la Ant\u00e1rtida. M\u00e1s recientemente, muchas personas lo han querido tanto que lo han adoptado como mascota.<\/div>\n<div><\/div>\n<div>Durante el montaje experimentar\u00e1 un estado de paz y tranquilidad, id\u00f3neo para recargar las pilas.<\/div>\n<div><\/div>\n<div>Y por \u00faltimo pon en marcha el mecanismo y la rana se mover\u00e1, girar\u00e1 la cabeza a izquierda y derecha y te mirar\u00e1 con cari\u00f1o.<\/div>\n<div>Es tan bonito que te costar\u00e1 decidir si dejarlo en el tono de la madera o pintarlo.<\/div>\n<h2>Regalo para amantes de los animales<\/h2>\n<div><strong>DETALLES DEL PRODUCTO:<\/strong><\/div>\n<div>Dimensiones del modelo: 223*165*116 mm<\/div>\n<div>Tama\u00f1o del paquete: 245*188*30<\/div>\n<div>N\u00famero de piezas: 269<\/div>\n<\/div>\n<\/div>","protected":false},"excerpt":{"rendered":"<div>\n<div>Tortuga - Rompecabezas mec\u00e1nico en 3D<\/div>\n<div><\/div>\n<div>\u00a1F\u00e1cil de montar y divertido para jugar! Por \u00faltimo, pon en marcha el mecanismo y la rana se mover\u00e1, girar\u00e1 la cabeza a izquierda y derecha y te mirar\u00e1 con cari\u00f1o.<\/div>\n<\/div>\n<p>&nbsp;<\/p>","protected":false},"featured_media":687,"comment_status":"open","ping_status":"closed","template":"","meta":[],"product_brand":[],"product_cat":[73,76,89,90,91],"product_tag":[],"woo-feed-brand":[],"class_list":{"0":"post-694","1":"product","2":"type-product","3":"status-publish","4":"has-post-thumbnail","6":"product_cat-puzzle-3d","7":"product_cat-puzzle-3d-per-bambini","8":"product_cat-puzzle-meccanici-3d-in-legno","9":"product_cat-puzzle-meccanici-per-bambini","10":"product_cat-puzzle-meccanici-per-adulti","12":"first","13":"instock","14":"shipping-taxable","15":"purchasable","16":"product-type-simple"},"_links":{"self":[{"href":"https:\/\/puzzle3d.co\/es\/wp-json\/wp\/v2\/product\/694","targetHints":{"allow":["GET"]}}],"collection":[{"href":"https:\/\/puzzle3d.co\/es\/wp-json\/wp\/v2\/product"}],"about":[{"href":"https:\/\/puzzle3d.co\/es\/wp-json\/wp\/v2\/types\/product"}],"replies":[{"embeddable":true,"href":"https:\/\/puzzle3d.co\/es\/wp-json\/wp\/v2\/comments?post=694"}],"wp:featuredmedia":[{"embeddable":true,"href":"https:\/\/puzzle3d.co\/es\/wp-json\/wp\/v2\/media\/687"}],"wp:attachment":[{"href":"https:\/\/puzzle3d.co\/es\/wp-json\/wp\/v2\/media?parent=694"}],"wp:term":[{"taxonomy":"product_brand","embeddable":true,"href":"https:\/\/puzzle3d.co\/es\/wp-json\/wp\/v2\/product_brand?post=694"},{"taxonomy":"product_cat","embeddable":true,"href":"https:\/\/puzzle3d.co\/es\/wp-json\/wp\/v2\/product_cat?post=694"},{"taxonomy":"product_tag","embeddable":true,"href":"https:\/\/puzzle3d.co\/es\/wp-json\/wp\/v2\/product_tag?post=694"},{"taxonomy":"woo-feed-brand","embeddable":true,"href":"https:\/\/puzzle3d.co\/es\/wp-json\/wp\/v2\/woo-feed-brand?post=694"}],"curies":[{"name":"wp","href":"https:\/\/api.w.org\/{rel}","templated":true}]}}