{"id":588,"date":"2023-01-18T23:04:09","date_gmt":"2023-01-18T23:04:09","guid":{"rendered":"https:\/\/puzzle3d.co\/?post_type=product&#038;p=588"},"modified":"2025-05-11T08:12:38","modified_gmt":"2025-05-11T08:12:38","slug":"avion-3d-rompecabezas-mecanico-de-madera","status":"publish","type":"product","link":"https:\/\/puzzle3d.co\/es\/prodotto\/aereo-puzzle-meccanico-3d-in-legno\/","title":{"rendered":"AVI\u00d3N - Puzzle mec\u00e1nico 3D de madera - 346 piezas"},"content":{"rendered":"<div><strong>AVI\u00d3N - Puzzle mec\u00e1nico 3D de madera, 346 piezas<\/strong><\/div>\n<div><\/div>\n<div>Todos los aficionados a la aeron\u00e1utica, la tecnolog\u00eda, la velocidad, la rob\u00f3tica, estar\u00e1n de acuerdo con la afirmaci\u00f3n: \"\u00a1Este avi\u00f3n es realmente maravilloso!\".<\/div>\n<div><\/div>\n<div>\u00bfYa has hecho las maletas? Empaca una buena provisi\u00f3n de granos de caf\u00e9 porque el viaje es largo. Empezamos a bordo con 346 piezas de puzzle y todas son de madera. Si te llevas un tubo de pegamento, te multar\u00e1n. Pero tampoco lo necesitar\u00e1. Esto se debe a que todas las piezas son tan perfectas que encajan a la perfecci\u00f3n y son estables. Disfrutar\u00e1s del paseo gracias a un motor de goma el\u00e1stica.<\/div>\n<div><\/div>\n<div>\u00bfA qui\u00e9n invitas? No hay grupo de edad ni sexo que pueda ignorar la construcci\u00f3n de un avi\u00f3n mec\u00e1nico de puzzle. Genera tanta adrenalina que te sientas a pensar qu\u00e9 es mejor: el hecho de que haya cientos de piezas y horas de trabajo por delante, o el avi\u00f3n en movimiento y la experiencia \u00fanica que hay detr\u00e1s.<\/div>\n<div><\/div>\n<div>Probablemente se pregunte cu\u00e1ntas horas de trabajo son necesarias para ensamblar 346 piezas. Lo m\u00e1s interesante es que nadie lo sabe. Depende de muchos factores: cu\u00e1ntos compa\u00f1eros te acompa\u00f1en, tu experiencia y la de ellos con los rompecabezas, especialmente los mec\u00e1nicos, la frecuencia con la que te tomes un descanso y el tiempo que dure. Pero s\u00ed sabemos una cosa: no te precipites cuanto antes. 'Estira' la alegr\u00eda porque a\u00fan llegar\u00e1s al momento en que arranques el motor.<\/div>\n<div><\/div>\n<div>Durante la edici\u00f3n notar\u00e1s lo bien que te sienta concentrarte, buscar un trozo que crees que ya no encuentras, tanto que lo tienes justo debajo de la mano. Unas buenas horas de concentraci\u00f3n har\u00e1n que tu cerebro trabaje con los dos hemisferios al mismo tiempo. Disfrutar\u00e1s de una sensaci\u00f3n de relajaci\u00f3n y ser\u00e1 una buena oportunidad para meditar.<\/div>\n<div><\/div>\n<div>El avi\u00f3n mec\u00e1nico es una alegr\u00eda para todos los aficionados a los puzzles, pero tambi\u00e9n para los que han descuidado esta afici\u00f3n con tantas ventajas. Puede hacer las delicias de un ni\u00f1o, de un adulto e incluso de un anciano que estar\u00e1 deseando llamar a sus nietos antes de desentra\u00f1ar las piezas. No s\u00f3lo es apto para los m\u00e1s peque\u00f1os, sino que a partir de los 4 a\u00f1os, ellos tambi\u00e9n podr\u00e1n convertirse en compa\u00f1eros de confianza a la hora de montar el avi\u00f3n.<\/div>\n<div><\/div>\n<div>Y a partir de aqu\u00ed, poco le queda por hacer a un piloto experimentado...<\/div>\n<div><\/div>\n<div><strong>DETALLES DEL PRODUCTO:<\/strong><\/div>\n<div>Dimensiones del modelo: 420*287*154 mm<\/div>\n<div>Dimensiones del paquete: 245*188*38 mm<\/div>\n<div>N\u00famero de piezas: 346<\/div>\n<div>Montaje sin cola.<\/div>","protected":false},"excerpt":{"rendered":"<p>\u00bfEst\u00e1s listo para volar?<br \/>\nEl avi\u00f3n mec\u00e1nico es una alegr\u00eda para todos los aficionados a volar, a los aviones y, sobre todo, a los rompecabezas. \u00bfQuieres tener tu propio avi\u00f3n? Sepa que es m\u00e1s sencillo de lo que imaginaba.<br \/>\nCon 346 piezas de puzzle a bordo, te demuestra que con perseverancia y paciencia se puede llegar a lo m\u00e1s alto. Fabricarlo es un aut\u00e9ntico desaf\u00edo cerebral que sintetizar\u00e1 dopamina y te har\u00e1 disfrutar tanto del proceso como del producto final.<\/p>","protected":false},"featured_media":592,"comment_status":"open","ping_status":"closed","template":"","meta":[],"product_brand":[],"product_cat":[73,88,74,76,89,91],"product_tag":[],"woo-feed-brand":[],"class_list":{"0":"post-588","1":"product","2":"type-product","3":"status-publish","4":"has-post-thumbnail","6":"product_cat-puzzle-3d","7":"product_cat-puzzle-3d-adulti","8":"product_cat-puzzle-3d-in-legno","9":"product_cat-puzzle-3d-per-bambini","10":"product_cat-puzzle-meccanici-3d-in-legno","11":"product_cat-puzzle-meccanici-per-adulti","13":"first","14":"instock","15":"shipping-taxable","16":"purchasable","17":"product-type-simple"},"_links":{"self":[{"href":"https:\/\/puzzle3d.co\/es\/wp-json\/wp\/v2\/product\/588","targetHints":{"allow":["GET"]}}],"collection":[{"href":"https:\/\/puzzle3d.co\/es\/wp-json\/wp\/v2\/product"}],"about":[{"href":"https:\/\/puzzle3d.co\/es\/wp-json\/wp\/v2\/types\/product"}],"replies":[{"embeddable":true,"href":"https:\/\/puzzle3d.co\/es\/wp-json\/wp\/v2\/comments?post=588"}],"wp:featuredmedia":[{"embeddable":true,"href":"https:\/\/puzzle3d.co\/es\/wp-json\/wp\/v2\/media\/592"}],"wp:attachment":[{"href":"https:\/\/puzzle3d.co\/es\/wp-json\/wp\/v2\/media?parent=588"}],"wp:term":[{"taxonomy":"product_brand","embeddable":true,"href":"https:\/\/puzzle3d.co\/es\/wp-json\/wp\/v2\/product_brand?post=588"},{"taxonomy":"product_cat","embeddable":true,"href":"https:\/\/puzzle3d.co\/es\/wp-json\/wp\/v2\/product_cat?post=588"},{"taxonomy":"product_tag","embeddable":true,"href":"https:\/\/puzzle3d.co\/es\/wp-json\/wp\/v2\/product_tag?post=588"},{"taxonomy":"woo-feed-brand","embeddable":true,"href":"https:\/\/puzzle3d.co\/es\/wp-json\/wp\/v2\/woo-feed-brand?post=588"}],"curies":[{"name":"wp","href":"https:\/\/api.w.org\/{rel}","templated":true}]}}