{"id":1466,"date":"2023-03-08T12:47:30","date_gmt":"2023-03-08T12:47:30","guid":{"rendered":"https:\/\/puzzle3d.co\/product\/tractor-puzzle-mecanic-din-lemn-358-piese-copy\/"},"modified":"2026-01-19T10:27:03","modified_gmt":"2026-01-19T10:27:03","slug":"tractor-puzzle-mecanico-de-madera-342-piezas","status":"publish","type":"product","link":"https:\/\/puzzle3d.co\/es\/prodotto\/trattore-puzzle-meccanico-legno-342-pezzi\/","title":{"rendered":"Tractor Mec\u00e1nico de Madera para Construir - 342 Piezas"},"content":{"rendered":"<div>\n<p><strong>Tractor \u2013  Modelo de tractor mec\u00e1nico de madera para construir \u2013 342 piezas<\/strong><\/p>\n<div>\n<div>Es un error pensar que los tractores son s\u00f3lo para ni\u00f1os y hombres.<\/div>\n<div><\/div>\n<div>Despu\u00e9s de montar este modelo, lo percibir\u00e1 como una verdadera obra de arte. Y el material del que est\u00e1n hechas las piezas del puzzle, la madera, te mostrar\u00e1 su verdadero valor.<\/div>\n<div><\/div>\n<div>El motor con la goma el\u00e1stica permite moverlo y abrir las puertas y el cap\u00f3. El tractor luce a\u00fan mejor junto al remolque, que est\u00e1 disponible como modelo aparte.<\/div>\n<div><\/div>\n<div>Se fija f\u00e1cilmente al tractor mediante un gancho y, con la ayuda de una palanca, se abre exactamente igual que un remolque de verdad.<\/div>\n<div><\/div>\n<div>Es un regalo vers\u00e1til que apreciar\u00e1n tanto un ni\u00f1o como un adulto. Este modelo fascinar\u00e1 a todos los amantes de los puzles y las manualidades.<\/div>\n<div><\/div>\n<div>El conjunto es est\u00e9ticamente agradable y puede ser un original objeto decorativo. Llena el remolque de hierba, ramitas, granos de caf\u00e9 o lo que se te ocurra.<\/div>\n<div><\/div>\n<div>A los ni\u00f1os les encantar\u00e1n el tractor y el remolque del popular juego \"La granja\", pero tambi\u00e9n inventar\u00e1n nuevos juegos.<\/div>\n<div>A continuaci\u00f3n, monta, juega, admira y crea recuerdos en torno al tractor y el remolque.<\/div>\n<div><\/div>\n<div><\/div>\n<div><strong>DETALLES DEL PRODUCTO:<\/strong><\/div>\n<div>Dimensiones del modelo: 282*136*175 mm<\/div>\n<div>Dimensiones del embalaje: 375 x 243 x 30 mm<\/div>\n<div>N\u00famero de piezas: 342<\/div>\n<\/div>\n<\/div>","protected":false},"excerpt":{"rendered":"<p>El motor con banda el\u00e1stica permite moverlo, abrir las puertas y el cap\u00f3.<\/p>","protected":false},"featured_media":1469,"comment_status":"open","ping_status":"closed","template":"","meta":[],"product_brand":[],"product_cat":[73,108,88,74,76,89,90,91],"product_tag":[],"woo-feed-brand":[],"class_list":{"0":"post-1466","1":"product","2":"type-product","3":"status-publish","4":"has-post-thumbnail","6":"product_cat-puzzle-3d","7":"product_cat-modellismo-da-costruire-per-adulti","8":"product_cat-puzzle-3d-adulti","9":"product_cat-puzzle-3d-in-legno","10":"product_cat-puzzle-3d-per-bambini","11":"product_cat-puzzle-meccanici-3d-in-legno","12":"product_cat-puzzle-meccanici-per-bambini","13":"product_cat-puzzle-meccanici-per-adulti","15":"first","16":"instock","17":"shipping-taxable","18":"purchasable","19":"product-type-simple"},"_links":{"self":[{"href":"https:\/\/puzzle3d.co\/es\/wp-json\/wp\/v2\/product\/1466","targetHints":{"allow":["GET"]}}],"collection":[{"href":"https:\/\/puzzle3d.co\/es\/wp-json\/wp\/v2\/product"}],"about":[{"href":"https:\/\/puzzle3d.co\/es\/wp-json\/wp\/v2\/types\/product"}],"replies":[{"embeddable":true,"href":"https:\/\/puzzle3d.co\/es\/wp-json\/wp\/v2\/comments?post=1466"}],"wp:featuredmedia":[{"embeddable":true,"href":"https:\/\/puzzle3d.co\/es\/wp-json\/wp\/v2\/media\/1469"}],"wp:attachment":[{"href":"https:\/\/puzzle3d.co\/es\/wp-json\/wp\/v2\/media?parent=1466"}],"wp:term":[{"taxonomy":"product_brand","embeddable":true,"href":"https:\/\/puzzle3d.co\/es\/wp-json\/wp\/v2\/product_brand?post=1466"},{"taxonomy":"product_cat","embeddable":true,"href":"https:\/\/puzzle3d.co\/es\/wp-json\/wp\/v2\/product_cat?post=1466"},{"taxonomy":"product_tag","embeddable":true,"href":"https:\/\/puzzle3d.co\/es\/wp-json\/wp\/v2\/product_tag?post=1466"},{"taxonomy":"woo-feed-brand","embeddable":true,"href":"https:\/\/puzzle3d.co\/es\/wp-json\/wp\/v2\/woo-feed-brand?post=1466"}],"curies":[{"name":"wp","href":"https:\/\/api.w.org\/{rel}","templated":true}]}}