{"id":1454,"date":"2023-03-08T11:51:26","date_gmt":"2023-03-08T11:51:26","guid":{"rendered":"https:\/\/puzzle3d.co\/product\/angrenajul-planetar-puzzle-mecanic-din-lemn-153-piese-copy\/"},"modified":"2026-01-02T05:29:01","modified_gmt":"2026-01-02T05:29:01","slug":"tractor-mecanico-de-madera-puzzle-358-piezas","status":"publish","type":"product","link":"https:\/\/puzzle3d.co\/es\/prodotto\/trattore-puzzle-meccanico-in-legno-358-pezzi\/","title":{"rendered":"Tractor - Puzzle mec\u00e1nico de madera, 358 piezas"},"content":{"rendered":"<div>\n<p><strong>Modelo Tractor - Puzzle mec\u00e1nico de madera, 358 piezas<\/strong><\/p>\n<div><\/div>\n<\/div>\n<div>\n<div>\n<div>Por la ma\u00f1ana temprano, mucho antes del amanecer, el granjero pone en marcha el tractor.<\/div>\n<div><\/div>\n<div>Sabe que el tractor es esencial para su trabajo y para poder mantener su granja y a su familia. Su fuerte sonido despierta a los ni\u00f1os, que siguen so\u00f1ando con conejitos, pero pronto vuelven a dormirse.<\/div>\n<div><\/div>\n<div>Mientras el tractor se aleja en direcci\u00f3n a la granja, el fuerte ruido del motor y las ruedas, mezclado con el olor a gas\u00f3leo, a\u00fan puede o\u00edrse desde la casa.<\/div>\n<div><\/div>\n<div>Al borde de un campo de trigo reci\u00e9n sembrado, la granja cobra vida. Aqu\u00ed el ruido del tractor ya se mezcla con el piar de los p\u00e1jaros y el mensaje de buenos d\u00edas de los queridos animales, creando una armon\u00eda especial.<\/div>\n<div><\/div>\n<div>Despu\u00e9s de dar de comer a los animales, el granjero se desplaza con el tractor detr\u00e1s y vuelve al camino rural. Ahora se dirige a otro campo que ha sembrado con mucho amor. En ese campo crecer\u00e1 ma\u00edz. El granjero est\u00e1 agradecido a su tractor porque puede alimentar a su familia y a los animales de la granja.<\/div>\n<div><\/div>\n<div>As\u00ed pues, el tractor puede considerarse un elemento de la tecnolog\u00eda moderna que interact\u00faa con la naturaleza de forma amistosa, adapt\u00e1ndose a las necesidades del hombre y los animales.<\/div>\n<div><\/div>\n<div>Este maravilloso tractor compuesto por 358 piezas de puzzle de madera har\u00e1 las delicias de todos los amantes de los veh\u00edculos, los puzzles y los aficionados a la vida en el campo.<\/div>\n<div><\/div>\n<div>Los ni\u00f1os lo integrar\u00e1n con gusto en sus juegos de construcci\u00f3n o de granja.<\/div>\n<div><\/div>\n<div>Es como un aut\u00e9ntico tractor en miniatura. A\u00fan m\u00e1s bonito, si nos referimos a la madera con la que est\u00e1 fabricado. El tractor se mueve hacia delante y hacia atr\u00e1s y las ruedas pueden girar de derecha a izquierda. El cap\u00f3 se abre y se pueden ver los cuatro cilindros que transforman la energ\u00eda t\u00e9rmica en energ\u00eda mec\u00e1nica. Las puertas tambi\u00e9n se abren y subir al tractor es m\u00e1s f\u00e1cil gracias a las escaleras. El sal\u00f3n est\u00e1 inspirado en modelos reales, por lo que es imposible no enamorarse de este modelo. El momento culminante ser\u00e1 arrancar el tractor con el motor de goma. Pon un chocolate gourmet en el sal\u00f3n y env\u00edaselo a un ser querido a trav\u00e9s del veh\u00edculo.<\/div>\n<div><\/div>\n<div>Es un bonito objeto decorativo para la habitaci\u00f3n de los ni\u00f1os, pero tambi\u00e9n para el sal\u00f3n o el despacho. Llamar\u00e1 la atenci\u00f3n y no durar\u00e1 mucho tiempo sin encenderse.<\/div>\n<div><\/div>\n<div>Ens\u00e1mblelo con su hijo, su familia o sus amigos para disfrutar de una experiencia a\u00fan mejor.<\/div>\n<div><\/div>\n<div><strong>DETALLES DEL PRODUCTO:<\/strong><\/div>\n<div>Dimensiones del modelo: 315*173*207 mm<\/div>\n<div>Dimensiones del embalaje: 375 x 243 x 43 mm<\/div>\n<div><strong>N\u00famero de piezas: 358<\/strong><\/div>\n<\/div>\n<div><\/div>\n<\/div>","protected":false},"excerpt":{"rendered":"<p>Es como un aut\u00e9ntico tractor en miniatura. A\u00fan m\u00e1s hermoso, si nos referimos a la madera de la que est\u00e1 hecho.<\/p>","protected":false},"featured_media":1457,"comment_status":"open","ping_status":"closed","template":"","meta":[],"product_brand":[],"product_cat":[73,88,74,76,89,90,91],"product_tag":[],"woo-feed-brand":[],"class_list":{"0":"post-1454","1":"product","2":"type-product","3":"status-publish","4":"has-post-thumbnail","6":"product_cat-puzzle-3d","7":"product_cat-puzzle-3d-adulti","8":"product_cat-puzzle-3d-in-legno","9":"product_cat-puzzle-3d-per-bambini","10":"product_cat-puzzle-meccanici-3d-in-legno","11":"product_cat-puzzle-meccanici-per-bambini","12":"product_cat-puzzle-meccanici-per-adulti","14":"first","15":"instock","16":"shipping-taxable","17":"purchasable","18":"product-type-simple"},"_links":{"self":[{"href":"https:\/\/puzzle3d.co\/es\/wp-json\/wp\/v2\/product\/1454","targetHints":{"allow":["GET"]}}],"collection":[{"href":"https:\/\/puzzle3d.co\/es\/wp-json\/wp\/v2\/product"}],"about":[{"href":"https:\/\/puzzle3d.co\/es\/wp-json\/wp\/v2\/types\/product"}],"replies":[{"embeddable":true,"href":"https:\/\/puzzle3d.co\/es\/wp-json\/wp\/v2\/comments?post=1454"}],"wp:featuredmedia":[{"embeddable":true,"href":"https:\/\/puzzle3d.co\/es\/wp-json\/wp\/v2\/media\/1457"}],"wp:attachment":[{"href":"https:\/\/puzzle3d.co\/es\/wp-json\/wp\/v2\/media?parent=1454"}],"wp:term":[{"taxonomy":"product_brand","embeddable":true,"href":"https:\/\/puzzle3d.co\/es\/wp-json\/wp\/v2\/product_brand?post=1454"},{"taxonomy":"product_cat","embeddable":true,"href":"https:\/\/puzzle3d.co\/es\/wp-json\/wp\/v2\/product_cat?post=1454"},{"taxonomy":"product_tag","embeddable":true,"href":"https:\/\/puzzle3d.co\/es\/wp-json\/wp\/v2\/product_tag?post=1454"},{"taxonomy":"woo-feed-brand","embeddable":true,"href":"https:\/\/puzzle3d.co\/es\/wp-json\/wp\/v2\/woo-feed-brand?post=1454"}],"curies":[{"name":"wp","href":"https:\/\/api.w.org\/{rel}","templated":true}]}}