{"id":1441,"date":"2023-03-08T11:10:44","date_gmt":"2023-03-08T11:10:44","guid":{"rendered":"https:\/\/puzzle3d.co\/product\/triceratops-puzzle-mecanic-din-lemn-283-piese-copy\/"},"modified":"2026-01-19T16:26:02","modified_gmt":"2026-01-19T16:26:02","slug":"engranaje-planetario-puzzle-mecanico-madera-153-piezas","status":"publish","type":"product","link":"https:\/\/puzzle3d.co\/es\/prodotto\/ingranaggio-planetario-puzzle-meccanico-legno-153-pezzi\/","title":{"rendered":"Rompecabezas mec\u00e1nico de madera con engranaje planetario, 153 piezas"},"content":{"rendered":"<div>\n<p>Rompecabezas mec\u00e1nico de madera con engranaje planetario, 153 piezas<\/p>\n<div>\n<div>\u00bfC\u00f3mo entender m\u00e1s f\u00e1cilmente los aspectos dif\u00edciles de la geometr\u00eda y la f\u00edsica?<\/div>\n<div><\/div>\n<div>\u00bfY la relaci\u00f3n espacial entre los objetos?<\/div>\n<div><\/div>\n<div>S\u00e9 que parece complicado, pero con los engranajes planetarios se convierte en algo sencillo y divertido.<\/div>\n<div><\/div>\n<div>El aparato viene con instrucciones claras y 153 piezas de madera de diferentes formas y tama\u00f1os. Montarlo te resultar\u00e1 fascinante y, a medida que el modelo \"cobre vida\", esperar\u00e1s con impaciencia el momento de poner en marcha el motor de goma.<\/div>\n<div><\/div>\n<div>Adem\u00e1s, los engranajes pueden ser una forma de aprender sobre m\u00e1quinas y dispositivos mec\u00e1nicos que funcionan sobre la base de una serie de engranajes que giran alrededor de una gran rueda central.<\/div>\n<div><\/div>\n<div>Ni se imagina con qu\u00e9 frecuencia interact\u00faa con un engranaje en su vida cotidiana:<\/div>\n<div><\/div>\n<ul>\n<li>La caja de cambios cambia en funci\u00f3n de la marcha;<\/li>\n<li>Bas\u00e1ndose en \u00e9l, la potencia se transmite de los pedales a las ruedas al pedalear;<\/li>\n<li>Varias m\u00e1quinas industriales arrancan motores, bombas y compresores con este mecanismo;<\/li>\n<li>Las m\u00e1quinas agr\u00edcolas y de construcci\u00f3n, como bulldozers, excavadoras, cosechadoras, tractores y sembradoras, no podr\u00edan funcionar sin herramientas.<\/li>\n<\/ul>\n<div><\/div>\n<div>Curiosamente, los engranajes de madera, utilizados para la transmisi\u00f3n de potencia en bombas de agua y metalurgia, datan del a\u00f1o 3000 a.C.<\/div>\n<div><\/div>\n<div>Uno de los primeros cient\u00edficos que empez\u00f3 a estudiar y comprender el funcionamiento de los engranajes fue Leonardo da Vinci en el siglo XV. Desarroll\u00f3 distintos tipos de engranajes y se dio cuenta de que funcionaban mucho m\u00e1s eficazmente cuando estaban formados por varios dientes.<\/div>\n<div><\/div>\n<div>Puzzle 3Dobserv\u00f3, sin embargo, que en equipos con personas queridas, el equipo se monta de forma m\u00e1s eficaz e interesante: \u00a1donde hay muchos, la potencia aumenta!<\/div>\n<div><\/div>\n<div>Es un regalo perfecto para escolares, pero tambi\u00e9n para adultos, especialmente profesores. Sobre todo si a la persona le apasionan la ingenier\u00eda, la f\u00edsica, las matem\u00e1ticas o simplemente los rompecabezas.<\/div>\n<div><\/div>\n<div>Tras el montaje, podr\u00e1 disfrutar de una bonita pieza de decoraci\u00f3n para su hogar u oficina que llamar\u00e1 la atenci\u00f3n.<\/div>\n<div><\/div>\n<div><\/div>\n<div>DETALLES DEL PRODUCTO:<\/div>\n<div>Dimensiones del modelo: 247*118*204 mm<\/div>\n<div>Dimensiones del paquete: 245*188*30 mm<\/div>\n<div>N\u00famero de piezas: 153<\/div>\n<\/div>\n<\/div>\n<div>\n<div><\/div>\n<\/div>","protected":false},"excerpt":{"rendered":"<div>El aparato viene con instrucciones claras y 153 piezas de madera de diferentes formas y tama\u00f1os. Montarlo te resultar\u00e1 fascinante y, a medida que el modelo \"cobre vida\", esperar\u00e1s con impaciencia el momento de poner en marcha el motor de goma.<\/div>\n<p>&nbsp;<\/p>","protected":false},"featured_media":1447,"comment_status":"open","ping_status":"closed","template":"","meta":[],"product_brand":[],"product_cat":[73,88,74,76,89,90,91],"product_tag":[],"woo-feed-brand":[],"class_list":{"0":"post-1441","1":"product","2":"type-product","3":"status-publish","4":"has-post-thumbnail","6":"product_cat-puzzle-3d","7":"product_cat-puzzle-3d-adulti","8":"product_cat-puzzle-3d-in-legno","9":"product_cat-puzzle-3d-per-bambini","10":"product_cat-puzzle-meccanici-3d-in-legno","11":"product_cat-puzzle-meccanici-per-bambini","12":"product_cat-puzzle-meccanici-per-adulti","14":"first","15":"instock","16":"shipping-taxable","17":"purchasable","18":"product-type-simple"},"_links":{"self":[{"href":"https:\/\/puzzle3d.co\/es\/wp-json\/wp\/v2\/product\/1441","targetHints":{"allow":["GET"]}}],"collection":[{"href":"https:\/\/puzzle3d.co\/es\/wp-json\/wp\/v2\/product"}],"about":[{"href":"https:\/\/puzzle3d.co\/es\/wp-json\/wp\/v2\/types\/product"}],"replies":[{"embeddable":true,"href":"https:\/\/puzzle3d.co\/es\/wp-json\/wp\/v2\/comments?post=1441"}],"wp:featuredmedia":[{"embeddable":true,"href":"https:\/\/puzzle3d.co\/es\/wp-json\/wp\/v2\/media\/1447"}],"wp:attachment":[{"href":"https:\/\/puzzle3d.co\/es\/wp-json\/wp\/v2\/media?parent=1441"}],"wp:term":[{"taxonomy":"product_brand","embeddable":true,"href":"https:\/\/puzzle3d.co\/es\/wp-json\/wp\/v2\/product_brand?post=1441"},{"taxonomy":"product_cat","embeddable":true,"href":"https:\/\/puzzle3d.co\/es\/wp-json\/wp\/v2\/product_cat?post=1441"},{"taxonomy":"product_tag","embeddable":true,"href":"https:\/\/puzzle3d.co\/es\/wp-json\/wp\/v2\/product_tag?post=1441"},{"taxonomy":"woo-feed-brand","embeddable":true,"href":"https:\/\/puzzle3d.co\/es\/wp-json\/wp\/v2\/woo-feed-brand?post=1441"}],"curies":[{"name":"wp","href":"https:\/\/api.w.org\/{rel}","templated":true}]}}