{"id":1431,"date":"2023-03-08T10:39:32","date_gmt":"2023-03-08T10:39:32","guid":{"rendered":"https:\/\/puzzle3d.co\/product\/pasare-puzzle-3d-mecanic-copy\/"},"modified":"2026-01-02T05:29:01","modified_gmt":"2026-01-02T05:29:01","slug":"puzzle-mecanico-de-madera-triceratops","status":"publish","type":"product","link":"https:\/\/puzzle3d.co\/es\/prodotto\/triceratopo-puzzle-meccanico-in-legno\/","title":{"rendered":"Modelo mec\u00e1nico de madera del dinosaurio Triceratops - 283 piezas"},"content":{"rendered":"<div>\n<p><strong>Modelo mec\u00e1nico de madera del dinosaurio Triceratops<\/strong> \u2013 <strong>283 piezas<\/strong><\/p>\n<div><\/div>\n<\/div>\n<div>\n<div>\n<div>Hace unos 65-68 millones de a\u00f1os, una especie de dinosaurio herb\u00edvoro con tres cuernos en la cara -el triceratops- a\u00fan viv\u00eda en el continente norteamericano.<\/div>\n<div><\/div>\n<div>La causa de la extinci\u00f3n de los dinosaurios se estudia desde hace m\u00e1s de 100 a\u00f1os. S\u00f3lo existen hip\u00f3tesis como infecciones \u00f3seas, problemas gen\u00e9ticos, el asteroide que impact\u00f3 contra la Tierra hace 65 millones de a\u00f1os o la erupci\u00f3n volc\u00e1nica masiva.<\/div>\n<div><\/div>\n<div>Incluso hoy en d\u00eda, los dinosaurios siguen interesando tanto a ni\u00f1os como a adultos.<\/div>\n<div>Ahora tienes la oportunidad de montar uno t\u00fa mismo y ponerlo en marcha.<\/div>\n<div><\/div>\n<div>Tu amigo prehist\u00f3rico puede mover la cabeza, la cola y las patas.<\/div>\n<div><\/div>\n<div>Los dise\u00f1adores estudiaron cuidadosamente la anatom\u00eda y se aseguraron de construirlo de modo que todas las articulaciones y movimientos se parecieran a los del triceratops real.<\/div>\n<div><\/div>\n<div><\/div>\n<div><strong>DETALLES DEL PRODUCTO:<\/strong><\/div>\n<div>Dimensiones del modelo: 320*160*105 mm<\/div>\n<div>Dimensiones del paquete: 245*188*33 mm<\/div>\n<div>N\u00famero de piezas: 283<\/div>\n<\/div>\n<div><\/div>\n<\/div>","protected":false},"excerpt":{"rendered":"<div>Incluso hoy en d\u00eda, los dinosaurios siguen interesando tanto a ni\u00f1os como a adultos.<br \/>\nAhora tienes la oportunidad de montar uno t\u00fa mismo y ponerlo en marcha.<\/div>\n<p>&nbsp;<\/p>","protected":false},"featured_media":1437,"comment_status":"open","ping_status":"closed","template":"","meta":[],"product_brand":[],"product_cat":[73,88,74,76,89,90,91],"product_tag":[],"woo-feed-brand":[],"class_list":{"0":"post-1431","1":"product","2":"type-product","3":"status-publish","4":"has-post-thumbnail","6":"product_cat-puzzle-3d","7":"product_cat-puzzle-3d-adulti","8":"product_cat-puzzle-3d-in-legno","9":"product_cat-puzzle-3d-per-bambini","10":"product_cat-puzzle-meccanici-3d-in-legno","11":"product_cat-puzzle-meccanici-per-bambini","12":"product_cat-puzzle-meccanici-per-adulti","14":"first","15":"outofstock","16":"shipping-taxable","17":"purchasable","18":"product-type-simple"},"_links":{"self":[{"href":"https:\/\/puzzle3d.co\/es\/wp-json\/wp\/v2\/product\/1431","targetHints":{"allow":["GET"]}}],"collection":[{"href":"https:\/\/puzzle3d.co\/es\/wp-json\/wp\/v2\/product"}],"about":[{"href":"https:\/\/puzzle3d.co\/es\/wp-json\/wp\/v2\/types\/product"}],"replies":[{"embeddable":true,"href":"https:\/\/puzzle3d.co\/es\/wp-json\/wp\/v2\/comments?post=1431"}],"wp:featuredmedia":[{"embeddable":true,"href":"https:\/\/puzzle3d.co\/es\/wp-json\/wp\/v2\/media\/1437"}],"wp:attachment":[{"href":"https:\/\/puzzle3d.co\/es\/wp-json\/wp\/v2\/media?parent=1431"}],"wp:term":[{"taxonomy":"product_brand","embeddable":true,"href":"https:\/\/puzzle3d.co\/es\/wp-json\/wp\/v2\/product_brand?post=1431"},{"taxonomy":"product_cat","embeddable":true,"href":"https:\/\/puzzle3d.co\/es\/wp-json\/wp\/v2\/product_cat?post=1431"},{"taxonomy":"product_tag","embeddable":true,"href":"https:\/\/puzzle3d.co\/es\/wp-json\/wp\/v2\/product_tag?post=1431"},{"taxonomy":"woo-feed-brand","embeddable":true,"href":"https:\/\/puzzle3d.co\/es\/wp-json\/wp\/v2\/woo-feed-brand?post=1431"}],"curies":[{"name":"wp","href":"https:\/\/api.w.org\/{rel}","templated":true}]}}