{"id":1423,"date":"2023-03-08T09:40:19","date_gmt":"2023-03-08T09:40:19","guid":{"rendered":"https:\/\/puzzle3d.co\/product\/retro-car-puzzle-3d-mecanic-copy\/"},"modified":"2026-01-02T05:29:01","modified_gmt":"2026-01-02T05:29:01","slug":"puzzle-pajaro-mecanico-de-madera","status":"publish","type":"product","link":"https:\/\/puzzle3d.co\/es\/prodotto\/uccello-puzzle-meccanico-in-legno\/","title":{"rendered":"Caja de palillos de madera Bird - 37 piezas"},"content":{"rendered":"<p><strong>P\u00e1jaro - Caja de madera para palillos - 37 piezas<\/strong><\/p>\n<div>\n<div>Los peque\u00f1os detalles marcan una gran diferencia.<\/div>\n<div><\/div>\n<div>\u00bfPor qu\u00e9 nos gusta elegir los recipientes para t\u00e9 y caf\u00e9 m\u00e1s bonitos?<\/div>\n<div>Porque deleita nuestros ojos y nuestra alma. Apuesta por la originalidad en la cocina y en tu mesa con una caja especial para palillos, decorada con un p\u00e1jaro. Tambi\u00e9n puedes guardar otros objetos peque\u00f1os, como anillos, monedas o notas de amor.<\/div>\n<div><\/div>\n<div>Puedes dejarlo del color de la madera o pintarlo a juego con la decoraci\u00f3n de tu casa. Puedes colocarlo en la terraza en primavera.<\/div>\n<div>S\u00ed, no se puede hacer primavera con un solo p\u00e1jaro, pero con este maravilloso puzzle puedes crear un hermoso objeto que te har\u00e1 sentir la primavera cada vez que lo admires. Probablemente sea el regalo m\u00e1s adecuado para todas las madres y abuelas cuyos hijos hayan crecido y volado del nido...<\/div>\n<div><\/div>\n<div><strong>DETALLES DEL PRODUCTO:<\/strong><\/div>\n<div>Dimensiones del modelo: 125*80*140 mm<\/div>\n<div>Dimensiones del embalaje: 190 x 123 x 19 mm<\/div>\n<div>N\u00famero de piezas: 38<\/div>\n<\/div>","protected":false},"excerpt":{"rendered":"<div>Apueste por la originalidad en la cocina y en su mesa con una caja especial para palillos, decorada con un p\u00e1jaro.<\/div>\n<p>&nbsp;<\/p>","protected":false},"featured_media":1427,"comment_status":"open","ping_status":"closed","template":"","meta":{"slim_seo":{"title":"\ud83d\udc26Caja de palillos de madera - 37 piezas","description":"Apueste por la originalidad en la cocina y en su mesa con una caja especial para palillos, decorada con un p\u00e1jaro."}},"product_brand":[],"product_cat":[89,91,90,73,88,74,76],"product_tag":[],"woo-feed-brand":[],"class_list":{"0":"post-1423","1":"product","2":"type-product","3":"status-publish","4":"has-post-thumbnail","6":"product_cat-puzzle-meccanici-3d-in-legno","7":"product_cat-puzzle-meccanici-per-adulti","8":"product_cat-puzzle-meccanici-per-bambini","9":"product_cat-puzzle-3d","10":"product_cat-puzzle-3d-adulti","11":"product_cat-puzzle-3d-in-legno","12":"product_cat-puzzle-3d-per-bambini","14":"first","15":"instock","16":"shipping-taxable","17":"purchasable","18":"product-type-simple"},"_links":{"self":[{"href":"https:\/\/puzzle3d.co\/es\/wp-json\/wp\/v2\/product\/1423","targetHints":{"allow":["GET"]}}],"collection":[{"href":"https:\/\/puzzle3d.co\/es\/wp-json\/wp\/v2\/product"}],"about":[{"href":"https:\/\/puzzle3d.co\/es\/wp-json\/wp\/v2\/types\/product"}],"replies":[{"embeddable":true,"href":"https:\/\/puzzle3d.co\/es\/wp-json\/wp\/v2\/comments?post=1423"}],"wp:featuredmedia":[{"embeddable":true,"href":"https:\/\/puzzle3d.co\/es\/wp-json\/wp\/v2\/media\/1427"}],"wp:attachment":[{"href":"https:\/\/puzzle3d.co\/es\/wp-json\/wp\/v2\/media?parent=1423"}],"wp:term":[{"taxonomy":"product_brand","embeddable":true,"href":"https:\/\/puzzle3d.co\/es\/wp-json\/wp\/v2\/product_brand?post=1423"},{"taxonomy":"product_cat","embeddable":true,"href":"https:\/\/puzzle3d.co\/es\/wp-json\/wp\/v2\/product_cat?post=1423"},{"taxonomy":"product_tag","embeddable":true,"href":"https:\/\/puzzle3d.co\/es\/wp-json\/wp\/v2\/product_tag?post=1423"},{"taxonomy":"woo-feed-brand","embeddable":true,"href":"https:\/\/puzzle3d.co\/es\/wp-json\/wp\/v2\/woo-feed-brand?post=1423"}],"curies":[{"name":"wp","href":"https:\/\/api.w.org\/{rel}","templated":true}]}}