{"id":1184,"date":"2023-02-06T10:42:01","date_gmt":"2023-02-06T10:42:01","guid":{"rendered":"https:\/\/puzzle3d.co\/product\/locomotiva-puzzle-3d-mecanic-copy\/"},"modified":"2026-03-27T20:03:28","modified_gmt":"2026-03-27T20:03:28","slug":"modelismo-coche-retro-mecanico","status":"publish","type":"product","link":"https:\/\/puzzle3d.co\/es\/prodotto\/modellismo-auto-retro-meccanico\/","title":{"rendered":"Modelismo Auto retro mec\u00e1nico de madera, 315 piezas"},"content":{"rendered":"<div>\n<p><strong>Modelismo Auto retro mec\u00e1nico de madera, 315 piezas<\/strong><\/p>\n<div>Aunque vivimos en la era de la velocidad, en la que cada vez se buscan m\u00e1s coches potentes, seguro que nadie rechazar\u00eda un viaje en un coche retro.<\/div>\n<\/div>\n<div>\n<div>\n<div><\/div>\n<div>\u00bfQu\u00e9 le llama la atenci\u00f3n cuando tiene la oportunidad de admirar una exposici\u00f3n de coches retro?<\/div>\n<div><\/div>\n<div>Los detalles sofisticados, la elegante incorporaci\u00f3n, las caracter\u00edsticas que no se encuentran en los modelos actuales, todo esto hace que uno se fije un poco m\u00e1s en un coche cl\u00e1sico.<\/div>\n<div><\/div>\n<div>Adorado por ni\u00f1os, adultos y ancianos, el coche retro sigue siendo un s\u00edmbolo universal de la historia y la belleza del autom\u00f3vil, que atraviesa generaciones y es cada vez m\u00e1s popular.<\/div>\n<div><\/div>\n<div>Le invitamos a un viaje al pasado con un modelo de \u00e9poca absolutamente impresionante.<\/div>\n<div><\/div>\n<div>Ni siquiera s\u00e9 qu\u00e9 te entusiasmar\u00e1 m\u00e1s: el montaje de las m\u00e1s de 300 piezas del puzzle, que te llevar\u00e1 casi 8 horas, o el producto final, que te \"encandilar\u00e1\" como un buen vino. Ser\u00e1 una experiencia inolvidable.<\/div>\n<div><\/div>\n<div>El mecanismo de arranque est\u00e1 enigm\u00e1ticamente oculto en la rueda de repuesto lateral. Abra las puertas de par en par y si\u00e9ntese c\u00f3modamente. Gire el volante hacia la derecha y las ruedas girar\u00e1n en la misma direcci\u00f3n. A\u00fan tiene un asiento libre a su lado, \u00bfqui\u00e9n le acompa\u00f1ar\u00e1 en un viaje hist\u00f3rico?<\/div>\n<div><\/div>\n<div><\/div>\n<div>El coche retro es un gran regalo para todos los aficionados a los coches, la historia, los viajes, los coleccionistas y los mejores amigos, independientemente de su edad.<\/div>\n<div><\/div>\n<div>La madera de la que est\u00e1 hecho el coche le da un toque de lujo y durabilidad. Podemos decir sinceramente que es una inversi\u00f3n en un objeto querido para el alma.<\/div>\n<div><\/div>\n<div>Compre ahora un coche cl\u00e1sico personal, m\u00f3ntelo con sus propias manos y ser\u00e1 cada vez m\u00e1s valioso con el paso del tiempo.<\/div>\n<div><\/div>\n<div><\/div>\n<div><strong>DETALLES DEL PRODUCTO:<\/strong><\/div>\n<div>Dimensiones del modelo: 300*170*155 mm<\/div>\n<div>Dimensiones del paquete: 374*243*28 mm<\/div>\n<div>N\u00famero de piezas: 315<\/div>\n<\/div>\n<div><\/div>\n<\/div>","protected":false},"excerpt":{"rendered":"<div>Adorado por ni\u00f1os, adultos y ancianos, el coche retro sigue siendo un s\u00edmbolo universal de la historia y la belleza del autom\u00f3vil, que atraviesa generaciones y es cada vez m\u00e1s popular.<\/div>","protected":false},"featured_media":1187,"comment_status":"open","ping_status":"closed","template":"","meta":[],"product_brand":[],"product_cat":[73,88,74,76,89,90,91],"product_tag":[],"woo-feed-brand":[],"class_list":{"0":"post-1184","1":"product","2":"type-product","3":"status-publish","4":"has-post-thumbnail","6":"product_cat-puzzle-3d","7":"product_cat-puzzle-3d-adulti","8":"product_cat-puzzle-3d-in-legno","9":"product_cat-puzzle-3d-per-bambini","10":"product_cat-puzzle-meccanici-3d-in-legno","11":"product_cat-puzzle-meccanici-per-bambini","12":"product_cat-puzzle-meccanici-per-adulti","14":"first","15":"instock","16":"shipping-taxable","17":"purchasable","18":"product-type-simple"},"_links":{"self":[{"href":"https:\/\/puzzle3d.co\/es\/wp-json\/wp\/v2\/product\/1184","targetHints":{"allow":["GET"]}}],"collection":[{"href":"https:\/\/puzzle3d.co\/es\/wp-json\/wp\/v2\/product"}],"about":[{"href":"https:\/\/puzzle3d.co\/es\/wp-json\/wp\/v2\/types\/product"}],"replies":[{"embeddable":true,"href":"https:\/\/puzzle3d.co\/es\/wp-json\/wp\/v2\/comments?post=1184"}],"wp:featuredmedia":[{"embeddable":true,"href":"https:\/\/puzzle3d.co\/es\/wp-json\/wp\/v2\/media\/1187"}],"wp:attachment":[{"href":"https:\/\/puzzle3d.co\/es\/wp-json\/wp\/v2\/media?parent=1184"}],"wp:term":[{"taxonomy":"product_brand","embeddable":true,"href":"https:\/\/puzzle3d.co\/es\/wp-json\/wp\/v2\/product_brand?post=1184"},{"taxonomy":"product_cat","embeddable":true,"href":"https:\/\/puzzle3d.co\/es\/wp-json\/wp\/v2\/product_cat?post=1184"},{"taxonomy":"product_tag","embeddable":true,"href":"https:\/\/puzzle3d.co\/es\/wp-json\/wp\/v2\/product_tag?post=1184"},{"taxonomy":"woo-feed-brand","embeddable":true,"href":"https:\/\/puzzle3d.co\/es\/wp-json\/wp\/v2\/woo-feed-brand?post=1184"}],"curies":[{"name":"wp","href":"https:\/\/api.w.org\/{rel}","templated":true}]}}