{"id":1177,"date":"2023-02-06T10:20:19","date_gmt":"2023-02-06T10:20:19","guid":{"rendered":"https:\/\/puzzle3d.co\/product\/gramophone-puzzle-3d-copy\/"},"modified":"2026-01-02T05:29:01","modified_gmt":"2026-01-02T05:29:01","slug":"locomotora-de-vapor-rompecabezas-mecanico","status":"publish","type":"product","link":"https:\/\/puzzle3d.co\/es\/prodotto\/locomotiva-a-vapore-puzzle-meccanico\/","title":{"rendered":"Modelo de tren mec\u00e1nico de madera, 325 piezas"},"content":{"rendered":"<div>\n<p><strong>Modelo de tren mec\u00e1nico de madera, 325 piezas - Locomotora de vapor<\/strong><\/p>\n<div>La primera locomotora del mundo fue inventada en Inglaterra por George Stephenson y su hijo Robert en 1804.<\/div>\n<\/div>\n<div>\n<div>\n<div><\/div>\n<div>La poblaci\u00f3n de Inglaterra crec\u00eda, cada vez hab\u00eda m\u00e1s f\u00e1bricas y se necesitaba un medio para transportar personas y mercanc\u00edas a grandes distancias.<\/div>\n<div><\/div>\n<div>Se llamaba \"locomotora de vapor\" y su velocidad m\u00e1xima era de 16 km\/h.<\/div>\n<div><\/div>\n<div>Es curioso que se vieran obstaculizados por agricultores hostiles que utilizaban caballos para la tracci\u00f3n y estaban descontentos porque la industria ferroviaria estaba provocando el hundimiento del mercado de la avena.<\/div>\n<div><\/div>\n<div>Interesante, \u00bfverdad?<\/div>\n<div><\/div>\n<div>Ahora puedes montar la primera locomotora con motor de goma sin una sola gota de pegamento. Las piezas de madera natural le dan un toque vintage y un aspecto sofisticado.<\/div>\n<div><\/div>\n<div>Regalo para toda la familia<\/div>\n<div><\/div>\n<div>Monta la locomotora mec\u00e1nica junto a un ser querido, como debe ser un viaje. A continuaci\u00f3n, coloca el veh\u00edculo sobre s\u00ed mismo y \u00a1en marcha!<\/div>\n<div>\u00bfQu\u00e9 le gustar\u00eda poner en el vag\u00f3n? Ah\u00ed hay sitio suficiente... (para un anillo, un billete o una llave).<\/div>\n<div><\/div>\n<div>Al final del viaje, coloca esta maravillosa locomotora en un lugar visible de tu casa.<\/div>\n<div><\/div>\n<div>Es un regalo perfecto para todos los amantes de los viajes, los entusiastas de la mec\u00e1nica y los ni\u00f1os de hasta 99 a\u00f1os.<\/div>\n<div><\/div>\n<div>Ahora que tienes tu propia locomotora personal, \u00a1disfruta de viajes rom\u00e1nticos tan a menudo como puedas!<\/div>\n<div><\/div>\n<div><\/div>\n<div><\/div>\n<div><strong>DETALLES DEL PRODUCTO:<\/strong><\/div>\n<div>Dimensiones del modelo: 400*103*178 mm<\/div>\n<div>Dimensiones del paquete: 245*188*30 mm<\/div>\n<div><strong>N\u00famero de piezas: 325<\/strong><\/div>\n<\/div>\n<div><\/div>\n<\/div>","protected":false},"excerpt":{"rendered":"<div>Es un regalo perfecto para todos los amantes de los viajes, los entusiastas de la mec\u00e1nica y los ni\u00f1os de hasta 99 a\u00f1os.<\/div>\n<p>&nbsp;<\/p>","protected":false},"featured_media":1180,"comment_status":"open","ping_status":"closed","template":"","meta":{"slim_seo":{"title":"\ud83d\ude82 Modelo de tren mec\u00e1nico de madera 325 piezas. Locomotora","description":"Modelo de tren mec\u00e1nico de madera, 325 piezas. Locomotora mec\u00e1nica junto a un ser querido, como debe ser un viaje."}},"product_brand":[],"product_cat":[108,89,91,90,73,88,74,76],"product_tag":[],"woo-feed-brand":[],"class_list":{"0":"post-1177","1":"product","2":"type-product","3":"status-publish","4":"has-post-thumbnail","6":"product_cat-modellismo-da-costruire-per-adulti","7":"product_cat-puzzle-meccanici-3d-in-legno","8":"product_cat-puzzle-meccanici-per-adulti","9":"product_cat-puzzle-meccanici-per-bambini","10":"product_cat-puzzle-3d","11":"product_cat-puzzle-3d-adulti","12":"product_cat-puzzle-3d-in-legno","13":"product_cat-puzzle-3d-per-bambini","15":"first","16":"instock","17":"shipping-taxable","18":"purchasable","19":"product-type-simple"},"_links":{"self":[{"href":"https:\/\/puzzle3d.co\/es\/wp-json\/wp\/v2\/product\/1177","targetHints":{"allow":["GET"]}}],"collection":[{"href":"https:\/\/puzzle3d.co\/es\/wp-json\/wp\/v2\/product"}],"about":[{"href":"https:\/\/puzzle3d.co\/es\/wp-json\/wp\/v2\/types\/product"}],"replies":[{"embeddable":true,"href":"https:\/\/puzzle3d.co\/es\/wp-json\/wp\/v2\/comments?post=1177"}],"wp:featuredmedia":[{"embeddable":true,"href":"https:\/\/puzzle3d.co\/es\/wp-json\/wp\/v2\/media\/1180"}],"wp:attachment":[{"href":"https:\/\/puzzle3d.co\/es\/wp-json\/wp\/v2\/media?parent=1177"}],"wp:term":[{"taxonomy":"product_brand","embeddable":true,"href":"https:\/\/puzzle3d.co\/es\/wp-json\/wp\/v2\/product_brand?post=1177"},{"taxonomy":"product_cat","embeddable":true,"href":"https:\/\/puzzle3d.co\/es\/wp-json\/wp\/v2\/product_cat?post=1177"},{"taxonomy":"product_tag","embeddable":true,"href":"https:\/\/puzzle3d.co\/es\/wp-json\/wp\/v2\/product_tag?post=1177"},{"taxonomy":"woo-feed-brand","embeddable":true,"href":"https:\/\/puzzle3d.co\/es\/wp-json\/wp\/v2\/woo-feed-brand?post=1177"}],"curies":[{"name":"wp","href":"https:\/\/api.w.org\/{rel}","templated":true}]}}