{"id":1139,"date":"2023-02-03T13:44:29","date_gmt":"2023-02-03T13:44:29","guid":{"rendered":"https:\/\/puzzle3d.co\/product\/moara-de-vant-puzzle-3d-mecanic-copy\/"},"modified":"2026-01-02T05:29:02","modified_gmt":"2026-01-02T05:29:02","slug":"casa-de-madera-negra-para-gatos","status":"publish","type":"product","link":"https:\/\/puzzle3d.co\/es\/prodotto\/casetta-per-gatti-in-legno-nero\/","title":{"rendered":"Casa de madera para gatos de 152 piezas"},"content":{"rendered":"<p><strong>Casa de madera para gatos de 152 piezas en diferentes colores<\/strong><\/p>\n<div>\n<div>Cuando sue\u00f1an, los gatos sacuden las patas, ronronean y sonr\u00eden. Despu\u00e9s de un sue\u00f1o agradable, est\u00e1n de un humor extraordinario: ofrecen a su due\u00f1o mucho afecto y caricias.<\/div>\n<div><\/div>\n<div>Sabemos lo mucho que te importa tu querida mascota. Por eso, las piezas de madera natural est\u00e1n cortadas y ensambladas de forma tan ideal que no se necesita ni una gota de pegamento. S\u00f3lo una suave manta.<\/div>\n<div><\/div>\n<div>La casita de madera es como una declaraci\u00f3n de amor al gato. Qui\u00e9rela tanto como ella te quiere a ti.<\/div>\n<div><\/div>\n<div>Casa de madera para gatos con piel. Se suministra en 4 opciones de color:<\/div>\n<\/div>\n<ul>\n<li>casita negra con pelaje blanco<\/li>\n<li>casa blanca con pelo negro<\/li>\n<li>casa blanca con piel rosa<\/li>\n<li>casa de madera con piel blanca.<\/li>\n<\/ul>\n<div>\n<div><\/div>\n<div><strong>DETALLES DEL PRODUCTO:<\/strong><\/div>\n<div><\/div>\n<div>Dimensiones del modelo: 480*362*456 mm<\/div>\n<div>Dimensiones del paquete: 580*380*40 mm<\/div>\n<div>N\u00famero de piezas: 152<\/div>\n<\/div>\n<div><\/div>","protected":false},"excerpt":{"rendered":"<div><\/div>\n<p>&nbsp;<\/p>","protected":false},"featured_media":2672,"comment_status":"open","ping_status":"closed","template":"","meta":[],"product_brand":[],"product_cat":[99],"product_tag":[],"woo-feed-brand":[],"class_list":{"0":"post-1139","1":"product","2":"type-product","3":"status-publish","4":"has-post-thumbnail","6":"product_cat-casette-per-gatti-da-interno","8":"first","9":"instock","10":"shipping-taxable","11":"purchasable","12":"product-type-variable"},"_links":{"self":[{"href":"https:\/\/puzzle3d.co\/es\/wp-json\/wp\/v2\/product\/1139","targetHints":{"allow":["GET"]}}],"collection":[{"href":"https:\/\/puzzle3d.co\/es\/wp-json\/wp\/v2\/product"}],"about":[{"href":"https:\/\/puzzle3d.co\/es\/wp-json\/wp\/v2\/types\/product"}],"replies":[{"embeddable":true,"href":"https:\/\/puzzle3d.co\/es\/wp-json\/wp\/v2\/comments?post=1139"}],"wp:featuredmedia":[{"embeddable":true,"href":"https:\/\/puzzle3d.co\/es\/wp-json\/wp\/v2\/media\/2672"}],"wp:attachment":[{"href":"https:\/\/puzzle3d.co\/es\/wp-json\/wp\/v2\/media?parent=1139"}],"wp:term":[{"taxonomy":"product_brand","embeddable":true,"href":"https:\/\/puzzle3d.co\/es\/wp-json\/wp\/v2\/product_brand?post=1139"},{"taxonomy":"product_cat","embeddable":true,"href":"https:\/\/puzzle3d.co\/es\/wp-json\/wp\/v2\/product_cat?post=1139"},{"taxonomy":"product_tag","embeddable":true,"href":"https:\/\/puzzle3d.co\/es\/wp-json\/wp\/v2\/product_tag?post=1139"},{"taxonomy":"woo-feed-brand","embeddable":true,"href":"https:\/\/puzzle3d.co\/es\/wp-json\/wp\/v2\/woo-feed-brand?post=1139"}],"curies":[{"name":"wp","href":"https:\/\/api.w.org\/{rel}","templated":true}]}}