{"id":3303,"date":"2024-04-10T10:56:05","date_gmt":"2024-04-10T10:56:05","guid":{"rendered":"https:\/\/puzzle3d.co\/?page_id=3303"},"modified":"2025-10-07T14:08:53","modified_gmt":"2025-10-07T14:08:53","slug":"contacto","status":"publish","type":"page","link":"https:\/\/puzzle3d.co\/es\/contact-us\/","title":{"rendered":"P\u00f3ngase en contacto con nosotros"},"content":{"rendered":"<section class=\"section\" id=\"section_1258888016\">\n\t\t<div class=\"section-bg fill\" >\n\t\t\t\t\t\t\t\t\t\n\t\t\t\n\n\t\t<\/div>\n\n\t\t\n\n\t\t<div class=\"section-content relative\">\n\t\t\t\n<div class=\"row align-center\"  id=\"row-1153877099\">\n\n\t<div id=\"col-1682692843\" class=\"col medium-8 small-11 large-7\"  >\n\t\t\t\t<div class=\"col-inner text-center\"  >\n\t\t\t\n\t\t\t\n<h1 style=\"font-size: 200%;\">P\u00f3ngase en contacto con nosotros<\/h1>\n\t\t<\/div>\n\t\t\t\t\t<\/div>\n\n\t\n<\/div>\n\t<div id=\"gap-1633619313\" class=\"gap-element clearfix\" style=\"display:block; height:auto;\">\n\t\t\n<style>\n#gap-1633619313 {\n  padding-top: 30px;\n}\n<\/style>\n\t<\/div>\n\t\n\t\t<\/div>\n\n\t\t\n<style>\n#section_1258888016 {\n  padding-top: 100px;\n  padding-bottom: 100px;\n  background-color: rgb(237, 236, 232);\n}\n<\/style>\n\t<\/section>\n\t\n<div class=\"row align-center\"  id=\"row-48049242\">\n\n\t<div id=\"col-1484331411\" class=\"col medium-11 small-12 large-11\"  >\n\t\t\t\t<div class=\"col-inner\"  >\n\t\t\t\n\t\t\t\n<div class=\"row\"  id=\"row-760933702\">\n\n\t<div id=\"col-649811165\" class=\"col medium-6 small-12 large-6\"  >\n\t\t\t\t<div class=\"col-inner\"  >\n\t\t\t\n\t\t\t\n\t<div class=\"box has-hover   has-hover box-text-bottom\" >\n\n\t\t<div class=\"box-image\" >\n\t\t\t\t\t\t<div class=\"image-cover\" style=\"padding-top:70%;\">\n\t\t\t\t<img loading=\"lazy\" decoding=\"async\" width=\"1000\" height=\"650\" src=\"https:\/\/puzzle3d.co\/wp-content\/uploads\/2013\/12\/domino.jpg\" class=\"attachment- size-\" alt=\"\" srcset=\"https:\/\/puzzle3d.co\/wp-content\/uploads\/2013\/12\/domino.jpg 1000w, https:\/\/puzzle3d.co\/wp-content\/uploads\/2013\/12\/domino-600x390.jpg 600w, https:\/\/puzzle3d.co\/wp-content\/uploads\/2013\/12\/domino-64x42.jpg 64w, https:\/\/puzzle3d.co\/wp-content\/uploads\/2013\/12\/domino-615x400.jpg 615w, https:\/\/puzzle3d.co\/wp-content\/uploads\/2013\/12\/domino-768x499.jpg 768w\" sizes=\"auto, (max-width: 1000px) 100vw, 1000px\">\t\t\t\t\t\t\t\t\t\t\t<\/div>\n\t\t\t\t\t<\/div>\n\n\t\t<div class=\"box-text text-center\" style=\"padding:20px 0px 0px 0px;\">\n\t\t\t<div class=\"box-text-inner\">\n\t\t\t\t\n\t<div id=\"gap-910457815\" class=\"gap-element clearfix\" style=\"display:block; height:auto;\">\n\t\t\n<style>\n#gap-910457815 {\n  padding-top: 20px;\n}\n<\/style>\n\t<\/div>\n\t\n\t\t\t<\/div>\n\t\t<\/div>\n\t<\/div>\n\t\n\t\t<\/div>\n\t\t\t\t\t<\/div>\n\n\t\n\n\t<div id=\"col-705884176\" class=\"col medium-6 small-12 large-6\"  >\n\t\t\t\t<div class=\"col-inner\"  >\n\t\t\t\n\t\t\t\n\t<div class=\"box has-hover   has-hover box-text-bottom\" >\n\n\t\t<div class=\"box-image\" >\n\t\t\t\t\t\t<div class=\"image-cover\" style=\"padding-top:70%;\">\n\t\t\t\t<img loading=\"lazy\" decoding=\"async\" width=\"1000\" height=\"650\" src=\"https:\/\/puzzle3d.co\/wp-content\/uploads\/2023\/01\/lion.jpg\" class=\"attachment- size-\" alt=\"\" srcset=\"https:\/\/puzzle3d.co\/wp-content\/uploads\/2023\/01\/lion.jpg 1000w, https:\/\/puzzle3d.co\/wp-content\/uploads\/2023\/01\/lion-600x390.jpg 600w, https:\/\/puzzle3d.co\/wp-content\/uploads\/2023\/01\/lion-64x42.jpg 64w, https:\/\/puzzle3d.co\/wp-content\/uploads\/2023\/01\/lion-615x400.jpg 615w, https:\/\/puzzle3d.co\/wp-content\/uploads\/2023\/01\/lion-768x499.jpg 768w\" sizes=\"auto, (max-width: 1000px) 100vw, 1000px\">\t\t\t\t\t\t\t\t\t\t\t<\/div>\n\t\t\t\t\t<\/div>\n\n\t\t<div class=\"box-text text-center\" style=\"padding:20px 0px 0px 0px;\">\n\t\t\t<div class=\"box-text-inner\">\n\t\t\t\t\n\t<div id=\"gap-2110467466\" class=\"gap-element clearfix\" style=\"display:block; height:auto;\">\n\t\t\n<style>\n#gap-2110467466 {\n  padding-top: 20px;\n}\n<\/style>\n\t<\/div>\n\t\n\t\t\t<\/div>\n\t\t<\/div>\n\t<\/div>\n\t\n\t\t<\/div>\n\t\t\t\t\t<\/div>\n\n\t\n<\/div>\n<div class=\"container section-title-container\" ><h3 class=\"section-title section-title-center\"><b aria-hidden=\"true\"><\/b><span class=\"section-title-main\" >Preguntas m\u00e1s frecuentes<\/span><b aria-hidden=\"true\"><\/b><\/h3><\/div>\n<div class=\"accordion\">\n\t<div id=\"accordion-3665311504\" class=\"accordion-item\">\n\t\t<a id=\"accordion-3665311504-label\" class=\"accordion-title plain\" href=\"#accordion-item-i-prezzi-visualizzati-sul-sito-sono-comprensivi-di-iva?\" aria-expanded=\"false\" aria-controls=\"accordion-3665311504-content\">\n\t\t\t<button class=\"toggle\" aria-label=\"Toggle\"><i class=\"icon-angle-down\" aria-hidden=\"true\"><\/i><\/button>\n\t\t\t<span>\u00bfLos precios indicados en el sitio web incluyen el IVA?<\/span>\n\t\t<\/a>\n\t\t<div id=\"accordion-3665311504-content\" class=\"accordion-inner\" aria-labelledby=\"accordion-3665311504-label\">\n\t\t\t\n<p>El precio de cada producto ya incluye el IVA. Antes de finalizar el pedido, se menciona el precio de la entrega. Los pedidos con un valor m\u00ednimo de 60 euros los entregamos de forma totalmente gratuita en cualquier rinc\u00f3n del pa\u00eds.<\/p>\n\t\t<\/div>\n\t<\/div>\n\t\n\t<div id=\"accordion-1872993556\" class=\"accordion-item\">\n\t\t<a id=\"accordion-1872993556-label\" class=\"accordion-title plain\" href=\"#accordion-item-i-prodotti-sono-in-garanzia?\" aria-expanded=\"false\" aria-controls=\"accordion-1872993556-content\">\n\t\t\t<button class=\"toggle\" aria-label=\"Toggle\"><i class=\"icon-angle-down\" aria-hidden=\"true\"><\/i><\/button>\n\t\t\t<span>\u00bfEst\u00e1n los productos en garant\u00eda?<\/span>\n\t\t<\/a>\n\t\t<div id=\"accordion-1872993556-content\" class=\"accordion-inner\" aria-labelledby=\"accordion-1872993556-label\">\n\t\t\t\n<p>Todos los productos gozan de la garant\u00eda legal de conformidad. Su garant\u00eda es una de nuestras prioridades<\/p>\n\t\t<\/div>\n\t<\/div>\n\t\n\t<div id=\"accordion-2295175789\" class=\"accordion-item\">\n\t\t<a id=\"accordion-2295175789-label\" class=\"accordion-title plain\" href=\"#accordion-item-quali-sono-i-metodi-di-pagamento?\" aria-expanded=\"false\" aria-controls=\"accordion-2295175789-content\">\n\t\t\t<button class=\"toggle\" aria-label=\"Toggle\"><i class=\"icon-angle-down\" aria-hidden=\"true\"><\/i><\/button>\n\t\t\t<span>\u00bfCu\u00e1les son los m\u00e9todos de pago?<\/span>\n\t\t<\/a>\n\t\t<div id=\"accordion-2295175789-content\" class=\"accordion-inner\" aria-labelledby=\"accordion-2295175789-label\">\n\t\t\t\n<div>El pago del pedido puede realizarse mediante una de las siguientes opciones:<\/div>\n<div><\/div>\n<ul>\n<li>Pago contra reembolso<\/li>\n<li>Pago mediante <a href=\"https:\/\/stripe.com\/en-ro\" target=\"_blank\" rel=\"nofollow noopener\">Raya<\/a> (procesador de pagos internacionales)<\/li>\n<li>Pago mediante <a href=\"https:\/\/www.paypal.com\/it\/business\" target=\"_blank\" rel=\"nofollow noopener\">PayPal<\/a> (procesador de pagos internacionales)<\/li>\n<\/ul>\n<div><\/div>\n<div>Si ha elegido la modalidad contra reembolso para su pedido, el pago se efectuar\u00e1 \u00edntegramente en efectivo, en lei, al transportista que le entregar\u00e1 el paquete, sobre la base de la factura fiscal emitida por MEDDYS SNC.<\/div>\n<div><\/div>\n<div>Si ha elegido el m\u00e9todo de pago \"En l\u00ednea con tarjeta bancaria\", deber\u00e1 rellenar un formulario con los datos de su tarjeta en la p\u00e1gina del procesador de pagos seguros.<\/div>\n\t\t<\/div>\n\t<\/div>\n\t\n\t<div id=\"accordion-656036598\" class=\"accordion-item\">\n\t\t<a id=\"accordion-656036598-label\" class=\"accordion-title plain\" href=\"#accordion-item-qual-\u00e8-il-metodo-di-consegna-del-prodotto?\" aria-expanded=\"false\" aria-controls=\"accordion-656036598-content\">\n\t\t\t<button class=\"toggle\" aria-label=\"Toggle\"><i class=\"icon-angle-down\" aria-hidden=\"true\"><\/i><\/button>\n\t\t\t<span>\u00bfCu\u00e1l es el m\u00e9todo de entrega del producto?<\/span>\n\t\t<\/a>\n\t\t<div id=\"accordion-656036598-content\" class=\"accordion-inner\" aria-labelledby=\"accordion-656036598-label\">\n\t\t\t\n<p>Entregamos en cualquier rinc\u00f3n de Ruman\u00eda. Haga un pedido por valor de 80 lei o m\u00e1s para beneficiarse de la entrega gratuita. Para pedidos inferiores a 60 \u20ac, los gastos de env\u00edo son de solo 5 \u20ac.<\/p>\n\t\t<\/div>\n\t<\/div>\n\t\n\t<div id=\"accordion-2144276410\" class=\"accordion-item\">\n\t\t<a id=\"accordion-2144276410-label\" class=\"accordion-title plain\" href=\"#accordion-item-quanto-tempo-ci-vuole-per-la-consegna?\" aria-expanded=\"false\" aria-controls=\"accordion-2144276410-content\">\n\t\t\t<button class=\"toggle\" aria-label=\"Toggle\"><i class=\"icon-angle-down\" aria-hidden=\"true\"><\/i><\/button>\n\t\t\t<span>\u00bfCu\u00e1nto tarda la entrega?<\/span>\n\t\t<\/a>\n\t\t<div id=\"accordion-2144276410-content\" class=\"accordion-inner\" aria-labelledby=\"accordion-2144276410-label\">\n\t\t\t\n<p>Haga su pedido hoy mismo para recibir su producto en 24\/48 d\u00edas laborables, \u00a1incluso en las islas!<\/p>\n\t\t<\/div>\n\t<\/div>\n\t\n<\/div>\n\t\t<\/div>\n\t\t\t\t\n<style>\n#col-1484331411 > .col-inner {\n  margin: -150px 0px 0px 0px;\n}\n<\/style>\n\t<\/div>\n\n\t\n<\/div>\n<div class=\"row align-center\"  id=\"row-191659070\">\n\n\t<div id=\"col-1961388140\" class=\"col medium-11 small-12 large-11\"  >\n\t\t\t\t<div class=\"col-inner\"  >\n\t\t\t\n\t\t\t\n\n\t<section class=\"section\" id=\"section_859775104\">\n\t\t<div class=\"section-bg fill\" >\n\t\t\t\t\t\t\t\t\t\n\t\t\t\n\t<div class=\"is-border\"\n\t\tstyle=\"border-color:rgb(235, 235, 235);border-width:1px 1px 1px 1px;\">\n\t<\/div>\n\n\t\t<\/div>\n\n\t\t\n\n\t\t<div class=\"section-content relative\">\n\t\t\t\n<div class=\"row row-large\"  id=\"row-414735537\">\n\n\t<div id=\"col-300107266\" class=\"col medium-8 small-12 large-8\"  >\n\t\t\t\t<div class=\"col-inner\"  >\n\t\t\t\n\t\t\t\n\n<div class=\"wpcf7 no-js\" id=\"wpcf7-f6-o1\" lang=\"en-US\" dir=\"ltr\" data-wpcf7-id=\"6\">\n<div class=\"screen-reader-response\"><p role=\"status\" aria-live=\"polite\" aria-atomic=\"true\"><\/p> <ul><\/ul><\/div>\n<form action=\"\/es\/wp-json\/wp\/v2\/pages\/3303#wpcf7-f6-o1\" method=\"post\" class=\"wpcf7-form init\" aria-label=\"Formulario de contacto\" novalidate=\"novalidate\" data-status=\"init\" data-trp-original-action=\"\/es\/wp-json\/wp\/v2\/pages\/3303#wpcf7-f6-o1\">\n<fieldset class=\"hidden-fields-container\"><input type=\"hidden\" name=\"_wpcf7\" value=\"6\" \/><input type=\"hidden\" name=\"_wpcf7_version\" value=\"6.1.5\" \/><input type=\"hidden\" name=\"_wpcf7_locale\" value=\"en_US\" \/><input type=\"hidden\" name=\"_wpcf7_unit_tag\" value=\"wpcf7-f6-o1\" \/><input type=\"hidden\" name=\"_wpcf7_container_post\" value=\"0\" \/><input type=\"hidden\" name=\"_wpcf7_posted_data_hash\" value=\"\" \/>\n<\/fieldset>\n<p><label> Nombre<br \/>\n<span class=\"wpcf7-form-control-wrap\" data-name=\"your-name\"><input size=\"40\" maxlength=\"400\" class=\"wpcf7-form-control wpcf7-text wpcf7-validates-as-required\" autocomplete=\"name\" aria-required=\"true\" aria-invalid=\"false\" value=\"\" type=\"text\" name=\"your-name\" \/><\/span> <\/label>\n<\/p>\n<p><label> Correo electr\u00f3nico<br \/>\n<span class=\"wpcf7-form-control-wrap\" data-name=\"your-email\"><input size=\"40\" maxlength=\"400\" class=\"wpcf7-form-control wpcf7-email wpcf7-validates-as-required wpcf7-text wpcf7-validates-as-email\" autocomplete=\"email\" aria-required=\"true\" aria-invalid=\"false\" value=\"\" type=\"email\" name=\"your-email\" \/><\/span> <\/label>\n<\/p>\n<p><label> Asunto*<br \/>\n<span class=\"wpcf7-form-control-wrap\" data-name=\"your-subject\"><input size=\"40\" maxlength=\"400\" class=\"wpcf7-form-control wpcf7-text wpcf7-validates-as-required\" aria-required=\"true\" aria-invalid=\"false\" value=\"\" type=\"text\" name=\"your-subject\" \/><\/span> <\/label>\n<\/p>\n<p><label> Mensaje (opcional)<br \/>\n<span class=\"wpcf7-form-control-wrap\" data-name=\"your-message\"><textarea cols=\"40\" rows=\"10\" maxlength=\"2000\" class=\"wpcf7-form-control wpcf7-textarea\" aria-invalid=\"false\" name=\"your-message\"><\/textarea><\/span> <\/label>\n<\/p>\n<p><input class=\"wpcf7-form-control wpcf7-submit has-spinner\" type=\"submit\" value=\"Enviar mensaje\" \/>\n<\/p><div class=\"wpcf7-response-output\" aria-hidden=\"true\"><\/div>\n<input type=\"hidden\" name=\"trp-form-language\" value=\"es\"\/><\/form>\n<\/div>\n\n\t\t<\/div>\n\t\t\t\t\t<\/div>\n\n\t\n\n\t<div id=\"col-1259693503\" class=\"col medium-4 small-12 large-4\"  >\n\t\t\t\t<div class=\"col-inner\"  >\n\t\t\t\n\t\t\t\n<h6>Empresa<\/h6>\n<p>MEDDYS de Saca E&amp;Co SNC<br \/>\nNIF: 03644140984<\/p>\n\t<div id=\"gap-1900349086\" class=\"gap-element clearfix\" style=\"display:block; height:auto;\">\n\t\t\n<style>\n#gap-1900349086 {\n  padding-top: 20px;\n}\n<\/style>\n\t<\/div>\n\t\n<h6>Direcci\u00f3n<\/h6>\n<p>Italia, Via Bologna10, CAP-25073, Bovezzo (BS)<\/p>\n<p><strong>Tel\u00e9fono:<\/strong> 371 5394 647<br \/>\n<strong>Correo electr\u00f3nico: <\/strong>support@puzzle3d.co<\/p>\n<h6><strong>Horario de trabajo:<\/strong><\/h6>\n<p>De lunes a viernes: de 9:00 a 17:00*.<br \/>\nS\u00e1bado: Cerrado<br \/>\nDomingo: Cerrado<\/p>\n<p><span style=\"font-size: 80%;\">*excluidos los d\u00edas festivos legales<\/span><\/p>\n<div class=\"social-icons follow-icons\" style=\"font-size:80%\"><a href=\"#\" target=\"_blank\" data-label=\"Facebook\" class=\"icon primary button circle tooltip facebook\" title=\"S\u00edguenos en Facebook\" aria-label=\"S\u00edguenos en Facebook\" rel=\"noopener nofollow\"><i class=\"icon-facebook\" aria-hidden=\"true\"><\/i><\/a><a href=\"#\" target=\"_blank\" data-label=\"Instagram\" class=\"icon primary button circle tooltip instagram\" title=\"S\u00edguenos en Instagram\" aria-label=\"S\u00edguenos en Instagram\" rel=\"noopener nofollow\"><i class=\"icon-instagram\" aria-hidden=\"true\"><\/i><\/a><a href=\"#\" data-label=\"Twitter\" target=\"_blank\" class=\"icon primary button circle tooltip twitter\" title=\"S\u00edguenos en Twitter\" aria-label=\"S\u00edguenos en Twitter\" rel=\"noopener nofollow\"><i class=\"icon-twitter\" aria-hidden=\"true\"><\/i><\/a><a href=\"#\" data-label=\"LinkedIn\" target=\"_blank\" class=\"icon primary button circle tooltip linkedin\" title=\"S\u00edguenos en LinkedIn\" aria-label=\"S\u00edguenos en LinkedIn\" rel=\"noopener nofollow\"><i class=\"icon-linkedin\" aria-hidden=\"true\"><\/i><\/a><\/div>\n\t\t<\/div>\n\t\t\t\t\t<\/div>\n\n\t\n\n<style>\n#row-414735537 > .col > .col-inner {\n  padding: 10px 10px 10px 10px;\n}\n@media (min-width:550px) {\n  #row-414735537 > .col > .col-inner {\n    padding: 30px 30px 0 30px;\n  }\n}\n<\/style>\n<\/div>\n\t\t<\/div>\n\n\t\t\n<style>\n#section_859775104 {\n  padding-top: 30px;\n  padding-bottom: 30px;\n}\n<\/style>\n\t<\/section>\n\t\n\t\t<\/div>\n\t\t\t\t\n<style>\n#col-1961388140 > .col-inner {\n  margin: 0px 0px 30px 0px;\n}\n<\/style>\n\t<\/div>\n\n\t\n<\/div>","protected":false},"excerpt":{"rendered":"","protected":false},"author":10,"featured_media":0,"parent":0,"menu_order":0,"comment_status":"closed","ping_status":"closed","template":"","meta":{"footnotes":""},"class_list":["post-3303","page","type-page","status-publish","hentry"],"_links":{"self":[{"href":"https:\/\/puzzle3d.co\/es\/wp-json\/wp\/v2\/pages\/3303","targetHints":{"allow":["GET"]}}],"collection":[{"href":"https:\/\/puzzle3d.co\/es\/wp-json\/wp\/v2\/pages"}],"about":[{"href":"https:\/\/puzzle3d.co\/es\/wp-json\/wp\/v2\/types\/page"}],"author":[{"embeddable":true,"href":"https:\/\/puzzle3d.co\/es\/wp-json\/wp\/v2\/users\/10"}],"replies":[{"embeddable":true,"href":"https:\/\/puzzle3d.co\/es\/wp-json\/wp\/v2\/comments?post=3303"}],"version-history":[{"count":0,"href":"https:\/\/puzzle3d.co\/es\/wp-json\/wp\/v2\/pages\/3303\/revisions"}],"wp:attachment":[{"href":"https:\/\/puzzle3d.co\/es\/wp-json\/wp\/v2\/media?parent=3303"}],"curies":[{"name":"wp","href":"https:\/\/api.w.org\/{rel}","templated":true}]}}