{"id":3152,"date":"2023-11-21T11:55:37","date_gmt":"2023-11-21T11:55:37","guid":{"rendered":"https:\/\/puzzle3d.co\/?page_id=3152"},"modified":"2024-10-23T17:10:27","modified_gmt":"2024-10-23T17:10:27","slug":"condiciones-generales","status":"publish","type":"page","link":"https:\/\/puzzle3d.co\/es\/termini-e-condizioni\/","title":{"rendered":"Condiciones generales"},"content":{"rendered":"<section class=\"section\" id=\"section_1081257469\">\n\t\t<div class=\"section-bg fill\" >\n\t\t\t\t\t\t\t\t\t\n\t\t\t\n\n\t\t<\/div>\n\n\t\t\n\n\t\t<div class=\"section-content relative\">\n\t\t\t\n<div class=\"row\"  id=\"row-502879427\">\n\n\t<div id=\"col-299799928\" class=\"col small-12 large-12\"  >\n\t\t\t\t<div class=\"col-inner text-center\"  >\n\t\t\t\n\t\t\t\n<div class=\"container section-title-container\">\n<h1 class=\"section-title section-title-normal\" style=\"text-align: left;\"><span class=\"section-title-main\">CONDICIONES GENERALES<\/span><\/h1>\n<\/div>\n<div id=\"cmplz-document\" class=\"cmplz-document cmplz-terms-conditions\">\n<p style=\"text-align: left;\"><i>Las condiciones se actualizaron por \u00faltima vez el 11 de diciembre de 2022.<\/i><\/p>\n<h2 style=\"text-align: left;\">1. Introducci\u00f3n<\/h2>\n<p style=\"text-align: left;\">Las presentes Condiciones Generales se aplican a este sitio web y a las transacciones relacionadas con nuestros productos y servicios. Usted puede estar obligado por acuerdos adicionales relativos a su relaci\u00f3n con nosotros o a cualquier producto o servicio que reciba de nosotros. Si alguna disposici\u00f3n de los acuerdos adicionales entra en conflicto con alguna disposici\u00f3n de las presentes Condiciones, prevalecer\u00e1n las disposiciones de dichos acuerdos adicionales.<\/p>\n<h2 style=\"text-align: left;\">2. Bono<\/h2>\n<p style=\"text-align: left;\">Al registrarse, acceder o utilizar de cualquier otro modo este sitio web, usted acepta quedar vinculado por las presentes Condiciones. Por el mero hecho de utilizar este sitio web, usted reconoce y acepta estas Condiciones. En algunos casos particulares, tambi\u00e9n podemos pedirle su consentimiento expl\u00edcito.<\/p>\n<h2 style=\"text-align: left;\">3. Comunicaci\u00f3n electr\u00f3nica<\/h2>\n<p style=\"text-align: left;\">Al utilizar este sitio web o comunicarse con nosotros electr\u00f3nicamente, usted acepta y reconoce que podemos comunicarnos con usted electr\u00f3nicamente en nuestro sitio web o envi\u00e1ndole un correo electr\u00f3nico, y acepta que todos los acuerdos, avisos, divulgaciones y otras comunicaciones que le proporcionemos electr\u00f3nicamente satisfacen cualquier requisito legal, incluido, entre otros, el requisito de que dichas comunicaciones sean por escrito.<\/p>\n<h2 style=\"text-align: left;\">4. 4. Propiedad intelectual<\/h2>\n<p style=\"text-align: left;\">Nosotros o nuestros licenciantes poseemos y controlamos todos los derechos de autor y otros derechos de propiedad intelectual sobre el sitio web y los datos, informaci\u00f3n y otros recursos mostrados o accesibles dentro del sitio web.<\/p>\n<p class=\"cmplz-subtitle\" style=\"text-align: left;\">4.1 Todos los derechos reservados<\/p>\n<p style=\"text-align: left;\">A menos que el contenido espec\u00edfico indique lo contrario, no se le concede una licencia ni ning\u00fan otro derecho en virtud de ning\u00fan copyright, marca comercial, patente u otro derecho de propiedad intelectual. Esto significa que usted no puede utilizar, copiar, reproducir, ejecutar, mostrar, distribuir, incorporar en cualquier medio electr\u00f3nico, alterar, descompilar, transferir, descargar, transmitir, monetizar, vender o comercializar ninguno de los recursos de este sitio web de ninguna forma, sin nuestro permiso previo por escrito, excepto y solo en la medida en que se disponga lo contrario en las normas legales obligatorias (como el derecho de cita).<\/p>\n<h2 style=\"text-align: left;\">5. Bolet\u00edn<\/h2>\n<p style=\"text-align: left;\">No obstante lo anterior, es posible reenviar nuestro bolet\u00edn en formato electr\u00f3nico a otras personas que pudieran estar interesadas en visitar nuestro sitio web.<\/p>\n<h2 style=\"text-align: left;\">6. Propiedad de terceros<\/h2>\n<p style=\"text-align: left;\">Nuestro sitio web puede incluir hiperv\u00ednculos u otras referencias a sitios web de terceros. No controlamos ni revisamos el contenido de los sitios web de terceros enlazados a este sitio web. Los productos o servicios ofrecidos por otros sitios web est\u00e1n sujetos a los T\u00e9rminos y Condiciones aplicables de estos terceros. Las opiniones expresadas o el material que aparece en estos sitios web no cuentan necesariamente con nuestro respaldo o aprobaci\u00f3n.<\/p>\n<p style=\"text-align: left;\">No somos responsables de las pr\u00e1cticas de privacidad ni del contenido de estos sitios. Usted asume todos los riesgos asociados al uso de estos sitios web y de cualquier servicio relacionado de terceros. No aceptaremos ninguna responsabilidad por p\u00e9rdidas o da\u00f1os, cualquiera que sea su causa, derivados de la divulgaci\u00f3n por su parte de informaci\u00f3n personal a terceros.<\/p>\n<h2 style=\"text-align: left;\">7. 7. Uso responsable<\/h2>\n<p style=\"text-align: left;\">Al visitar nuestro sitio web, usted se compromete a utilizarlo \u00fanicamente para los fines previstos y seg\u00fan lo permitido por estas Condiciones, cualquier acuerdo adicional con nosotros, y las leyes y reglamentos aplicables, as\u00ed como las pr\u00e1cticas en l\u00ednea generalmente aceptadas y las directrices del sector. Usted no puede utilizar nuestro sitio web o nuestros servicios para utilizar, publicar o distribuir cualquier material que consista en (o est\u00e9 vinculado a) software inform\u00e1tico malicioso; utilizar los datos recogidos en nuestro sitio web para cualquier actividad de marketing directo; o llevar a cabo cualquier actividad sistem\u00e1tica o automatizada de recogida de datos en o en relaci\u00f3n con nuestro sitio web.<\/p>\n<p style=\"text-align: left;\">Queda terminantemente prohibido realizar cualquier actividad que cause o pueda causar da\u00f1os al sitio web o que interfiera en su funcionamiento, disponibilidad o accesibilidad.<\/p>\n<h2 style=\"text-align: left;\">8. Registro<\/h2>\n<p style=\"text-align: left;\">Puede registrarse para obtener una cuenta en nuestro sitio web. Durante este proceso, es posible que se le pida que elija una contrase\u00f1a. Usted es responsable de mantener la confidencialidad de sus contrase\u00f1as e informaci\u00f3n de cuenta y se compromete a no compartir sus contrase\u00f1as, informaci\u00f3n de cuenta o acceso protegido a nuestro sitio web o servicios con ninguna otra persona. No debe permitir que ninguna otra persona utilice su cuenta para acceder al sitio web, ya que usted es responsable de todas las actividades que se produzcan mediante el uso de sus contrase\u00f1as o su cuenta. Debe informarnos inmediatamente si tiene conocimiento de cualquier divulgaci\u00f3n de su contrase\u00f1a.<\/p>\n<p style=\"text-align: left;\">Despu\u00e9s de cerrar su cuenta, no intentar\u00e1 registrar una nueva sin nuestro permiso.<\/p>\n<h2 style=\"text-align: left;\">9. Pol\u00edtica de reembolsos y devoluciones<\/h2>\n<p class=\"cmplz-subtitle\" style=\"text-align: left;\">9.1 Derecho de retractaci\u00f3n<\/p>\n<p style=\"text-align: left;\">Tiene derecho a rescindir el presente contrato en un plazo de 14 d\u00edas sin necesidad de justificaci\u00f3n.<\/p>\n<p style=\"text-align: left;\">El plazo de desistimiento expirar\u00e1 14 d\u00edas despu\u00e9s del d\u00eda en que usted adquiera, o un tercero distinto del transportista indicado por usted adquiera, la posesi\u00f3n f\u00edsica de los bienes.<\/p>\n<p style=\"text-align: left;\">Para ejercer su derecho de desistimiento, debe informarnos de su decisi\u00f3n de desistir del presente contrato mediante una declaraci\u00f3n inequ\u00edvoca (por ejemplo, una carta enviada por correo postal, fax o correo electr\u00f3nico). A continuaci\u00f3n encontrar\u00e1 nuestros datos de contacto. Puede utilizar el modelo adjunto\u00a0<a href=\"https:\/\/grillnbbq.it\/wp-content\/uploads\/complianz\/withdrawal-forms\/withdrawal-form-it.pdf\" target=\"_blank\" rel=\"noopener\">Formulario de desistimiento<\/a>pero no es obligatorio.<\/p>\n<p style=\"text-align: left;\">Si hace uso de esta opci\u00f3n, le notificaremos sin demora la recepci\u00f3n de dicha retirada en un soporte duradero (por ejemplo, por correo electr\u00f3nico).<\/p>\n<p style=\"text-align: left;\">Para cumplir el plazo de desistimiento, basta con que env\u00ede su comunicaci\u00f3n relativa al ejercicio del derecho de desistimiento antes de que expire el plazo de desistimiento.<\/p>\n<p class=\"cmplz-subtitle\" style=\"text-align: left;\">9.2 Efectos de la abstinencia<\/p>\n<p style=\"text-align: left;\">Si desiste del presente contrato, le devolveremos todos los pagos que hayamos recibido de usted, incluidos los gastos de entrega (salvo los gastos adicionales resultantes de la elecci\u00f3n por su parte de un tipo de entrega distinto del tipo menos costoso de entrega ordinaria que ofrezcamos), sin ninguna demora indebida y, en cualquier caso, a m\u00e1s tardar 14 d\u00edas a partir de la fecha en que se nos informe de su decisi\u00f3n de desistir del presente contrato. Efectuaremos dicho reembolso utilizando el mismo medio de pago que usted utiliz\u00f3 para la transacci\u00f3n inicial, salvo que usted haya acordado expresamente lo contrario; en cualquier caso, no incurrir\u00e1 en ning\u00fan gasto como consecuencia de dicho reembolso.<\/p>\n<p style=\"text-align: left;\">Recogeremos la mercanc\u00eda.<\/p>\n<p style=\"text-align: left;\">Tendr\u00e1 que correr con los gastos directos de devoluci\u00f3n de la mercanc\u00eda.<\/p>\n<p style=\"text-align: left;\">Usted s\u00f3lo es responsable de la disminuci\u00f3n de valor de los bienes resultante de una manipulaci\u00f3n distinta a la necesaria para establecer la naturaleza, las caracter\u00edsticas y el funcionamiento de los bienes.<\/p>\n<p style=\"text-align: left;\">Tenga en cuenta que existen algunas excepciones legales al derecho de desistimiento, por lo que algunos art\u00edculos no pueden devolverse ni cambiarse. Le informaremos si esto se aplica a su caso particular.<\/p>\n<h2 style=\"text-align: left;\">10. Presentaci\u00f3n de ideas<\/h2>\n<p style=\"text-align: left;\">No env\u00ede ninguna idea, invento, obra de autor u otra informaci\u00f3n que pueda considerarse propiedad intelectual suya que desee hacernos llegar, a menos que hayamos firmado previamente un acuerdo de propiedad intelectual o un acuerdo de no divulgaci\u00f3n. Si nos lo comunica sin dicho acuerdo escrito, nos concede una licencia mundial, irrevocable, no exclusiva y libre de regal\u00edas para utilizar, reproducir, almacenar, adaptar, publicar, traducir y distribuir su contenido en cualquier medio de comunicaci\u00f3n existente o futuro.<\/p>\n<h2 style=\"text-align: left;\">11. Cese de uso<\/h2>\n<p style=\"text-align: left;\">Podemos, a nuestra entera discreci\u00f3n, modificar o interrumpir en cualquier momento su acceso, temporal o permanentemente, al Sitio Web o a cualquier servicio del mismo. Usted acepta que no seremos responsables ante usted ni ante terceros por cualquier modificaci\u00f3n, suspensi\u00f3n o interrupci\u00f3n de su acceso o uso del Sitio Web o de cualquier contenido que haya compartido en el Sitio Web. Usted no tendr\u00e1 derecho a ninguna compensaci\u00f3n ni a ning\u00fan otro pago, ni siquiera en el caso de que se pierdan permanentemente las funciones, los ajustes y\/o cualquier Contenido con el que haya contribuido o en el que haya confiado. No podr\u00e1 eludir o evitar, o intentar eludir o evitar, cualquier medida de restricci\u00f3n de acceso a nuestro sitio web.<\/p>\n<h2 style=\"text-align: left;\">12. Garant\u00edas y responsabilidad<\/h2>\n<p style=\"text-align: left;\">Nada en esta secci\u00f3n limitar\u00e1 o excluir\u00e1 cualquier garant\u00eda impl\u00edcita por ley que ser\u00eda ilegal limitar o excluir. Este sitio web y todo su contenido se facilitan \"tal cual\" y \"seg\u00fan disponibilidad\" y pueden incluir imprecisiones o errores tipogr\u00e1ficos. Renunciamos expresamente a cualquier garant\u00eda de cualquier tipo, ya sea expresa o impl\u00edcita, en cuanto a la disponibilidad, exactitud o integridad del Contenido. No garantizamos que:<\/p>\n<ul style=\"text-align: left;\">\n<li>este sitio web o nuestros productos o servicios satisfagan sus necesidades;<\/li>\n<li>este sitio web estar\u00e1 disponible de forma ininterrumpida, puntual, segura o libre de errores;<\/li>\n<li>la calidad de cualquier producto o servicio adquirido u obtenido por usted a trav\u00e9s de este sitio web cumplir\u00e1 sus expectativas.<\/li>\n<\/ul>\n<p style=\"text-align: left;\">Nada de lo contenido en este sitio web constituye ni pretende constituir asesoramiento jur\u00eddico, financiero o m\u00e9dico de ning\u00fan tipo. Si necesita asesoramiento, consulte a un profesional adecuado.<\/p>\n<p style=\"text-align: left;\">Las siguientes disposiciones de esta secci\u00f3n se aplicar\u00e1n en la medida m\u00e1xima permitida por la legislaci\u00f3n aplicable y no limitar\u00e1n ni excluir\u00e1n nuestra responsabilidad en relaci\u00f3n con cualquier asunto en el que ser\u00eda ilegal o il\u00edcito que limit\u00e1ramos o excluy\u00e9ramos nuestra responsabilidad. En ning\u00fan caso seremos responsables de los da\u00f1os directos o indirectos (incluidos los da\u00f1os por p\u00e9rdida de beneficios o ingresos, p\u00e9rdida o corrupci\u00f3n de datos, software o bases de datos, o p\u00e9rdida o da\u00f1o de bienes o datos) en que incurra usted o un tercero como consecuencia de su acceso a nuestro sitio web o del uso que haga de \u00e9l.<\/p>\n<p style=\"text-align: left;\">Salvo en la medida en que cualquier acuerdo complementario establezca expresamente lo contrario, nuestra responsabilidad m\u00e1xima hacia usted por todos los da\u00f1os y perjuicios derivados o relacionados con el sitio web o cualquier producto o servicio comercializado o vendido a trav\u00e9s del sitio web, independientemente de la forma de acci\u00f3n que imponga la responsabilidad (ya sea por contrato, equidad, negligencia, dolo, responsabilidad extracontractual o de otro tipo) se limitar\u00e1 a 500. Este l\u00edmite se aplicar\u00e1 en conjunto a todas sus reclamaciones, acciones y causas de acci\u00f3n de cualquier tipo y naturaleza.<\/p>\n<h2 style=\"text-align: left;\">13. Privacidad<\/h2>\n<p style=\"text-align: left;\">Para acceder a nuestro sitio web y\/o a nuestros servicios, es posible que se le solicite cierta informaci\u00f3n sobre usted como parte del proceso de registro. Usted acepta que cualquier informaci\u00f3n que proporcione ser\u00e1 siempre exacta, correcta y actualizada.<\/p>\n<p style=\"text-align: left;\">Nos tomamos muy en serio sus datos personales y nos comprometemos a proteger su privacidad. No utilizaremos su direcci\u00f3n de correo electr\u00f3nico para enviar mensajes no solicitados. Todo correo electr\u00f3nico que le enviemos estar\u00e1 relacionado \u00fanicamente con la prestaci\u00f3n de los productos o servicios acordados.<\/p>\n<p style=\"text-align: left;\">Hemos desarrollado una pol\u00edtica para abordar cualquier preocupaci\u00f3n que pueda tener sobre la privacidad. Para m\u00e1s informaci\u00f3n, consulte nuestra\u00a0<a href=\"https:\/\/puzzle3d.co\/dichiarazione-sulla-privacy-ue\/\">Declaraci\u00f3n de confidencialidad<\/a>\u00a0y nuestro\u00a0<a href=\"https:\/\/puzzle3d.co\/cookie-policy-eu\/\">Pol\u00edtica de cookies.<\/a><\/p>\n<h2 style=\"text-align: left;\">14. Accesibilidad<\/h2>\n<p style=\"text-align: left;\">Nos comprometemos a hacer accesibles los contenidos que ofrecemos a las personas con discapacidad. Si tiene alguna discapacidad y no puede acceder a alguna parte de nuestro sitio web debido a su discapacidad, notif\u00edquenoslo incluyendo una descripci\u00f3n detallada del problema que ha encontrado. Si el problema es f\u00e1cilmente identificable y solucionable de acuerdo con las herramientas y t\u00e9cnicas inform\u00e1ticas est\u00e1ndar del sector, lo resolveremos con prontitud.<\/p>\n<h2 style=\"text-align: left;\">15. Restricciones a la exportaci\u00f3n\/Cumplimiento de la legislaci\u00f3n<\/h2>\n<p style=\"text-align: left;\">Queda prohibido el acceso al sitio web desde territorios o pa\u00edses en los que el Contenido o la compra de productos o Servicios vendidos en el sitio web sean ilegales. Usted no puede utilizar este sitio web en violaci\u00f3n de las leyes y reglamentos de exportaci\u00f3n de Italia.<\/p>\n<h2 style=\"text-align: left;\">16. Marketing de afiliaci\u00f3n<\/h2>\n<p style=\"text-align: left;\">A trav\u00e9s de este sitio web podemos participar en actividades de marketing de afiliaci\u00f3n en las que recibimos un porcentaje o comisi\u00f3n por la venta de servicios o productos en o a trav\u00e9s de este sitio web. Tambi\u00e9n podemos aceptar el patrocinio u otras formas de compensaci\u00f3n publicitaria de empresas. El prop\u00f3sito de esta divulgaci\u00f3n es cumplir con los requisitos legales en materia de marketing y publicidad que puedan ser de aplicaci\u00f3n, como las normas de la Comisi\u00f3n Federal de Comercio de Estados Unidos.<\/p>\n<h2 style=\"text-align: left;\">17. Asignaci\u00f3n<\/h2>\n<p style=\"text-align: left;\">Usted no podr\u00e1 ceder, transferir o subcontratar ninguno de sus derechos y\/u obligaciones en virtud de las presentes Condiciones, en su totalidad o en parte, a terceros sin nuestro consentimiento previo por escrito. Cualquier pretendida cesi\u00f3n que infrinja esta Secci\u00f3n ser\u00e1 nula.<\/p>\n<h2 style=\"text-align: left;\">18. Incumplimiento de las presentes condiciones<\/h2>\n<p style=\"text-align: left;\">Sin perjuicio de los dem\u00e1s derechos que nos asisten en virtud de las presentes Condiciones, si usted incumple de alg\u00fan modo las presentes Condiciones, podremos adoptar las medidas que consideremos oportunas para hacer frente al incumplimiento, incluida la suspensi\u00f3n temporal o permanente de su acceso al Sitio Web, poni\u00e9ndonos en contacto con su proveedor de servicios de Internet para solicitarle que bloquee su acceso al Sitio Web, y\/o emprender acciones legales contra usted.<\/p>\n<h2 style=\"text-align: left;\">19. 19. Fuerza mayor<\/h2>\n<p style=\"text-align: left;\">A excepci\u00f3n de las obligaciones de pago de dinero, ning\u00fan retraso, fallo u omisi\u00f3n por cualquiera de las partes en el cumplimiento de cualquiera de sus obligaciones en virtud del presente se considerar\u00e1 un incumplimiento de estos T\u00e9rminos y Condiciones si y mientras dicho retraso, fallo u omisi\u00f3n se deba a cualquier causa fuera del control razonable de dicha parte.<\/p>\n<h2 style=\"text-align: left;\">20. Indemnizaci\u00f3n<\/h2>\n<p style=\"text-align: left;\">Usted se compromete a indemnizarnos, defendernos y eximirnos de toda responsabilidad frente a reclamaciones, responsabilidades, da\u00f1os, p\u00e9rdidas y gastos relacionados con el incumplimiento por su parte de las presentes condiciones y de la legislaci\u00f3n aplicable, incluidos los derechos de propiedad intelectual y los derechos de privacidad. Usted nos reembolsar\u00e1 sin demora nuestros da\u00f1os, p\u00e9rdidas, costes y gastos relacionados con dichas reclamaciones o derivados de ellas.<\/p>\n<h2 style=\"text-align: left;\">21. Renuncia<\/h2>\n<p style=\"text-align: left;\">La falta de aplicaci\u00f3n de cualquiera de las disposiciones establecidas en las presentes Condiciones Generales y en cualquier Acuerdo, o la falta de ejercicio de cualquier opci\u00f3n de resoluci\u00f3n, no se interpretar\u00e1 como una renuncia a dichas disposiciones y no afectar\u00e1 a la validez de las presentes Condiciones Generales o de cualquier Acuerdo o parte del mismo, ni al derecho posterior a aplicar cualquier disposici\u00f3n individual.<\/p>\n<h2 style=\"text-align: left;\">22. Idioma<\/h2>\n<p style=\"text-align: left;\">Las presentes Condiciones Generales se interpretar\u00e1n e interpretar\u00e1n exclusivamente en italiano. Todas las notificaciones y correspondencia se redactar\u00e1n exclusivamente en dicho idioma.<\/p>\n<h2 style=\"text-align: left;\">23. Acuerdo global<\/h2>\n<p style=\"text-align: left;\">Estos T\u00e9rminos y Condiciones, junto con nuestra declaraci\u00f3n de privacidad y pol\u00edtica de cookies, constituyen el acuerdo completo entre usted y MEDDYS di Saca Eugeniu &amp;C SNC en relaci\u00f3n con su uso de este sitio web.<\/p>\n<h2 style=\"text-align: left;\">24. Actualizaci\u00f3n de estas condiciones<\/h2>\n<p style=\"text-align: left;\">Podemos actualizar estos T\u00e9rminos y Condiciones de vez en cuando. Es su obligaci\u00f3n revisar peri\u00f3dicamente estas Condiciones Generales para comprobar si se han producido cambios o actualizaciones. La fecha indicada en la parte superior de estos T\u00e9rminos y Condiciones es la fecha de la \u00faltima revisi\u00f3n. Las modificaciones de las presentes Condiciones Generales entrar\u00e1n en vigor en el momento de su publicaci\u00f3n en este sitio web. El uso continuado de este sitio web tras la publicaci\u00f3n de los cambios o actualizaciones se considerar\u00e1 como su aceptaci\u00f3n de cumplir y estar obligado por estos T\u00e9rminos y Condiciones.<\/p>\n<h2 style=\"text-align: left;\">25. Elecci\u00f3n de la ley y de la jurisdicci\u00f3n<\/h2>\n<p style=\"text-align: left;\">Las presentes Condiciones Generales se regir\u00e1n por la legislaci\u00f3n italiana. Cualquier disputa relacionada con estos T\u00e9rminos y Condiciones estar\u00e1 sujeta a la jurisdicci\u00f3n de los tribunales de Italia. Si un tribunal u otra autoridad considera que alguna parte o disposici\u00f3n de estos T\u00e9rminos y Condiciones es inv\u00e1lida y\/o inaplicable en virtud de la legislaci\u00f3n aplicable, dicha parte o disposici\u00f3n ser\u00e1 modificada, eliminada y\/o aplicada en la medida m\u00e1xima permitida a fin de dar efecto a la intenci\u00f3n de estos T\u00e9rminos y Condiciones. Las dem\u00e1s disposiciones no se ver\u00e1n afectadas.<\/p>\n<h2 style=\"text-align: left;\">26. Informaci\u00f3n de contacto<\/h2>\n<p style=\"text-align: left;\">Este sitio web es propiedad y est\u00e1 gestionado por MEDDYS di Saca Eugeniu &amp;C SNC.<\/p>\n<p style=\"text-align: left;\">Puede ponerse en contacto con nosotros en relaci\u00f3n con estas Condiciones Generales escribi\u00e9ndonos o envi\u00e1ndonos un correo electr\u00f3nico a la siguiente direcci\u00f3n: info@puzzle3d.co<\/p>\n<p style=\"text-align: left;\">Direcci\u00f3n:<\/p>\n<h4 style=\"text-align: left;\"><strong>Rompecabezas 3D<br \/><\/strong>(MEDDYS SNC)<\/h4>\n<p style=\"text-align: left;\"><span id=\"Via_Cipro_125124_BresciaItalia\">Via Bologna, 10<br \/>25073 Bovezzo (BS)<br \/><\/span>Italia<\/p>\n<p style=\"text-align: left;\">https:\/\/puzzle3d.co<br \/>support@puzzle3d.co<br \/>Tel. +39 371 5394 647<\/p>\n<\/div>\n\t\t<\/div>\n\t\t\t\t\t<\/div>\n\n\t\n<\/div>\n\t\t<\/div>\n\n\t\t\n<style>\n#section_1081257469 {\n  padding-top: 60px;\n  padding-bottom: 60px;\n  min-height: 300px;\n  background-color: rgb(245, 245, 245);\n}\n<\/style>\n\t<\/section>","protected":false},"excerpt":{"rendered":"","protected":false},"author":10,"featured_media":0,"parent":0,"menu_order":0,"comment_status":"closed","ping_status":"closed","template":"","meta":{"footnotes":""},"class_list":["post-3152","page","type-page","status-publish","hentry"],"_links":{"self":[{"href":"https:\/\/puzzle3d.co\/es\/wp-json\/wp\/v2\/pages\/3152","targetHints":{"allow":["GET"]}}],"collection":[{"href":"https:\/\/puzzle3d.co\/es\/wp-json\/wp\/v2\/pages"}],"about":[{"href":"https:\/\/puzzle3d.co\/es\/wp-json\/wp\/v2\/types\/page"}],"author":[{"embeddable":true,"href":"https:\/\/puzzle3d.co\/es\/wp-json\/wp\/v2\/users\/10"}],"replies":[{"embeddable":true,"href":"https:\/\/puzzle3d.co\/es\/wp-json\/wp\/v2\/comments?post=3152"}],"version-history":[{"count":0,"href":"https:\/\/puzzle3d.co\/es\/wp-json\/wp\/v2\/pages\/3152\/revisions"}],"wp:attachment":[{"href":"https:\/\/puzzle3d.co\/es\/wp-json\/wp\/v2\/media?parent=3152"}],"curies":[{"name":"wp","href":"https:\/\/api.w.org\/{rel}","templated":true}]}}