{"id":3037,"date":"2023-11-15T18:15:18","date_gmt":"2023-11-15T18:15:18","guid":{"rendered":"https:\/\/puzzle3d.co\/?page_id=3037"},"modified":"2025-02-16T07:14:26","modified_gmt":"2025-02-16T07:14:26","slug":"declaracion-de-privacidad-de-la-ue","status":"publish","type":"page","link":"https:\/\/puzzle3d.co\/es\/dichiarazione-sulla-privacy-ue\/","title":{"rendered":"Declaraci\u00f3n de confidencialidad (UE)"},"content":{"rendered":"<h1><span id=\"Dichiarazione_sulla_Privacy_UE\"><strong>Declaraci\u00f3n de confidencialidad (UE)<\/strong><\/span><\/h1>\n<p><em>Esta declaraci\u00f3n de privacidad se actualiz\u00f3 por \u00faltima vez el 21 de octubre de 2022 y se aplica a los ciudadanos y residentes legales permanentes del Espacio Econ\u00f3mico Europeo y Suiza.<\/em><\/p>\n<p>En esta declaraci\u00f3n de privacidad le explicamos qu\u00e9 hacemos con los datos que obtenemos de usted a trav\u00e9s de https:\/\/puzzle3d.co. Le recomendamos que la lea atentamente. Durante el tratamiento, cumplimos los requisitos de la legislaci\u00f3n sobre privacidad. Esto significa, entre otras cosas, que:<\/p>\n<ul>\n<li>comunicamos claramente el motivo por el que tratamos los datos personales. Lo hacemos mediante esta declaraci\u00f3n de privacidad;<\/li>\n<li>Nuestro objetivo es limitar la recogida de datos personales a los necesarios para fines leg\u00edtimos;<\/li>\n<li>primero le pedimos su consentimiento expl\u00edcito para procesar sus datos personales en los casos que requieran su consentimiento;<\/li>\n<li>Tomamos las medidas de seguridad adecuadas para proteger sus datos personales y as\u00ed se lo exigimos tambi\u00e9n a las partes que procesan datos personales en nuestro nombre;<\/li>\n<li>respetamos su derecho a acceder a sus datos personales o a rectificarlos o suprimirlos si as\u00ed lo solicita.<\/li>\n<\/ul>\n<p>Si tiene alguna pregunta o desea saber exactamente qu\u00e9 datos almacenamos, p\u00f3ngase en contacto con nosotros.<\/p>\n<ol>\n<li><strong>Finalidad, datos y periodo de conservaci\u00f3n<\/strong><\/li>\n<\/ol>\n<p>Podemos recopilar o recibir informaci\u00f3n personal para diversos fines relacionados con nuestras operaciones comerciales, que pueden incluir los siguientes: (pulse para ampliar)<\/p>\n<h3><span id=\"11_Contatto_8211_Tramite_telefono_posta_email_eo_moduli_web\">1.1 Contacto - por tel\u00e9fono, correo postal, correo electr\u00f3nico y\/o formularios web<\/span><\/h3>\n<p><strong>Para ello utilizamos los siguientes datos:<\/strong><\/p>\n<ul>\n<li>Un nombre y un apellido<\/li>\n<li>Nombre o alias de la cuenta<\/li>\n<li>Una casa o una direcci\u00f3n f\u00edsica diferente, incluido el nombre de la calle y la ciudad<\/li>\n<li>Una direcci\u00f3n de correo electr\u00f3nico<\/li>\n<li>Un n\u00famero de tel\u00e9fono<\/li>\n<li>Direcci\u00f3n IP<\/li>\n<li>Informaci\u00f3n sobre la actividad en Internet, incluidos, entre otros, el historial de navegaci\u00f3n, el historial de b\u00fasqueda y la informaci\u00f3n relativa a la interacci\u00f3n de un usuario con un sitio web, una aplicaci\u00f3n o un anuncio en Internet.<\/li>\n<li>Datos de geolocalizaci\u00f3n<\/li>\n<\/ul>\n<p><strong>La base sobre la que tratamos los datos es:<\/strong><\/p>\n<p><a href=\"https:\/\/cookiedatabase.org\/legal-bases\/#consent\">Con permiso.<\/a><\/p>\n<p><strong>Periodo de almacenamiento<\/strong><\/p>\n<p>Una vez finalizado el servicio, conservamos estos datos durante el siguiente periodo: 24 meses.<\/p>\n<h3><span id=\"12_Pagamenti\">1.2 Pagos<\/span><\/h3>\n<p><strong>Para ello utilizamos los siguientes datos:<\/strong><\/p>\n<ul>\n<li>Un nombre y un apellido<\/li>\n<li>Nombre o alias de la cuenta<\/li>\n<li>Una casa o una direcci\u00f3n f\u00edsica diferente, incluido el nombre de la calle y la ciudad<\/li>\n<li>Una direcci\u00f3n de correo electr\u00f3nico<\/li>\n<li>Un n\u00famero de tel\u00e9fono<\/li>\n<li>Direcci\u00f3n IP<\/li>\n<li>Informaci\u00f3n sobre la actividad en Internet, incluidos, entre otros, el historial de navegaci\u00f3n, el historial de b\u00fasqueda y la informaci\u00f3n relativa a la interacci\u00f3n de un usuario con un sitio web, una aplicaci\u00f3n o un anuncio en Internet.<\/li>\n<\/ul>\n<p><strong>La base sobre la que tratamos los datos es:<\/strong><\/p>\n<p><a href=\"https:\/\/cookiedatabase.org\/legal-bases\/#consent\">Con permiso.<\/a><\/p>\n<p><strong>Periodo de almacenamiento<\/strong><\/p>\n<p>Una vez finalizado el servicio, conservamos estos datos durante el siguiente periodo: 24 meses.<\/p>\n<h3><span id=\"13_Registrazione_account\">1.3 Registro de la cuenta<\/span><\/h3>\n<p><strong>Para ello utilizamos los siguientes datos:<\/strong><\/p>\n<ul>\n<li>Un nombre y un apellido<\/li>\n<li>Nombre o alias de la cuenta<\/li>\n<li>Una casa o una direcci\u00f3n f\u00edsica diferente, incluido el nombre de la calle y la ciudad<\/li>\n<li>Una direcci\u00f3n de correo electr\u00f3nico<\/li>\n<li>Un n\u00famero de tel\u00e9fono<\/li>\n<li>Direcci\u00f3n IP<\/li>\n<li>Informaci\u00f3n sobre la actividad en Internet, incluidos, entre otros, el historial de navegaci\u00f3n, el historial de b\u00fasqueda y la informaci\u00f3n relativa a la interacci\u00f3n de un usuario con un sitio web, una aplicaci\u00f3n o un anuncio en Internet.<\/li>\n<\/ul>\n<p><strong>La base sobre la que tratamos los datos es:<\/strong><\/p>\n<p><a href=\"https:\/\/cookiedatabase.org\/legal-bases\/#consent\">Con permiso.<\/a><\/p>\n<p><strong>Periodo de almacenamiento<\/strong><\/p>\n<p>Una vez finalizado el servicio, conservamos estos datos durante el siguiente periodo: 24 meses.<\/p>\n<h3><span id=\"14_Newsletter\">1.4 Bolet\u00edn informativo<\/span><\/h3>\n<p><strong>Para ello utilizamos los siguientes datos:<\/strong><\/p>\n<ul>\n<li>Un nombre y un apellido<\/li>\n<li>Nombre o alias de la cuenta<\/li>\n<li>Una casa o una direcci\u00f3n f\u00edsica diferente, incluido el nombre de la calle y la ciudad<\/li>\n<li>Una direcci\u00f3n de correo electr\u00f3nico<\/li>\n<li>Un n\u00famero de tel\u00e9fono<\/li>\n<li>Direcci\u00f3n IP<\/li>\n<li>Informaci\u00f3n sobre la actividad en Internet, incluidos, entre otros, el historial de navegaci\u00f3n, el historial de b\u00fasqueda y la informaci\u00f3n relativa a la interacci\u00f3n de un usuario con un sitio web, una aplicaci\u00f3n o un anuncio en Internet.<\/li>\n<\/ul>\n<p><strong>La base sobre la que tratamos los datos es:<\/strong><\/p>\n<p><a href=\"https:\/\/cookiedatabase.org\/legal-bases\/#consent\">Con permiso.<\/a><\/p>\n<p><strong>Periodo de almacenamiento<\/strong><\/p>\n<p>Una vez finalizado el servicio, conservamos estos datos durante el siguiente periodo: 24 meses.<\/p>\n<h3><span id=\"15_Per_supportare_servizi_o_prodotti_che_un_cliente_vogliono_o_hanno_comprato\">1.5 Apoyar los servicios o productos que un cliente desea o ha comprado<\/span><\/h3>\n<p><strong>Para ello utilizamos los siguientes datos:<\/strong><\/p>\n<ul>\n<li>Un nombre y un apellido<\/li>\n<li>Nombre o alias de la cuenta<\/li>\n<li>Una casa o una direcci\u00f3n f\u00edsica diferente, incluido el nombre de la calle y la ciudad<\/li>\n<li>Una direcci\u00f3n de correo electr\u00f3nico<\/li>\n<li>Un n\u00famero de tel\u00e9fono<\/li>\n<li>Direcci\u00f3n IP<\/li>\n<li>Informaci\u00f3n sobre la actividad en Internet, incluidos, entre otros, el historial de navegaci\u00f3n, el historial de b\u00fasqueda y la informaci\u00f3n relativa a la interacci\u00f3n de un usuario con un sitio web, una aplicaci\u00f3n o un anuncio en Internet.<\/li>\n<li>Datos de geolocalizaci\u00f3n<\/li>\n<\/ul>\n<p><strong>La base sobre la que tratamos los datos es:<\/strong><\/p>\n<p><a href=\"https:\/\/cookiedatabase.org\/legal-bases\/#consent\">Con permiso.<\/a><\/p>\n<p><strong>Periodo de almacenamiento<\/strong><\/p>\n<p>Una vez finalizado el servicio, conservamos estos datos durante el siguiente periodo: 24 meses.<\/p>\n<h3><span id=\"16_Per_essere_in_grado_di_rispettare_gli_obblighi_legali\">1.6 Para poder cumplir las obligaciones legales<\/span><\/h3>\n<p><strong>Para ello utilizamos los siguientes datos:<\/strong><\/p>\n<ul>\n<li>Un nombre y un apellido<\/li>\n<li>Nombre o alias de la cuenta<\/li>\n<li>Una casa o una direcci\u00f3n f\u00edsica diferente, incluido el nombre de la calle y la ciudad<\/li>\n<li>Una direcci\u00f3n de correo electr\u00f3nico<\/li>\n<li>Un n\u00famero de tel\u00e9fono<\/li>\n<li>Direcci\u00f3n IP<\/li>\n<li>Informaci\u00f3n sobre la actividad en Internet, incluidos, entre otros, el historial de navegaci\u00f3n, el historial de b\u00fasqueda y la informaci\u00f3n relativa a la interacci\u00f3n de un usuario con un sitio web, una aplicaci\u00f3n o un anuncio en Internet.<\/li>\n<\/ul>\n<p><strong>La base sobre la que tratamos los datos es:<\/strong><\/p>\n<p><a href=\"https:\/\/cookiedatabase.org\/legal-bases\/#consent\">Con permiso.<\/a><\/p>\n<p><strong>Periodo de almacenamiento<\/strong><\/p>\n<p>Una vez finalizado el servicio, conservamos estos datos durante el siguiente periodo: 24 meses.<\/p>\n<h3><span id=\"17_Compilazione_ed_analisi_di_statistiche_per_migliore_il_sito\">1.7 Recopilaci\u00f3n y an\u00e1lisis de estad\u00edsticas para mejorar el sitio.<\/span><\/h3>\n<p><strong>Para ello utilizamos los siguientes datos:<\/strong><\/p>\n<ul>\n<li>Un nombre y un apellido<\/li>\n<li>Nombre o alias de la cuenta<\/li>\n<li>Una casa o una direcci\u00f3n f\u00edsica diferente, incluido el nombre de la calle y la ciudad<\/li>\n<li>Una direcci\u00f3n de correo electr\u00f3nico<\/li>\n<li>Un n\u00famero de tel\u00e9fono<\/li>\n<li>Direcci\u00f3n IP<\/li>\n<li>Informaci\u00f3n sobre la actividad en Internet, incluidos, entre otros, el historial de navegaci\u00f3n, el historial de b\u00fasqueda y la informaci\u00f3n relativa a la interacci\u00f3n de un usuario con un sitio web, una aplicaci\u00f3n o un anuncio en Internet.<\/li>\n<li>Datos de geolocalizaci\u00f3n<\/li>\n<\/ul>\n<p><strong>La base sobre la que tratamos los datos es:<\/strong><\/p>\n<p><a href=\"https:\/\/cookiedatabase.org\/legal-bases\/#consent\">Con permiso.<\/a><\/p>\n<p><strong>Periodo de almacenamiento<\/strong><\/p>\n<p>Una vez finalizado el servicio, conservamos estos datos durante el siguiente periodo: 24 meses.<\/p>\n<h3><span id=\"18_Per_poter_offrire_prodotti_e_servizi_personalizzati\">1.8 Poder ofrecer productos y servicios personalizados<\/span><\/h3>\n<p><strong>Para ello utilizamos los siguientes datos:<\/strong><\/p>\n<ul>\n<li>Un nombre y un apellido<\/li>\n<li>Nombre o alias de la cuenta<\/li>\n<li>Una casa o una direcci\u00f3n f\u00edsica diferente, incluido el nombre de la calle y la ciudad<\/li>\n<li>Una direcci\u00f3n de correo electr\u00f3nico<\/li>\n<li>Un n\u00famero de tel\u00e9fono<\/li>\n<li>Direcci\u00f3n IP<\/li>\n<li>Informaci\u00f3n sobre la actividad en Internet, incluidos, entre otros, el historial de navegaci\u00f3n, el historial de b\u00fasqueda y la informaci\u00f3n relativa a la interacci\u00f3n de un usuario con un sitio web, una aplicaci\u00f3n o un anuncio en Internet.<\/li>\n<li>Datos de geolocalizaci\u00f3n<\/li>\n<\/ul>\n<p><strong>La base sobre la que tratamos los datos es:<\/strong><\/p>\n<p><a href=\"https:\/\/cookiedatabase.org\/legal-bases\/#consent\">Con permiso.<\/a><\/p>\n<p><strong>Periodo de almacenamiento<\/strong><\/p>\n<p>Una vez finalizado el servicio, conservamos estos datos durante el siguiente periodo: 24 meses.<\/p>\n<ol start=\"2\">\n<li><strong>Cookies<\/strong><\/li>\n<\/ol>\n<p>Nuestro sitio web utiliza cookies. Para obtener m\u00e1s informaci\u00f3n sobre las cookies, consulte nuestra Pol\u00edtica de cookies.<\/p>\n<p>Hemos suscrito un acuerdo de procesamiento de datos con Google.<\/p>\n<p>Google no puede utilizar los datos para otros servicios de Google.<\/p>\n<ol start=\"3\">\n<li><strong>Seguridad<\/strong><\/li>\n<\/ol>\n<p>Estamos comprometidos con la seguridad de los datos personales. Tomamos las medidas de seguridad adecuadas para limitar el uso indebido y el acceso no autorizado a los datos personales. Esto garantiza que s\u00f3lo tengan acceso a sus datos las personas necesarias, que el acceso a los datos est\u00e9 protegido y que nuestras medidas de seguridad se revisen peri\u00f3dicamente.<\/p>\n<ol start=\"4\">\n<li><strong>Sitios web de terceros<\/strong><\/li>\n<\/ol>\n<p>Esta declaraci\u00f3n de privacidad no se aplica a los sitios web de terceros vinculados a nuestro sitio web. No podemos garantizar que estos terceros traten sus datos personales de forma fiable y segura. Le aconsejamos que lea las declaraciones de privacidad de estos sitios web antes de utilizarlos.<\/p>\n<ol start=\"5\">\n<li><strong>Multas sobre esta declaraci\u00f3n de privacidad.<\/strong><\/li>\n<\/ol>\n<p>Nos reservamos el derecho a realizar cambios en esta declaraci\u00f3n de privacidad. Le recomendamos que consulte esta declaraci\u00f3n de privacidad con regularidad para estar al tanto de cualquier cambio. Adem\u00e1s, le informaremos activamente siempre que sea posible.<\/p>\n<ol start=\"6\">\n<li><strong>Acceso y edici\u00f3n de datos<\/strong><\/li>\n<\/ol>\n<p>Si tiene alguna pregunta o desea saber exactamente qu\u00e9 datos personales tenemos sobre usted, p\u00f3ngase en contacto con nosotros.<\/p>\n<ul>\n<li>Tiene derecho a saber cu\u00e1ndo se necesitan sus datos personales, qu\u00e9 ocurre con ellos y cu\u00e1nto tiempo se conservar\u00e1n.<\/li>\n<li>Derecho de acceso: tiene derecho a acceder a sus datos personales de los que tengamos conocimiento.<\/li>\n<li>Derecho de rectificaci\u00f3n: tiene derecho a completar, corregir, eliminar o bloquear sus datos personales siempre que lo desee.<\/li>\n<li>Si tiene alguna pregunta o problema con la accesibilidad del sitio web, no dude en ponerse en contacto con nosotros.<\/li>\n<li>Derecho a transferir sus datos: tiene derecho a solicitar todos sus datos al responsable del tratamiento y transferirlos a otro responsable.<\/li>\n<li>Derecho de oposici\u00f3n: tiene derecho a oponerse al tratamiento de sus datos. Respetaremos esta opci\u00f3n a menos que exista una base v\u00e1lida para el proceso.<\/li>\n<\/ul>\n<p>Aseg\u00farate de indicar siempre con claridad qui\u00e9n eres, para estar seguro de no borrar o modificar los datos de una persona equivocada.<\/p>\n<ol start=\"7\">\n<li><strong>Env\u00edo de una denuncia<\/strong><\/li>\n<\/ol>\n<p>Si no est\u00e1 satisfecho con la forma en que gestionamos (una queja sobre) el tratamiento de sus datos personales, tiene derecho a enviar una queja a la Autoridad de Protecci\u00f3n de Datos.<\/p>\n<ol start=\"8\">\n<li><strong>Datos de contacto<\/strong><\/li>\n<\/ol>\n<p><strong>PUZZLE3D.CO<\/strong><br \/>\n<span style=\"font-size: 75%;\">(MEDDYS SNC)<\/span><\/p>\n<p>Via Bologna 10<br \/>\nBovezzo (BS) 25073<br \/>\nItalia<\/p>\n<p>P\u00e1gina web: https:\/\/puzzle3d.co<br \/>\nCorreo electr\u00f3nico: support@puzzle3d.co<br \/>\nTel\u00e9fono: 371 5394 647<\/p>","protected":false},"excerpt":{"rendered":"<p>Dichiarazione sulla Privacy (UE) Questa dichiarazione sulla privacy \u00e8 stata aggiornata l\u2019ultima volta il Ottobre 21, 2022 e si applica ai cittadini e ai residenti permanenti legali dello Spazio Economico Europeo e della Svizzera In questa dichiarazione sulla privacy, spieghiamo cosa facciamo con i dati che otteniamo da te attraverso\u00a0https:\/\/puzzle3d.co\u00a0Ti consigliamo di leggere attentamente la [&#8230;]\n","protected":false},"author":10,"featured_media":0,"parent":0,"menu_order":0,"comment_status":"closed","ping_status":"closed","template":"","meta":{"slim_seo":{"title":"Dichiarazione sulla Privacy (UE) - Puzzle 3D","description":"Declaraci\u00f3n de privacidad (UE) Esta declaraci\u00f3n de privacidad se actualiz\u00f3 por \u00faltima vez el 21 de octubre de 2022 y se aplica a los ciudadanos y residentes de la UE."},"footnotes":""},"class_list":["post-3037","page","type-page","status-publish","hentry"],"_links":{"self":[{"href":"https:\/\/puzzle3d.co\/es\/wp-json\/wp\/v2\/pages\/3037","targetHints":{"allow":["GET"]}}],"collection":[{"href":"https:\/\/puzzle3d.co\/es\/wp-json\/wp\/v2\/pages"}],"about":[{"href":"https:\/\/puzzle3d.co\/es\/wp-json\/wp\/v2\/types\/page"}],"author":[{"embeddable":true,"href":"https:\/\/puzzle3d.co\/es\/wp-json\/wp\/v2\/users\/10"}],"replies":[{"embeddable":true,"href":"https:\/\/puzzle3d.co\/es\/wp-json\/wp\/v2\/comments?post=3037"}],"version-history":[{"count":0,"href":"https:\/\/puzzle3d.co\/es\/wp-json\/wp\/v2\/pages\/3037\/revisions"}],"wp:attachment":[{"href":"https:\/\/puzzle3d.co\/es\/wp-json\/wp\/v2\/media?parent=3037"}],"curies":[{"name":"wp","href":"https:\/\/api.w.org\/{rel}","templated":true}]}}