{"id":942,"date":"2023-01-31T09:32:58","date_gmt":"2023-01-31T09:32:58","guid":{"rendered":"https:\/\/puzzle3d.co\/product\/kinetic-globe-puzzle-3d-copy\/"},"modified":"2025-06-11T19:04:17","modified_gmt":"2025-06-11T19:04:17","slug":"mechanische-windmuhle-3d-puzzle","status":"publish","type":"product","link":"https:\/\/puzzle3d.co\/de\/prodotto\/mulino-a-vento-meccanico-puzzle-3d\/","title":{"rendered":"Mechanische Windm\u00fchle aus Holz zum Selberbauen 227 Teile"},"content":{"rendered":"<div>\n<div>\n<div>\n<p><strong>Mechanische Windm\u00fchle aus Holz zum Selberbauen 227 Teile<\/strong><\/p>\n<\/div>\n<div><\/div>\n<div>Windm\u00fchlen haben die Niederlande vor \u00dcberschwemmungen bewahrt.<\/div>\n<div><\/div>\n<div>Wie k\u00f6nnte sie auch Sie \"retten\"?<\/div>\n<div><\/div>\n<div>Bauen Sie eine Windm\u00fchle auf, wenn Sie dem Alltag entfliehen wollen, schauen Sie den Propellern beim Drehen zu, wenn Sie m\u00fcde sind, oder schenken Sie einfach einem lieben Menschen eine Windm\u00fchle, er wird Ihnen sehr dankbar sein.<\/div>\n<div><\/div>\n<div>Perfektes Geschenk f\u00fcr Naturliebhaber<\/div>\n<div><\/div>\n<div>Sie k\u00f6nnen es zusammen mit Ihrem Kind zusammenbauen. Ihr kleiner Partner wird von diesem Modell fasziniert sein und gleichzeitig die Geschichte erz\u00e4hlen. Stellen Sie sich vor, wie die Menschen vor Hunderten von Jahren K\u00f6rner und Getreide gemahlen, \u00d6l gepresst, Tabak geschreddert und sogar Papier hergestellt haben.<\/div>\n<div><\/div>\n<div>Die ersten Windm\u00fchlen wurden \u00fcbrigens um das 9. Jahrhundert im alten Persien erfunden und gelangten um das 18.<\/div>\n<div><\/div>\n<div>Die Windm\u00fchle ist ein M\u00f6belst\u00fcck, das Sie dort aufstellen m\u00f6chten, wo Sie die meiste Zeit verbringen.<\/div>\n<div><\/div>\n<\/div>\n<div>\n<div><strong>DETAILS ZUM PRODUKT:<\/strong><\/div>\n<div><\/div>\n<div>Abmessungen des Modells: 195*340*400 mm<\/div>\n<div>Abmessungen der Verpackung: 375 x 243 x 20 mm<\/div>\n<div>Anzahl der St\u00fccke: 227<\/div>\n<\/div>\n<\/div>\n<div>\n<div><\/div>\n<\/div>","protected":false},"excerpt":{"rendered":"<div>Bauen Sie eine Windm\u00fchle auf, wenn Sie dem Alltag entfliehen wollen, schauen Sie den Propellern beim Drehen zu, wenn Sie m\u00fcde sind, oder schenken Sie einfach einem lieben Menschen eine Windm\u00fchle, er wird Ihnen sehr dankbar sein.<\/div>\n<p>&nbsp;<\/p>","protected":false},"featured_media":948,"comment_status":"open","ping_status":"closed","template":"","meta":[],"product_brand":[],"product_cat":[73,74,76,89,90,91],"product_tag":[],"woo-feed-brand":[],"class_list":{"0":"post-942","1":"product","2":"type-product","3":"status-publish","4":"has-post-thumbnail","6":"product_cat-puzzle-3d","7":"product_cat-puzzle-3d-in-legno","8":"product_cat-puzzle-3d-per-bambini","9":"product_cat-puzzle-meccanici-3d-in-legno","10":"product_cat-puzzle-meccanici-per-bambini","11":"product_cat-puzzle-meccanici-per-adulti","13":"first","14":"instock","15":"shipping-taxable","16":"purchasable","17":"product-type-simple"},"_links":{"self":[{"href":"https:\/\/puzzle3d.co\/de\/wp-json\/wp\/v2\/product\/942","targetHints":{"allow":["GET"]}}],"collection":[{"href":"https:\/\/puzzle3d.co\/de\/wp-json\/wp\/v2\/product"}],"about":[{"href":"https:\/\/puzzle3d.co\/de\/wp-json\/wp\/v2\/types\/product"}],"replies":[{"embeddable":true,"href":"https:\/\/puzzle3d.co\/de\/wp-json\/wp\/v2\/comments?post=942"}],"wp:featuredmedia":[{"embeddable":true,"href":"https:\/\/puzzle3d.co\/de\/wp-json\/wp\/v2\/media\/948"}],"wp:attachment":[{"href":"https:\/\/puzzle3d.co\/de\/wp-json\/wp\/v2\/media?parent=942"}],"wp:term":[{"taxonomy":"product_brand","embeddable":true,"href":"https:\/\/puzzle3d.co\/de\/wp-json\/wp\/v2\/product_brand?post=942"},{"taxonomy":"product_cat","embeddable":true,"href":"https:\/\/puzzle3d.co\/de\/wp-json\/wp\/v2\/product_cat?post=942"},{"taxonomy":"product_tag","embeddable":true,"href":"https:\/\/puzzle3d.co\/de\/wp-json\/wp\/v2\/product_tag?post=942"},{"taxonomy":"woo-feed-brand","embeddable":true,"href":"https:\/\/puzzle3d.co\/de\/wp-json\/wp\/v2\/woo-feed-brand?post=942"}],"curies":[{"name":"wp","href":"https:\/\/api.w.org\/{rel}","templated":true}]}}