{"id":879,"date":"2023-01-26T12:35:38","date_gmt":"2023-01-26T12:35:38","guid":{"rendered":"https:\/\/puzzle3d.co\/product\/t-rex-tyrannosaurus-rex-puzzle-classic-lemn-puzzle-jigsaw-copy\/"},"modified":"2025-06-11T19:04:33","modified_gmt":"2025-06-11T19:04:33","slug":"chamaleon-2d-puzzle-holz","status":"publish","type":"product","link":"https:\/\/puzzle3d.co\/de\/prodotto\/camaleonte-puzzle-2d-jigsaw-legno\/","title":{"rendered":"Cham\u00e4leon 2D-Holzpuzzle, 111 Teile"},"content":{"rendered":"<div>\n<p><strong>Cham\u00e4leon 2D-Holzpuzzle, 111 Teile<\/strong><\/p>\n<div><\/div>\n<\/div>\n<div>\n<div>\n<div>Von diesem Cham\u00e4leon k\u00f6nnen Sie etwas Grundlegendes \u00fcber die Erfahrungen der letzten drei Jahre lernen: Anpassungsf\u00e4higkeit.<\/div>\n<div><\/div>\n<div>Das Nervensystem des Cham\u00e4leons steuert die Chromatophorenzellen, die die Pigmente enthalten, und erm\u00f6glicht es ihm, je nach Umgebung die Farbe zu wechseln.<\/div>\n<div><\/div>\n<div>Wenn Sie Lust auf eine Ver\u00e4nderung haben, meditieren Sie, w\u00e4hrend Sie ein Cham\u00e4leon-Puzzle zusammensetzen. Konzentrieren Sie Ihre Gedanken, und vielleicht finden Sie zur Abwechslung neue L\u00f6sungen.<\/div>\n<div><\/div>\n<div>F\u00fcr eine zus\u00e4tzliche Herausforderung und mehr Zeit mit sich selbst, entscheiden Sie sich f\u00fcr die Gr\u00f6\u00dfe L, die mit 505 Teilen geliefert wird.<\/div>\n<div><\/div>\n<div><\/div>\n<div><strong>DETAILS ZUM PRODUKT:<\/strong><\/div>\n<div>Abmessungen des Modells: 371*280*5 mm<\/div>\n<div>Abmessungen der Verpackung: 255 x 192 x 42 mm<\/div>\n<div>Anzahl der St\u00fccke: 111<\/div>\n<\/div>\n<div><\/div>\n<\/div>","protected":false},"excerpt":{"rendered":"<p>Von diesem Cham\u00e4leon k\u00f6nnen Sie etwas Grundlegendes \u00fcber die Erfahrungen der letzten drei Jahre lernen: Anpassungsf\u00e4higkeit.<\/p>","protected":false},"featured_media":850,"comment_status":"open","ping_status":"closed","template":"","meta":[],"product_brand":[],"product_cat":[80,84,83],"product_tag":[],"woo-feed-brand":[],"class_list":{"0":"post-879","1":"product","2":"type-product","3":"status-publish","4":"has-post-thumbnail","6":"product_cat-puzzle-jigsaw","7":"product_cat-puzzle-jigsaw-in-legno","8":"product_cat-puzzle-jigsaw-bambini","10":"first","11":"instock","12":"shipping-taxable","13":"purchasable","14":"product-type-simple"},"_links":{"self":[{"href":"https:\/\/puzzle3d.co\/de\/wp-json\/wp\/v2\/product\/879","targetHints":{"allow":["GET"]}}],"collection":[{"href":"https:\/\/puzzle3d.co\/de\/wp-json\/wp\/v2\/product"}],"about":[{"href":"https:\/\/puzzle3d.co\/de\/wp-json\/wp\/v2\/types\/product"}],"replies":[{"embeddable":true,"href":"https:\/\/puzzle3d.co\/de\/wp-json\/wp\/v2\/comments?post=879"}],"wp:featuredmedia":[{"embeddable":true,"href":"https:\/\/puzzle3d.co\/de\/wp-json\/wp\/v2\/media\/850"}],"wp:attachment":[{"href":"https:\/\/puzzle3d.co\/de\/wp-json\/wp\/v2\/media?parent=879"}],"wp:term":[{"taxonomy":"product_brand","embeddable":true,"href":"https:\/\/puzzle3d.co\/de\/wp-json\/wp\/v2\/product_brand?post=879"},{"taxonomy":"product_cat","embeddable":true,"href":"https:\/\/puzzle3d.co\/de\/wp-json\/wp\/v2\/product_cat?post=879"},{"taxonomy":"product_tag","embeddable":true,"href":"https:\/\/puzzle3d.co\/de\/wp-json\/wp\/v2\/product_tag?post=879"},{"taxonomy":"woo-feed-brand","embeddable":true,"href":"https:\/\/puzzle3d.co\/de\/wp-json\/wp\/v2\/woo-feed-brand?post=879"}],"curies":[{"name":"wp","href":"https:\/\/api.w.org\/{rel}","templated":true}]}}