{"id":877,"date":"2023-01-26T12:26:03","date_gmt":"2023-01-26T12:26:03","guid":{"rendered":"https:\/\/puzzle3d.co\/product\/lynx-puzzle-classic-lemn-copy\/"},"modified":"2025-06-11T19:05:15","modified_gmt":"2025-06-11T19:05:15","slug":"t-rex-dinosaurier-jigsaw-puzzle-holz","status":"publish","type":"product","link":"https:\/\/puzzle3d.co\/de\/prodotto\/t-rex-dinosauro-puzzle-jigsaw-legno\/","title":{"rendered":"Dinosaurier 2D-Puzzle aus Holz. 129 Teile"},"content":{"rendered":"<div>\n<p><strong>T-Rex Dinosaurier 2D-Puzzle aus Holz, 129 Teile<\/strong><\/p>\n<div><\/div>\n<\/div>\n<div>\n<div>\n<div>Vor 67 oder 65 Millionen Jahren lebte der ber\u00fchmte Tyrannosaurus Rex oder T-Rex in Nordamerika.<\/div>\n<div><\/div>\n<div>Er wird mit dem Bild eines gro\u00dfen und m\u00e4chtigen Dinosauriers mit einem imposanten Kiefer und langen, scharfen Z\u00e4hnen assoziiert.<\/div>\n<div><\/div>\n<div>Er wog etwa 6-8 Tonnen und seine K\u00f6rperl\u00e4nge betrug 12-13 Meter.<\/div>\n<div><\/div>\n<div>Unglaublich, nicht wahr?<\/div>\n<div><\/div>\n<div>Wenn Sie Dinosaurier m\u00f6gen oder eine originelle Dekoration f\u00fcr Ihr Zuhause suchen, oder wenn Sie ein Geschenk f\u00fcr einen pr\u00e4historischen Liebhaber suchen, wird T-rez sicherlich gut ankommen.<\/div>\n<div><\/div>\n<div>Seine beneidenswerten Z\u00e4hne werden die Kinder f\u00fcr die Zahnpflege verantwortlich machen.<\/div>\n<div><\/div>\n<div>Unter den anderen Teilen des Holzpuzzles erkennen Sie einen Dinosaurier, eine fliegende Fledermaus, ein K\u00e4nguru<\/div>\n<div>.<\/div>\n<div><\/div>\n<div><strong>DETAILS ZUM PRODUKT:<\/strong><\/div>\n<div>Abmessungen des Modells: 400*244*5 mm<\/div>\n<div>Abmessungen der Verpackung: 255 x 192 x 42 mm<\/div>\n<div>Anzahl der St\u00fccke: 129<\/div>\n<\/div>\n<div><\/div>\n<\/div>","protected":false},"excerpt":{"rendered":"<p>T-REX-Tyrannosaurus Rex klassisches Holzpuzzle. Unter den anderen Teilen des Holzpuzzles werden Sie einen Dinosaurier, eine fliegende Fledermaus, ein K\u00e4nguru erkennen<\/p>","protected":false},"featured_media":858,"comment_status":"open","ping_status":"closed","template":"","meta":{"slim_seo":{"title":"\ud83e\udd96Dinosaurus 2D Holzpuzzle, 129 Teile","description":"T-REX Dinosaurier \/ Tyrannosaurus Rex klassisches Holzpuzzle \/ Jigsaw. Original-Puzzle f\u00fcr Kinder"}},"product_brand":[],"product_cat":[80,83,84],"product_tag":[],"woo-feed-brand":[],"class_list":{"0":"post-877","1":"product","2":"type-product","3":"status-publish","4":"has-post-thumbnail","6":"product_cat-puzzle-jigsaw","7":"product_cat-puzzle-jigsaw-bambini","8":"product_cat-puzzle-jigsaw-in-legno","10":"first","11":"instock","12":"shipping-taxable","13":"purchasable","14":"product-type-simple"},"_links":{"self":[{"href":"https:\/\/puzzle3d.co\/de\/wp-json\/wp\/v2\/product\/877","targetHints":{"allow":["GET"]}}],"collection":[{"href":"https:\/\/puzzle3d.co\/de\/wp-json\/wp\/v2\/product"}],"about":[{"href":"https:\/\/puzzle3d.co\/de\/wp-json\/wp\/v2\/types\/product"}],"replies":[{"embeddable":true,"href":"https:\/\/puzzle3d.co\/de\/wp-json\/wp\/v2\/comments?post=877"}],"wp:featuredmedia":[{"embeddable":true,"href":"https:\/\/puzzle3d.co\/de\/wp-json\/wp\/v2\/media\/858"}],"wp:attachment":[{"href":"https:\/\/puzzle3d.co\/de\/wp-json\/wp\/v2\/media?parent=877"}],"wp:term":[{"taxonomy":"product_brand","embeddable":true,"href":"https:\/\/puzzle3d.co\/de\/wp-json\/wp\/v2\/product_brand?post=877"},{"taxonomy":"product_cat","embeddable":true,"href":"https:\/\/puzzle3d.co\/de\/wp-json\/wp\/v2\/product_cat?post=877"},{"taxonomy":"product_tag","embeddable":true,"href":"https:\/\/puzzle3d.co\/de\/wp-json\/wp\/v2\/product_tag?post=877"},{"taxonomy":"woo-feed-brand","embeddable":true,"href":"https:\/\/puzzle3d.co\/de\/wp-json\/wp\/v2\/woo-feed-brand?post=877"}],"curies":[{"name":"wp","href":"https:\/\/api.w.org\/{rel}","templated":true}]}}