{"id":875,"date":"2023-01-26T12:17:36","date_gmt":"2023-01-26T12:17:36","guid":{"rendered":"https:\/\/puzzle3d.co\/product\/panther-puzzle-classic-lemn-copy\/"},"modified":"2025-09-10T09:44:49","modified_gmt":"2025-09-10T09:44:49","slug":"linx-puzzle-holz","status":"publish","type":"product","link":"https:\/\/puzzle3d.co\/de\/prodotto\/linx-puzzle-jigsaw-legno\/","title":{"rendered":"Linx Eurasisch - 2D-Holzpuzzle, 139 Teile"},"content":{"rendered":"<div><strong>Linx Eurasisch - 2D-Holzpuzzle, 139 Teile<\/strong><\/div>\n<div><\/div>\n<div>Sie dachten, es sei ein L\u00f6we, aber es ist ein Luchs, eine Wildkatzenart, die auch \"Schneepanther\" oder \"Schneekatze\" genannt wird.<\/div>\n<div><\/div>\n<div>Der Begriff \"Luchs\" kann sich auch auf eine Person beziehen, die sehr wach und aufmerksam ist oder \u00fcber ein sehr gutes Sehverm\u00f6gen verf\u00fcgt.<\/div>\n<div><\/div>\n<div>Wenn Sie sich also f\u00fcr aufmerksam und wach halten, fordere ich Sie auf, ein solches klassisches Holzpuzzle auszuprobieren, das nicht nur Ihre Aufmerksamkeit f\u00fcr Details, sondern auch Ihre Konzentration auf die Probe stellen wird.<\/div>\n<div><\/div>\n<div><strong>DETAILS ZUM PRODUKT:<\/strong><\/div>\n<div>Abmessungen des Modells: 353*280*5mm<\/div>\n<div>Abmessungen der Verpackung: 255 x 192 x 42 mm<\/div>\n<div>Anzahl der St\u00fccke: 139<\/div>","protected":false},"excerpt":{"rendered":"<p>LYNX - klassisches Holzpuzzle mit Wildkatze<\/p>","protected":false},"featured_media":854,"comment_status":"open","ping_status":"closed","template":"","meta":[],"product_brand":[],"product_cat":[80,84,83],"product_tag":[],"woo-feed-brand":[],"class_list":{"0":"post-875","1":"product","2":"type-product","3":"status-publish","4":"has-post-thumbnail","6":"product_cat-puzzle-jigsaw","7":"product_cat-puzzle-jigsaw-in-legno","8":"product_cat-puzzle-jigsaw-bambini","10":"first","11":"instock","12":"shipping-taxable","13":"purchasable","14":"product-type-simple"},"_links":{"self":[{"href":"https:\/\/puzzle3d.co\/de\/wp-json\/wp\/v2\/product\/875","targetHints":{"allow":["GET"]}}],"collection":[{"href":"https:\/\/puzzle3d.co\/de\/wp-json\/wp\/v2\/product"}],"about":[{"href":"https:\/\/puzzle3d.co\/de\/wp-json\/wp\/v2\/types\/product"}],"replies":[{"embeddable":true,"href":"https:\/\/puzzle3d.co\/de\/wp-json\/wp\/v2\/comments?post=875"}],"wp:featuredmedia":[{"embeddable":true,"href":"https:\/\/puzzle3d.co\/de\/wp-json\/wp\/v2\/media\/854"}],"wp:attachment":[{"href":"https:\/\/puzzle3d.co\/de\/wp-json\/wp\/v2\/media?parent=875"}],"wp:term":[{"taxonomy":"product_brand","embeddable":true,"href":"https:\/\/puzzle3d.co\/de\/wp-json\/wp\/v2\/product_brand?post=875"},{"taxonomy":"product_cat","embeddable":true,"href":"https:\/\/puzzle3d.co\/de\/wp-json\/wp\/v2\/product_cat?post=875"},{"taxonomy":"product_tag","embeddable":true,"href":"https:\/\/puzzle3d.co\/de\/wp-json\/wp\/v2\/product_tag?post=875"},{"taxonomy":"woo-feed-brand","embeddable":true,"href":"https:\/\/puzzle3d.co\/de\/wp-json\/wp\/v2\/woo-feed-brand?post=875"}],"curies":[{"name":"wp","href":"https:\/\/api.w.org\/{rel}","templated":true}]}}