{"id":873,"date":"2023-01-26T12:01:44","date_gmt":"2023-01-26T12:01:44","guid":{"rendered":"https:\/\/puzzle3d.co\/product\/lion-puzzle-classic-lemn-copy\/"},"modified":"2025-06-11T19:05:45","modified_gmt":"2025-06-11T19:05:45","slug":"panther-puzzle-classic-holzpuzzle","status":"publish","type":"product","link":"https:\/\/puzzle3d.co\/de\/prodotto\/pantera-puzzle-classic-legno-jigsaw\/","title":{"rendered":"Black PANTHER 2D-Holzpuzzle, 102 Teile"},"content":{"rendered":"<div><strong>Black PANTHER 2D-Holzpuzzle, 102 Teile<\/strong><\/div>\n<div><\/div>\n<div>Wussten Sie, dass der wissenschaftliche Name des schwarzen Panthers pardus ist?<\/div>\n<div><\/div>\n<div>In vielen traditionellen Kulturen Afrikas, Asiens und Indiens gilt der schwarze Panther als Symbol f\u00fcr St\u00e4rke und Mut, Wohlstand und Gl\u00fcck.<\/div>\n<div><\/div>\n<div>Suchen Sie noch nach Gr\u00fcnden, warum Sie sich f\u00fcr dieses niedliche Holzpuzzle entscheiden sollten?<\/div>\n<div><\/div>\n<div>Wenn Sie auch eine mutige Person sind, wird das Zusammensetzen der Teile ein interessanter Prozess sein. Unter den St\u00fccken finden Sie Wildkatzen, Jaguare, Tiger und andere Raubkatzen, die f\u00fcr ein actionreiches Erlebnis sorgen.<\/div>\n<div><\/div>\n<div><\/div>\n<div><strong>DETAILS ZUM PRODUKT:<\/strong><\/div>\n<div>Abmessungen des Modells: 311*280*5 mm<\/div>\n<div>Abmessungen der Verpackung: 255 x 192 x 42 mm<\/div>\n<div>Anzahl der St\u00fccke: 102<\/div>","protected":false},"excerpt":{"rendered":"<p>Der schwarze Panther gilt als Symbol f\u00fcr St\u00e4rke und Mut, Wohlstand und Gl\u00fcck. Unter den Teilen dieses Puzzles finden Sie Wildkatzen, Jaguare, Tiger und andere Raubkatzen f\u00fcr ein actiongeladenes Erlebnis.<\/p>","protected":false},"featured_media":857,"comment_status":"open","ping_status":"closed","template":"","meta":{"slim_seo":{"title":"\ud83d\udc08\u200d\u2b1bPANTERA Schwarzes Holzpuzzle, 102 Teile","description":"BLACK PANTHER 2D-Holzpuzzle. Entdecken Sie den Charme des 2D-Holzpuzzles mit dem faszinierenden Design des PANTHERA. Mit 102 Teilen bietet dieses Spiel Spa\u00df und Herausforderung f\u00fcr alle Altersgruppen."}},"product_brand":[],"product_cat":[80,83,84],"product_tag":[],"woo-feed-brand":[],"class_list":{"0":"post-873","1":"product","2":"type-product","3":"status-publish","4":"has-post-thumbnail","6":"product_cat-puzzle-jigsaw","7":"product_cat-puzzle-jigsaw-bambini","8":"product_cat-puzzle-jigsaw-in-legno","10":"first","11":"instock","12":"shipping-taxable","13":"purchasable","14":"product-type-simple"},"_links":{"self":[{"href":"https:\/\/puzzle3d.co\/de\/wp-json\/wp\/v2\/product\/873","targetHints":{"allow":["GET"]}}],"collection":[{"href":"https:\/\/puzzle3d.co\/de\/wp-json\/wp\/v2\/product"}],"about":[{"href":"https:\/\/puzzle3d.co\/de\/wp-json\/wp\/v2\/types\/product"}],"replies":[{"embeddable":true,"href":"https:\/\/puzzle3d.co\/de\/wp-json\/wp\/v2\/comments?post=873"}],"wp:featuredmedia":[{"embeddable":true,"href":"https:\/\/puzzle3d.co\/de\/wp-json\/wp\/v2\/media\/857"}],"wp:attachment":[{"href":"https:\/\/puzzle3d.co\/de\/wp-json\/wp\/v2\/media?parent=873"}],"wp:term":[{"taxonomy":"product_brand","embeddable":true,"href":"https:\/\/puzzle3d.co\/de\/wp-json\/wp\/v2\/product_brand?post=873"},{"taxonomy":"product_cat","embeddable":true,"href":"https:\/\/puzzle3d.co\/de\/wp-json\/wp\/v2\/product_cat?post=873"},{"taxonomy":"product_tag","embeddable":true,"href":"https:\/\/puzzle3d.co\/de\/wp-json\/wp\/v2\/product_tag?post=873"},{"taxonomy":"woo-feed-brand","embeddable":true,"href":"https:\/\/puzzle3d.co\/de\/wp-json\/wp\/v2\/woo-feed-brand?post=873"}],"curies":[{"name":"wp","href":"https:\/\/api.w.org\/{rel}","templated":true}]}}