{"id":870,"date":"2023-01-26T11:45:24","date_gmt":"2023-01-26T11:45:24","guid":{"rendered":"https:\/\/puzzle3d.co\/product\/fox-puzzle-classic-lemn-copy\/"},"modified":"2025-06-11T19:06:20","modified_gmt":"2025-06-11T19:06:20","slug":"lowenpuzzle-klassisch-holzpuzzle","status":"publish","type":"product","link":"https:\/\/puzzle3d.co\/de\/prodotto\/leone-puzzle-classic-jigsaw-legno\/","title":{"rendered":"2D-L\u00f6wenpuzzle aus Holz, 100 Teile"},"content":{"rendered":"<div><span style=\"font-size: 100%;\"><strong>LION - klassisches Holzpuzzle<\/strong><\/span><\/div>\n<div><\/div>\n<div><span style=\"font-size: 100%;\">Der K\u00f6nig der wilden Tiere ist jetzt zu Hause.<\/span><\/div>\n<div><\/div>\n<div><span style=\"font-size: 100%;\">Sie werden sich auf den ersten Blick in diesen L\u00f6wen verlieben. Raffinierte Details und kr\u00e4ftige Farben ziehen die Blicke auf sich und sorgen f\u00fcr Bewunderung.<\/span><\/div>\n<div><\/div>\n<div><span style=\"font-size: 100%;\">Er kommt nicht allein, sondern mit seiner Gro\u00dffamilie: Elefant, Tiger, Giraffe (welche Tiere erkennen Sie noch?), die Sie unter den h\u00f6lzernen Puzzlest\u00fccken wiedererkennen werden.<\/span><\/div>\n<div><\/div>\n<div><span style=\"font-size: 100%;\">Sie fragen warum? Weil stark zu sein und der K\u00f6nig der Tiere genannt zu werden vor allem bedeutet, Schulter an Schulter mit anderen zu stehen.<\/span><\/div>\n<div><\/div>\n<div><span style=\"font-size: 100%;\">Wenn Sie einen interessanten Abend mit jemandem verbringen m\u00f6chten, den Sie lieben, dann stellen Sie diesen L\u00f6wen zusammen und diskutieren Sie ein philosophisches Thema.<\/span><\/div>\n<div><\/div>\n<div><span style=\"font-size: 100%;\">In der Philosophie gilt der L\u00f6we beispielsweise als Symbol f\u00fcr die menschliche Natur, die sich in zwei Teile aufteilen l\u00e4sst: einen rationalen und einen tierischen Teil.<\/span><\/div>\n<div><\/div>\n<div><span style=\"font-size: 100%;\">Wir bieten 3 Gr\u00f6\u00dfen (S, M, L) an, aus denen du die richtige f\u00fcr die Wand in deinem Zuhause oder B\u00fcro ausw\u00e4hlen kannst. Oder vielleicht m\u00f6chten Sie dieses niedliche Puzzle in einen Rahmen setzen - die Wahl liegt bei Ihnen.<\/span><\/div>\n<div><\/div>\n<div><span style=\"font-size: 100%;\"><strong>DETAILS ZUM PRODUKT:<\/strong><\/span><\/div>\n<div><span style=\"font-size: 100%;\">Abmessungen des Modells: 310*280*5mm<\/span><\/div>\n<div><span style=\"font-size: 100%;\">Abmessungen der Verpackung: 255 x 192 x 42 mm<\/span><\/div>\n<div><span style=\"font-size: 100%;\">Anzahl der St\u00fccke: 100<\/span><\/div>","protected":false},"excerpt":{"rendered":"<p>Sie werden sich auf den ersten Blick in diesen L\u00f6wen verlieben. Raffinierte Details und kr\u00e4ftige Farben ziehen die Blicke auf sich und sorgen f\u00fcr Bewunderung.<br \/>\nEr kommt nicht allein, sondern mit seiner Gro\u00dffamilie: Elefant, Tiger, Giraffe, die Sie unter den h\u00f6lzernen Puzzlest\u00fccken erkennen werden.<\/p>","protected":false},"featured_media":853,"comment_status":"open","ping_status":"closed","template":"","meta":[],"product_brand":[],"product_cat":[80,84,83],"product_tag":[],"woo-feed-brand":[],"class_list":{"0":"post-870","1":"product","2":"type-product","3":"status-publish","4":"has-post-thumbnail","6":"product_cat-puzzle-jigsaw","7":"product_cat-puzzle-jigsaw-in-legno","8":"product_cat-puzzle-jigsaw-bambini","10":"first","11":"instock","12":"sale","13":"shipping-taxable","14":"purchasable","15":"product-type-simple"},"_links":{"self":[{"href":"https:\/\/puzzle3d.co\/de\/wp-json\/wp\/v2\/product\/870","targetHints":{"allow":["GET"]}}],"collection":[{"href":"https:\/\/puzzle3d.co\/de\/wp-json\/wp\/v2\/product"}],"about":[{"href":"https:\/\/puzzle3d.co\/de\/wp-json\/wp\/v2\/types\/product"}],"replies":[{"embeddable":true,"href":"https:\/\/puzzle3d.co\/de\/wp-json\/wp\/v2\/comments?post=870"}],"wp:featuredmedia":[{"embeddable":true,"href":"https:\/\/puzzle3d.co\/de\/wp-json\/wp\/v2\/media\/853"}],"wp:attachment":[{"href":"https:\/\/puzzle3d.co\/de\/wp-json\/wp\/v2\/media?parent=870"}],"wp:term":[{"taxonomy":"product_brand","embeddable":true,"href":"https:\/\/puzzle3d.co\/de\/wp-json\/wp\/v2\/product_brand?post=870"},{"taxonomy":"product_cat","embeddable":true,"href":"https:\/\/puzzle3d.co\/de\/wp-json\/wp\/v2\/product_cat?post=870"},{"taxonomy":"product_tag","embeddable":true,"href":"https:\/\/puzzle3d.co\/de\/wp-json\/wp\/v2\/product_tag?post=870"},{"taxonomy":"woo-feed-brand","embeddable":true,"href":"https:\/\/puzzle3d.co\/de\/wp-json\/wp\/v2\/woo-feed-brand?post=870"}],"curies":[{"name":"wp","href":"https:\/\/api.w.org\/{rel}","templated":true}]}}