{"id":868,"date":"2023-01-26T10:56:46","date_gmt":"2023-01-26T10:56:46","guid":{"rendered":"https:\/\/puzzle3d.co\/product\/turtle-puzzle-classic-lemn-copy\/"},"modified":"2025-06-11T19:06:33","modified_gmt":"2025-06-11T19:06:33","slug":"vulpa-puzzle-classic-holz","status":"publish","type":"product","link":"https:\/\/puzzle3d.co\/de\/prodotto\/vulpa-puzzle-classic-legno\/","title":{"rendered":"VULPA 2D Holzpuzzle, 141 Teile"},"content":{"rendered":"<div><strong>VULPA classic Holzpuzzle<\/strong><\/div>\n<div><\/div>\n<div>Ein Puzzle voller Charme und Herausforderung verzaubert Sie mit feinen Details und \u00fcppigen Farben.<\/div>\n<div>Was sehen Sie in seinen Augen: Gerissenheit und Verf\u00fchrung oder Intelligenz, Mut und Unabh\u00e4ngigkeit?<\/div>\n<div><\/div>\n<div>Die Art und Weise, wie Sie es wahrnehmen, kann auch viel \u00fcber Sie als Person aussagen.<\/div>\n<div><\/div>\n<div>Unter den Puzzleteilen, aus denen diese wunderbare Dekoration besteht, finden Sie weitere F\u00fcchse, W\u00f6lfe, Kaninchen, Ratten und H\u00fchner.<\/div>\n<div>Trainieren Sie Ihre Fantasie mit all diesen Tieren und dekorieren Sie dann einen Ort, an dem Sie gerne Zeit verbringen, um sie so oft wie m\u00f6glich zu bewundern.<\/div>\n<div><\/div>\n<div>Der Fuchs wird Sie auch an den Wald erinnern, also gehen Sie, wann immer Sie die Gelegenheit haben, in den Park oder Wald und tauchen Sie in die Natur ein.<\/div>\n<div><\/div>\n<div><strong>DETAILS ZUM PRODUKT:<\/strong><\/div>\n<div>Abmessungen des Modells: 400*280*5 mm<\/div>\n<div>Abmessungen der Verpackung: 255 x 192 x 42 mm<\/div>\n<div>Anzahl der St\u00fccke: 141<\/div>","protected":false},"excerpt":{"rendered":"<p>Unter den Puzzleteilen, aus denen diese wunderbare Dekoration besteht, finden Sie weitere F\u00fcchse, W\u00f6lfe, Kaninchen, Ratten und H\u00fchner.<\/p>","protected":false},"featured_media":851,"comment_status":"open","ping_status":"closed","template":"","meta":[],"product_brand":[],"product_cat":[80,84,83],"product_tag":[],"woo-feed-brand":[],"class_list":{"0":"post-868","1":"product","2":"type-product","3":"status-publish","4":"has-post-thumbnail","6":"product_cat-puzzle-jigsaw","7":"product_cat-puzzle-jigsaw-in-legno","8":"product_cat-puzzle-jigsaw-bambini","10":"first","11":"instock","12":"shipping-taxable","13":"purchasable","14":"product-type-simple"},"_links":{"self":[{"href":"https:\/\/puzzle3d.co\/de\/wp-json\/wp\/v2\/product\/868","targetHints":{"allow":["GET"]}}],"collection":[{"href":"https:\/\/puzzle3d.co\/de\/wp-json\/wp\/v2\/product"}],"about":[{"href":"https:\/\/puzzle3d.co\/de\/wp-json\/wp\/v2\/types\/product"}],"replies":[{"embeddable":true,"href":"https:\/\/puzzle3d.co\/de\/wp-json\/wp\/v2\/comments?post=868"}],"wp:featuredmedia":[{"embeddable":true,"href":"https:\/\/puzzle3d.co\/de\/wp-json\/wp\/v2\/media\/851"}],"wp:attachment":[{"href":"https:\/\/puzzle3d.co\/de\/wp-json\/wp\/v2\/media?parent=868"}],"wp:term":[{"taxonomy":"product_brand","embeddable":true,"href":"https:\/\/puzzle3d.co\/de\/wp-json\/wp\/v2\/product_brand?post=868"},{"taxonomy":"product_cat","embeddable":true,"href":"https:\/\/puzzle3d.co\/de\/wp-json\/wp\/v2\/product_cat?post=868"},{"taxonomy":"product_tag","embeddable":true,"href":"https:\/\/puzzle3d.co\/de\/wp-json\/wp\/v2\/product_tag?post=868"},{"taxonomy":"woo-feed-brand","embeddable":true,"href":"https:\/\/puzzle3d.co\/de\/wp-json\/wp\/v2\/woo-feed-brand?post=868"}],"curies":[{"name":"wp","href":"https:\/\/api.w.org\/{rel}","templated":true}]}}