{"id":866,"date":"2023-01-25T22:19:56","date_gmt":"2023-01-25T22:19:56","guid":{"rendered":"https:\/\/puzzle3d.co\/product\/owl-puzzle-classic-lemn-copy\/"},"modified":"2026-01-21T16:50:41","modified_gmt":"2026-01-21T16:50:41","slug":"schildkrotenpuzzle","status":"publish","type":"product","link":"https:\/\/puzzle3d.co\/de\/prodotto\/tartaruga-puzzle\/","title":{"rendered":"TARTARUGA 2D Puzzle \/ Holzpuzzle, 150 Teile"},"content":{"rendered":"<div><strong>TARTARUGA 2D Calssic Puzzle \/ Holzpuzzle, 150 Teile<\/strong><\/div>\n<div><\/div>\n<div>Fragst du dich auch, wo der Frosch angefangen hat? Lassen Sie uns gemeinsam nach der Antwort suchen.<\/div>\n<div><\/div>\n<div>Interessanterweise sind Schildkr\u00f6ten das Symbol f\u00fcr Langlebigkeit, da sie \u00fcber 100 Jahre alt werden k\u00f6nnen. Ihr Panzer steht f\u00fcr Schutz und Sicherheit und bietet eine geistige und k\u00f6rperliche Barriere.<\/div>\n<div><\/div>\n<div>Wenn Sie sich ersch\u00f6pft f\u00fchlen, ist es ratsam, ein Puzzle wie das auf dem Bild zu bauen. Sie werden sich entspannen, sich konzentrieren und sogar eine Schale \u00fcber die anstrengende Routine legen.<\/div>\n<div><\/div>\n<div>Lassen Sie sich von der Schildkr\u00f6te im Puzzle auf dem Bild begeistern und finden Sie am Ende heraus, wo sie angefangen hat.<\/div>\n<div><\/div>\n<div><strong>DETAILS ZUM PRODUKT:<\/strong><\/div>\n<div>Abmessungen des Modells: 281*395*5 mm<\/div>\n<div>Abmessungen der Verpackung: 255 x 192 x 42 mm<\/div>\n<div>Anzahl der St\u00fccke: 150<\/div>","protected":false},"excerpt":{"rendered":"<p>TARTARUGA Puzzle 2D Calssico \/ Jigsaw in legno, 150 pezzi Ti chiedi anche tu dove \u00e8 iniziata la rana? Cerchiamo insieme la risposta. \u00c8 interessante sapere che le tartarughe sono il simbolo della longevit\u00e0, perch\u00e9 vivono oltre 100 anni. Il loro guscio significa protezione e sicurezza, offrendo una barriera mentale e fisica. Quando ti senti [&#8230;]\n","protected":false},"featured_media":859,"comment_status":"open","ping_status":"closed","template":"","meta":[],"product_brand":[],"product_cat":[80,84,83],"product_tag":[],"woo-feed-brand":[],"class_list":{"0":"post-866","1":"product","2":"type-product","3":"status-publish","4":"has-post-thumbnail","6":"product_cat-puzzle-jigsaw","7":"product_cat-puzzle-jigsaw-in-legno","8":"product_cat-puzzle-jigsaw-bambini","10":"first","11":"instock","12":"shipping-taxable","13":"purchasable","14":"product-type-simple"},"_links":{"self":[{"href":"https:\/\/puzzle3d.co\/de\/wp-json\/wp\/v2\/product\/866","targetHints":{"allow":["GET"]}}],"collection":[{"href":"https:\/\/puzzle3d.co\/de\/wp-json\/wp\/v2\/product"}],"about":[{"href":"https:\/\/puzzle3d.co\/de\/wp-json\/wp\/v2\/types\/product"}],"replies":[{"embeddable":true,"href":"https:\/\/puzzle3d.co\/de\/wp-json\/wp\/v2\/comments?post=866"}],"wp:featuredmedia":[{"embeddable":true,"href":"https:\/\/puzzle3d.co\/de\/wp-json\/wp\/v2\/media\/859"}],"wp:attachment":[{"href":"https:\/\/puzzle3d.co\/de\/wp-json\/wp\/v2\/media?parent=866"}],"wp:term":[{"taxonomy":"product_brand","embeddable":true,"href":"https:\/\/puzzle3d.co\/de\/wp-json\/wp\/v2\/product_brand?post=866"},{"taxonomy":"product_cat","embeddable":true,"href":"https:\/\/puzzle3d.co\/de\/wp-json\/wp\/v2\/product_cat?post=866"},{"taxonomy":"product_tag","embeddable":true,"href":"https:\/\/puzzle3d.co\/de\/wp-json\/wp\/v2\/product_tag?post=866"},{"taxonomy":"woo-feed-brand","embeddable":true,"href":"https:\/\/puzzle3d.co\/de\/wp-json\/wp\/v2\/woo-feed-brand?post=866"}],"curies":[{"name":"wp","href":"https:\/\/api.w.org\/{rel}","templated":true}]}}