{"id":864,"date":"2023-01-25T22:15:13","date_gmt":"2023-01-25T22:15:13","guid":{"rendered":"https:\/\/puzzle3d.co\/product\/mastodon-puzzle-classic-lemn-copy\/"},"modified":"2025-06-11T19:07:05","modified_gmt":"2025-06-11T19:07:05","slug":"eulenpuzzle-klassisch-holz","status":"publish","type":"product","link":"https:\/\/puzzle3d.co\/de\/prodotto\/gufo-puzzle-classic-legno\/","title":{"rendered":"2D-Holzpuzzle Eule, 120 Teile"},"content":{"rendered":"<div>\n<h2><strong>2D-Holzpuzzle Eule, 120 Teile<\/strong><\/h2>\n<div>\"Im Dunkeln sehen\" bedeutet nicht nur, sich nachts in einem Raum ohne Licht zurechtzufinden... Es ist die F\u00e4higkeit, die verborgene Wahrheit zu verstehen und zu sehen.<\/div>\n<\/div>\n<div>\n<div>Deshalb ist die Eule in der griechischen Mythologie das Symbol f\u00fcr Weisheit und Intelligenz.<\/div>\n<div>Und eine Eule aus Holzpuzzleteilen vermittelt Liebe zum Detail, Konzentration und Entschlossenheit<\/div>\n<div>Unter den St\u00fccken finden sich auch andere Waldpartner wie Wolf, Fuchs, Kaninchen, Adler und B\u00e4r.<\/div>\n<div>Wie w\u00e4re es, wenn Sie diese Figuren nutzen, um Ihrem Kind eine Lektion in Sachen Weisheit zu erteilen?<\/div>\n<div><\/div>\n<div>Du wirst ihm sagen, dass der Fuchs lieb ist und der Hase \u00e4ngstlich, oder du wirst ihm zeigen, dass sie alle unterschiedlich sind, manche gr\u00f6\u00dfer, manche kleiner, aber sie sind im Gleichgewicht und respektieren die Natur.<\/div>\n<div><\/div>\n<div>Bauen Sie es zusammen, haben Sie Spa\u00df und schauen Sie in die tiefliegenden Augen der Eule, was Sie nicht sehen k\u00f6nnen.<\/div>\n<div><\/div>\n<div><strong>DETAILS ZUM PRODUKT:<\/strong><\/div>\n<div>Abmessungen des Modells: 283*297*5 mm<\/div>\n<div>Abmessungen der Verpackung: 255 x 192 x 42 mm<\/div>\n<div>Anzahl der St\u00fccke: 120<\/div>\n<\/div>","protected":false},"excerpt":{"rendered":"<p>In der griechischen Mythologie ist die Eule das Symbol f\u00fcr Weisheit und Intelligenz, und eine Eule, die aus den Teilen eines Holzpuzzles zusammengesetzt ist, steht f\u00fcr Detailgenauigkeit, Konzentration und Entschlossenheit.<\/p>","protected":false},"featured_media":856,"comment_status":"open","ping_status":"closed","template":"","meta":[],"product_brand":[],"product_cat":[80,84,83],"product_tag":[],"woo-feed-brand":[],"class_list":{"0":"post-864","1":"product","2":"type-product","3":"status-publish","4":"has-post-thumbnail","6":"product_cat-puzzle-jigsaw","7":"product_cat-puzzle-jigsaw-in-legno","8":"product_cat-puzzle-jigsaw-bambini","10":"first","11":"instock","12":"shipping-taxable","13":"purchasable","14":"product-type-simple"},"_links":{"self":[{"href":"https:\/\/puzzle3d.co\/de\/wp-json\/wp\/v2\/product\/864","targetHints":{"allow":["GET"]}}],"collection":[{"href":"https:\/\/puzzle3d.co\/de\/wp-json\/wp\/v2\/product"}],"about":[{"href":"https:\/\/puzzle3d.co\/de\/wp-json\/wp\/v2\/types\/product"}],"replies":[{"embeddable":true,"href":"https:\/\/puzzle3d.co\/de\/wp-json\/wp\/v2\/comments?post=864"}],"wp:featuredmedia":[{"embeddable":true,"href":"https:\/\/puzzle3d.co\/de\/wp-json\/wp\/v2\/media\/856"}],"wp:attachment":[{"href":"https:\/\/puzzle3d.co\/de\/wp-json\/wp\/v2\/media?parent=864"}],"wp:term":[{"taxonomy":"product_brand","embeddable":true,"href":"https:\/\/puzzle3d.co\/de\/wp-json\/wp\/v2\/product_brand?post=864"},{"taxonomy":"product_cat","embeddable":true,"href":"https:\/\/puzzle3d.co\/de\/wp-json\/wp\/v2\/product_cat?post=864"},{"taxonomy":"product_tag","embeddable":true,"href":"https:\/\/puzzle3d.co\/de\/wp-json\/wp\/v2\/product_tag?post=864"},{"taxonomy":"woo-feed-brand","embeddable":true,"href":"https:\/\/puzzle3d.co\/de\/wp-json\/wp\/v2\/woo-feed-brand?post=864"}],"curies":[{"name":"wp","href":"https:\/\/api.w.org\/{rel}","templated":true}]}}