{"id":862,"date":"2023-01-25T22:08:41","date_gmt":"2023-01-25T22:08:41","guid":{"rendered":"https:\/\/puzzle3d.co\/product\/bat-m-puzzle-classic-lemn-copy\/"},"modified":"2025-06-11T19:07:19","modified_gmt":"2025-06-11T19:07:19","slug":"mastodon-puzzle-klassisch-puzzle","status":"publish","type":"product","link":"https:\/\/puzzle3d.co\/de\/prodotto\/mastodon-puzzle-classic-jigsaw\/","title":{"rendered":"MASTODON 2D-Holzpuzzle, 180 Teile"},"content":{"rendered":"<div>\n<p><strong>MASTODON Classic 2D Puzzle\/ Holzpuzzle, 180 Teile<\/strong><\/p>\n<div>Wo ist das Mastodon hin? Das wissen nicht einmal die Forscher.<\/div>\n<\/div>\n<div>\n<div>\n<div><\/div>\n<div>Erst vor etwa 10.000 Jahren wurde entdeckt, dass auf dem nordamerikanischen Kontinent ein S\u00e4ugetier lebte, das zwischen 4 und 10 Tonnen wog und bis zu 10 Meter lang war.<\/div>\n<div><\/div>\n<div>Die Skelettstruktur \u00e4hnelte der des Elefanten, aber die Proportionen waren sehr unterschiedlich.<\/div>\n<div><\/div>\n<div>Es wird angenommen, dass sie wegen des Klimas verschwunden sind....<\/div>\n<div>Setzen Sie auf Originalit\u00e4t und dekorieren Sie Ihre Wohnung oder Ihr B\u00fcro mit einem pr\u00e4historischen S\u00e4ugetier, das noch niemand gesehen hat.<\/div>\n<div><\/div>\n<div>Es macht Spa\u00df, ein Puzzle zusammenzusetzen, in dem man Elefanten, B\u00e4ren, Tiger, Nash\u00f6rner und andere tapfere Freunde unter den Holzteilen finden kann.<\/div>\n<div><\/div>\n<div>Gleichzeitig entspannen Sie sich, konzentrieren sich und sp\u00fcren, wie Ihr Gehirn die Herausforderung zu sch\u00e4tzen wei\u00df.<\/div>\n<div><\/div>\n<div>Wir bieten 3 Gr\u00f6\u00dfen (S, M, L) an, aus denen du die richtige f\u00fcr die Wand in deinem Zuhause oder B\u00fcro ausw\u00e4hlen kannst. Oder vielleicht m\u00f6chten Sie dieses niedliche Puzzle in einen Rahmen setzen - die Wahl liegt bei Ihnen.<\/div>\n<div><\/div>\n<div><strong>DETAILS ZUM PRODUKT:<\/strong><\/div>\n<div>Abmessungen des Modells: 286*387*5 mm<\/div>\n<div>Abmessungen der Verpackung: 255 x 192 x 42 mm<\/div>\n<div>Anzahl der St\u00fccke: 180<\/div>\n<\/div>\n<div><\/div>\n<\/div>","protected":false},"excerpt":{"rendered":"<p>Es macht Spa\u00df, ein Puzzle zusammenzusetzen, in dem man Elefanten, B\u00e4ren, Tiger, Nash\u00f6rner und andere tapfere Freunde unter den Holzteilen finden kann.<\/p>","protected":false},"featured_media":855,"comment_status":"open","ping_status":"closed","template":"","meta":[],"product_brand":[],"product_cat":[80,84,83],"product_tag":[],"woo-feed-brand":[],"class_list":{"0":"post-862","1":"product","2":"type-product","3":"status-publish","4":"has-post-thumbnail","6":"product_cat-puzzle-jigsaw","7":"product_cat-puzzle-jigsaw-in-legno","8":"product_cat-puzzle-jigsaw-bambini","10":"first","11":"instock","12":"shipping-taxable","13":"purchasable","14":"product-type-simple"},"_links":{"self":[{"href":"https:\/\/puzzle3d.co\/de\/wp-json\/wp\/v2\/product\/862","targetHints":{"allow":["GET"]}}],"collection":[{"href":"https:\/\/puzzle3d.co\/de\/wp-json\/wp\/v2\/product"}],"about":[{"href":"https:\/\/puzzle3d.co\/de\/wp-json\/wp\/v2\/types\/product"}],"replies":[{"embeddable":true,"href":"https:\/\/puzzle3d.co\/de\/wp-json\/wp\/v2\/comments?post=862"}],"wp:featuredmedia":[{"embeddable":true,"href":"https:\/\/puzzle3d.co\/de\/wp-json\/wp\/v2\/media\/855"}],"wp:attachment":[{"href":"https:\/\/puzzle3d.co\/de\/wp-json\/wp\/v2\/media?parent=862"}],"wp:term":[{"taxonomy":"product_brand","embeddable":true,"href":"https:\/\/puzzle3d.co\/de\/wp-json\/wp\/v2\/product_brand?post=862"},{"taxonomy":"product_cat","embeddable":true,"href":"https:\/\/puzzle3d.co\/de\/wp-json\/wp\/v2\/product_cat?post=862"},{"taxonomy":"product_tag","embeddable":true,"href":"https:\/\/puzzle3d.co\/de\/wp-json\/wp\/v2\/product_tag?post=862"},{"taxonomy":"woo-feed-brand","embeddable":true,"href":"https:\/\/puzzle3d.co\/de\/wp-json\/wp\/v2\/woo-feed-brand?post=862"}],"curies":[{"name":"wp","href":"https:\/\/api.w.org\/{rel}","templated":true}]}}