{"id":847,"date":"2023-01-25T21:56:10","date_gmt":"2023-01-25T21:56:10","guid":{"rendered":"https:\/\/puzzle3d.co\/product\/ram-puzzle-classic-copy\/"},"modified":"2025-06-11T19:07:50","modified_gmt":"2025-06-11T19:07:50","slug":"2d-holzpuzzle-fisch","status":"publish","type":"product","link":"https:\/\/puzzle3d.co\/de\/prodotto\/pesci-puzzle-2d-in-legno\/","title":{"rendered":"2D Fisch-Puzzle aus Holz - 150 Teile"},"content":{"rendered":"<div>\n<p><strong>Fisch 2D Holzpuzzle, 150 Teile<\/strong><\/p>\n<\/div>\n<div>\n<div>\n<div>Sie sehen hier einen niedlichen und intelligenten Fisch: Koi. Sie sind eine in Asien beheimatete Art, genauer gesagt leben sie in den S\u00fc\u00dfgew\u00e4ssern von China und Japan.<\/div>\n<div><\/div>\n<div>Im Osten sind sie das Symbol f\u00fcr Mut und Ausdauer.<\/div>\n<div><\/div>\n<div>Sie gedeihen nur in sauberem, sauerstoffreichem Wasser bei einer Temperatur zwischen 10 und 30 Grad Celsius und ern\u00e4hren sich von einer ausgewogenen Ern\u00e4hrung aus Pflanzen und Algen.<\/div>\n<div><\/div>\n<div>Das Zusammensetzen dieses Puzzles wird ein angenehmer Moment der Ruhe und Entspannung sein, und das anschlie\u00dfende Bewundern des Puzzles wird Sie an Gleichgewicht und Harmonie erinnern.<\/div>\n<div><\/div>\n<div>Es ist wunderbar, nach Gleichgewicht und Harmonie mit sich selbst und den Menschen um uns herum zu streben!<\/div>\n<div><\/div>\n<div><strong>DETAILS ZUM PRODUKT:<\/strong><\/div>\n<div>Abmessungen des Modells: 282*387*5 mm<\/div>\n<div>Abmessungen der Verpackung: 255 x 192 x 42 mm<\/div>\n<div>Anzahl der St\u00fccke: 150<\/div>\n<\/div>\n<div><\/div>\n<\/div>","protected":false},"excerpt":{"rendered":"<div>KOI - klassisches Holzpuzzle\/Puzzle<br \/>\nDas Zusammensetzen dieses Puzzles wird ein angenehmer Moment der Ruhe und Entspannung sein, und das anschlie\u00dfende Bewundern des Puzzles wird Sie an Gleichgewicht und Harmonie erinnern.<\/div>\n<p>&nbsp;<\/p>","protected":false},"featured_media":852,"comment_status":"open","ping_status":"closed","template":"","meta":[],"product_brand":[],"product_cat":[80,84,83],"product_tag":[],"woo-feed-brand":[],"class_list":{"0":"post-847","1":"product","2":"type-product","3":"status-publish","4":"has-post-thumbnail","6":"product_cat-puzzle-jigsaw","7":"product_cat-puzzle-jigsaw-in-legno","8":"product_cat-puzzle-jigsaw-bambini","10":"first","11":"instock","12":"shipping-taxable","13":"purchasable","14":"product-type-simple"},"_links":{"self":[{"href":"https:\/\/puzzle3d.co\/de\/wp-json\/wp\/v2\/product\/847","targetHints":{"allow":["GET"]}}],"collection":[{"href":"https:\/\/puzzle3d.co\/de\/wp-json\/wp\/v2\/product"}],"about":[{"href":"https:\/\/puzzle3d.co\/de\/wp-json\/wp\/v2\/types\/product"}],"replies":[{"embeddable":true,"href":"https:\/\/puzzle3d.co\/de\/wp-json\/wp\/v2\/comments?post=847"}],"wp:featuredmedia":[{"embeddable":true,"href":"https:\/\/puzzle3d.co\/de\/wp-json\/wp\/v2\/media\/852"}],"wp:attachment":[{"href":"https:\/\/puzzle3d.co\/de\/wp-json\/wp\/v2\/media?parent=847"}],"wp:term":[{"taxonomy":"product_brand","embeddable":true,"href":"https:\/\/puzzle3d.co\/de\/wp-json\/wp\/v2\/product_brand?post=847"},{"taxonomy":"product_cat","embeddable":true,"href":"https:\/\/puzzle3d.co\/de\/wp-json\/wp\/v2\/product_cat?post=847"},{"taxonomy":"product_tag","embeddable":true,"href":"https:\/\/puzzle3d.co\/de\/wp-json\/wp\/v2\/product_tag?post=847"},{"taxonomy":"woo-feed-brand","embeddable":true,"href":"https:\/\/puzzle3d.co\/de\/wp-json\/wp\/v2\/woo-feed-brand?post=847"}],"curies":[{"name":"wp","href":"https:\/\/api.w.org\/{rel}","templated":true}]}}