{"id":843,"date":"2023-01-25T21:31:29","date_gmt":"2023-01-25T21:31:29","guid":{"rendered":"https:\/\/puzzle3d.co\/product\/gramophone-puzzle-3d-copy\/"},"modified":"2025-06-11T19:08:06","modified_gmt":"2025-06-11T19:08:06","slug":"widder-2d-holzpuzzle-130-teile","status":"publish","type":"product","link":"https:\/\/puzzle3d.co\/de\/prodotto\/ariete-puzzle-2d-jigsaw-in-legno-130-pezzi\/","title":{"rendered":"ARIETE 2D-Holzpuzzle, 130 Teile"},"content":{"rendered":"<div>\n<p><strong>ARIETE 2D-Holzpuzzle, 130 Teile<\/strong><\/p>\n<\/div>\n<div>\n<div>\n<div>Sie m\u00fcssen nicht im Zeichen des Widders geboren sein, um dieses wunderbare Puzzle zusammenzusetzen.<\/div>\n<div><\/div>\n<div>Aber beachten Sie etwas Interessantes \u00fcber sie:<\/div>\n<div>sind ehrgeizig und energisch, k\u00f6nnen sich an Ver\u00e4nderungen anpassen und betrachten sich selbst als furchtlose F\u00fchrungskr\u00e4fte.<\/div>\n<div><\/div>\n<div>Elon Musk - Gr\u00fcnder und CEO von SpaceX und Tesla;<\/div>\n<div><\/div>\n<div>Albert Einstein - der Physiker, der die Welt revolutionierte;<\/div>\n<div><\/div>\n<div>Mark Zuckerberg - Gr\u00fcnder und CEO von Facebook;<\/div>\n<div><\/div>\n<div>Prinz Charles - Sohn von K\u00f6nigin Elisabeth II;<\/div>\n<div><\/div>\n<div>Nicolae Ceausescu und viele andere ber\u00fchmte Pers\u00f6nlichkeiten sind im Tierkreiszeichen Widder zu finden.<\/div>\n<div><\/div>\n<div>Sind Sie nun \u00fcberzeugt, dass ein Widder-Puzzle auf den ersten Blick au\u00dfergew\u00f6hnliche Qualit\u00e4ten entfaltet?<\/div>\n<div><\/div>\n<div><strong>DETAILS ZUM PRODUKT:<\/strong><\/div>\n<div>Abmessungen des Modells: 282*387*5 mm<\/div>\n<div>Abmessungen der Verpackung: 255 x 192 x 42 mm<\/div>\n<div>Anzahl der St\u00fccke: 130<\/div>\n<\/div>\n<div><\/div>\n<\/div>","protected":false},"excerpt":{"rendered":"<p>Es ist nicht notwendig, im Zeichen des Widders geboren zu sein, um dieses wunderbare Puzzle zusammenzusetzen. Aber bedenken Sie etwas Interessantes \u00fcber sie: Sie sind ehrgeizig und energisch, anpassungsf\u00e4hig an Ver\u00e4nderungen und betrachten sich als furchtlose F\u00fchrer.<\/p>","protected":false},"featured_media":845,"comment_status":"open","ping_status":"closed","template":"","meta":{"slim_seo":{"title":"\u2648 ARIETE 2D Holzpuzzle, 130 Teile","description":"ARIES-Puzzle. Man muss nicht im Zeichen des Widders geboren sein, um dieses wunderbare Puzzle zusammenzusetzen. Aber beachten Sie etwas Interessantes \u00fcber sie: Sie sind ehrgeizig und energisch, anpassungsf\u00e4hig an Ver\u00e4nderungen und betrachten sich als furchtlose F\u00fchrer."}},"product_brand":[],"product_cat":[80,83,84],"product_tag":[],"woo-feed-brand":[],"class_list":{"0":"post-843","1":"product","2":"type-product","3":"status-publish","4":"has-post-thumbnail","6":"product_cat-puzzle-jigsaw","7":"product_cat-puzzle-jigsaw-bambini","8":"product_cat-puzzle-jigsaw-in-legno","10":"first","11":"instock","12":"shipping-taxable","13":"purchasable","14":"product-type-simple"},"_links":{"self":[{"href":"https:\/\/puzzle3d.co\/de\/wp-json\/wp\/v2\/product\/843","targetHints":{"allow":["GET"]}}],"collection":[{"href":"https:\/\/puzzle3d.co\/de\/wp-json\/wp\/v2\/product"}],"about":[{"href":"https:\/\/puzzle3d.co\/de\/wp-json\/wp\/v2\/types\/product"}],"replies":[{"embeddable":true,"href":"https:\/\/puzzle3d.co\/de\/wp-json\/wp\/v2\/comments?post=843"}],"wp:featuredmedia":[{"embeddable":true,"href":"https:\/\/puzzle3d.co\/de\/wp-json\/wp\/v2\/media\/845"}],"wp:attachment":[{"href":"https:\/\/puzzle3d.co\/de\/wp-json\/wp\/v2\/media?parent=843"}],"wp:term":[{"taxonomy":"product_brand","embeddable":true,"href":"https:\/\/puzzle3d.co\/de\/wp-json\/wp\/v2\/product_brand?post=843"},{"taxonomy":"product_cat","embeddable":true,"href":"https:\/\/puzzle3d.co\/de\/wp-json\/wp\/v2\/product_cat?post=843"},{"taxonomy":"product_tag","embeddable":true,"href":"https:\/\/puzzle3d.co\/de\/wp-json\/wp\/v2\/product_tag?post=843"},{"taxonomy":"woo-feed-brand","embeddable":true,"href":"https:\/\/puzzle3d.co\/de\/wp-json\/wp\/v2\/woo-feed-brand?post=843"}],"curies":[{"name":"wp","href":"https:\/\/api.w.org\/{rel}","templated":true}]}}