{"id":834,"date":"2023-01-25T15:04:00","date_gmt":"2023-01-25T15:04:00","guid":{"rendered":"https:\/\/puzzle3d.co\/product\/kinetic-globe-puzzle-3d-copy\/"},"modified":"2025-06-11T19:09:09","modified_gmt":"2025-06-11T19:09:09","slug":"3d-mechanisches-holzpuzzle-grammophon","status":"publish","type":"product","link":"https:\/\/puzzle3d.co\/de\/prodotto\/grammofono-puzzle-meccanico-3d-in-legno\/","title":{"rendered":"Das Grammophon 3D Mechanisches Holzbaumodell, 321 Teile"},"content":{"rendered":"<div><strong>Das Grammophon - 3D mechanisches Holzpuzzle - 321 Teile<\/strong><\/div>\n<div><\/div>\n<div>Thomas Edison, eine der wichtigsten Pers\u00f6nlichkeiten in der Geschichte der Technik, erfand 1877 das Grammophon auf einem Wachsstab. Es war ein kommerzieller Erfolg und wurde in den Vereinigten Staaten schnell popul\u00e4r.<\/div>\n<div><\/div>\n<div>10 Jahre sp\u00e4ter erfand der in Deutschland geborene amerikanische Ingenieur Emil Berliner das Grammophon mit Schallplatten.<\/div>\n<div><\/div>\n<div>Beide Grammophone leisteten einen kolossalen Beitrag zur Musik- und Kommunikationsindustrie.<\/div>\n<div><\/div>\n<div>Das Grammophon, das vor Ihnen steht, erfreut Sie jeden Tag auf besondere Weise.<\/div>\n<div><\/div>\n<div>Es wird sch\u00f6n sein, den Tag mit diesem Grammophon zu beginnen, neben dem Sie Ihren Kaffee in einer entspannten Atmosph\u00e4re genie\u00dfen k\u00f6nnen. Dann nehmen Sie Ihre Uhr oder das Schmuckst\u00fcck des Tages aus dem Geheimfach. Am Abend \u00f6ffnen Sie das K\u00e4stchen wieder, um das Schmuckst\u00fcck aufzubewahren. So verwandeln Ihre t\u00e4glichen Rituale das Grammophon in einen Gegenstand, zu dem Sie eine enge Bindung haben werden.<\/div>\n<div><\/div>\n<div>Das Zusammenbauen des Grammophons ist eine angenehme und entspannende T\u00e4tigkeit, bei der man am Ende nicht so schnell wegschauen wird.<\/div>\n<div><\/div>\n<h2><strong>Ideales Geschenk f\u00fcr Frauen und Musikliebhaber<\/strong><\/h2>\n<div><\/div>\n<div>Es ist ein originelles Geschenk f\u00fcr Frauen und M\u00e4nner mit einer Leidenschaft f\u00fcr Musik, Kultur und Kunst. Die Box bringt zus\u00e4tzlichen Wert und kann mit Uhren, Schmuck oder Liebesbotschaften erg\u00e4nzt werden.<\/div>\n<div><\/div>\n<div>Ein sch\u00f6nes Dekorationsst\u00fcck f\u00fcr jeden Raum in Ihrem Zuhause.<\/div>\n<div><\/div>\n<div>Wenn Sie nicht wissen, welches Geschenk Sie f\u00fcr einen geliebten oder gesch\u00e4tzten Menschen ausw\u00e4hlen sollen, w\u00e4hlen Sie ein Grammophon.<\/div>\n<div><\/div>\n<div><strong>DETAILS ZUM PRODUKT:<\/strong><\/div>\n<div>Abmessungen des Modells: 407*274*312 mm<\/div>\n<div>Abmessungen der Verpackung: 377 x 243 x 45 mm<\/div>\n<div>Anzahl der St\u00fccke: 321<\/div>","protected":false},"excerpt":{"rendered":"<div>Das Zusammenbauen des Grammophons ist eine angenehme und entspannende T\u00e4tigkeit, bei der man am Ende nicht so schnell wegschauen wird.<\/div>\n<p>&nbsp;<\/p>","protected":false},"featured_media":839,"comment_status":"open","ping_status":"closed","template":"","meta":[],"product_brand":[],"product_cat":[73,74,76,89,90],"product_tag":[],"woo-feed-brand":[],"class_list":{"0":"post-834","1":"product","2":"type-product","3":"status-publish","4":"has-post-thumbnail","6":"product_cat-puzzle-3d","7":"product_cat-puzzle-3d-in-legno","8":"product_cat-puzzle-3d-per-bambini","9":"product_cat-puzzle-meccanici-3d-in-legno","10":"product_cat-puzzle-meccanici-per-bambini","12":"first","13":"instock","14":"shipping-taxable","15":"purchasable","16":"product-type-simple"},"_links":{"self":[{"href":"https:\/\/puzzle3d.co\/de\/wp-json\/wp\/v2\/product\/834","targetHints":{"allow":["GET"]}}],"collection":[{"href":"https:\/\/puzzle3d.co\/de\/wp-json\/wp\/v2\/product"}],"about":[{"href":"https:\/\/puzzle3d.co\/de\/wp-json\/wp\/v2\/types\/product"}],"replies":[{"embeddable":true,"href":"https:\/\/puzzle3d.co\/de\/wp-json\/wp\/v2\/comments?post=834"}],"wp:featuredmedia":[{"embeddable":true,"href":"https:\/\/puzzle3d.co\/de\/wp-json\/wp\/v2\/media\/839"}],"wp:attachment":[{"href":"https:\/\/puzzle3d.co\/de\/wp-json\/wp\/v2\/media?parent=834"}],"wp:term":[{"taxonomy":"product_brand","embeddable":true,"href":"https:\/\/puzzle3d.co\/de\/wp-json\/wp\/v2\/product_brand?post=834"},{"taxonomy":"product_cat","embeddable":true,"href":"https:\/\/puzzle3d.co\/de\/wp-json\/wp\/v2\/product_cat?post=834"},{"taxonomy":"product_tag","embeddable":true,"href":"https:\/\/puzzle3d.co\/de\/wp-json\/wp\/v2\/product_tag?post=834"},{"taxonomy":"woo-feed-brand","embeddable":true,"href":"https:\/\/puzzle3d.co\/de\/wp-json\/wp\/v2\/woo-feed-brand?post=834"}],"curies":[{"name":"wp","href":"https:\/\/api.w.org\/{rel}","templated":true}]}}