{"id":826,"date":"2023-01-25T14:32:39","date_gmt":"2023-01-25T14:32:39","guid":{"rendered":"https:\/\/puzzle3d.co\/product\/doll-house-puzzle-3d-copy\/"},"modified":"2025-05-11T08:14:48","modified_gmt":"2025-05-11T08:14:48","slug":"globocinetisches-3d-holzpuzzle","status":"publish","type":"product","link":"https:\/\/puzzle3d.co\/de\/prodotto\/globo-cinetico-puzzle-meccanico-3d-legno\/","title":{"rendered":"Der kinetische Globus - Mechanisches Holzpuzzle, 205 Teile"},"content":{"rendered":"<div>\n<p><strong>Der kinetische Globus - Mechanisches Holzpuzzle, 205 Teile<\/strong><\/p>\n<p><span style=\"color: #333333;\">Entdecken Sie die Sch\u00f6nheit der Mechanik mit einem kinetischen Globus! <\/span><span style=\"color: #333333;\">Im 17. Jahrhundert begann man, kinetische Globen als Lehrmittel zu verwenden, um physikalische Prinzipien wie Rotation und Revolution zu veranschaulichen.<\/span><\/p>\n<\/div>\n<div>\n<div>\n<div>Zwei Jahrhunderte sp\u00e4ter begann man, sie als Dekorationsobjekte zu verwenden.<\/div>\n<div>Ab dem 20. Jahrhundert wurden kinetische Globen als zeitgen\u00f6ssische Kunstobjekte immer beliebter.<\/div>\n<div><\/div>\n<div>Heute entwickeln sich die Globen weiter und nutzen moderne Technologien und fortschrittliche Materialien, um beeindruckende Bewegungen und visuelle Effekte zu erzeugen.<\/div>\n<div><\/div>\n<div>Intelligentes Geschenk f\u00fcr jedermann<\/div>\n<div><\/div>\n<div>W\u00e4hlen Sie ein cleveres Geschenk f\u00fcr sich selbst oder einen Freund aus, bauen Sie es zusammen und lassen Sie es sich dann drehen. Es ist entspannend, die Bewegung der Rotation und Umdrehung zu beobachten.<\/div>\n<div><\/div>\n<div>Sie k\u00f6nnen dies tun, w\u00e4hrend Sie \u00fcber ein Projekt nachdenken oder in aller Ruhe einen Kaffee trinken. Sie werden bemerken, wie Ihre Batterien aufgeladen werden und Ihre Gedanken auf dem Regal zu ruhen scheinen.<\/div>\n<div><\/div>\n<div><strong>DETAILS ZUM PRODUKT:<\/strong><\/div>\n<div>Abmessungen des Modells: 161*132*251 mm<\/div>\n<div>Abmessungen der Verpackung: 245*188*30 mm<\/div>\n<div>Anzahl der St\u00fccke: 205<\/div>\n<\/div>\n<div><\/div>\n<\/div>","protected":false},"excerpt":{"rendered":"<p>Entdecken Sie die Sch\u00f6nheit der Mechanik mit einem kinetischen Globus! W\u00e4hlen Sie ein cleveres Geschenk f\u00fcr sich selbst oder einen Freund aus, bauen Sie ihn zusammen und lassen Sie ihn dann drehen. Es ist entspannend, die Bewegung der Rotation und Revolution zu beobachten.<\/p>","protected":false},"featured_media":830,"comment_status":"open","ping_status":"closed","template":"","meta":[],"product_brand":[],"product_cat":[73,74,76,89,90],"product_tag":[],"woo-feed-brand":[],"class_list":{"0":"post-826","1":"product","2":"type-product","3":"status-publish","4":"has-post-thumbnail","6":"product_cat-puzzle-3d","7":"product_cat-puzzle-3d-in-legno","8":"product_cat-puzzle-3d-per-bambini","9":"product_cat-puzzle-meccanici-3d-in-legno","10":"product_cat-puzzle-meccanici-per-bambini","12":"first","13":"instock","14":"shipping-taxable","15":"purchasable","16":"product-type-simple"},"_links":{"self":[{"href":"https:\/\/puzzle3d.co\/de\/wp-json\/wp\/v2\/product\/826","targetHints":{"allow":["GET"]}}],"collection":[{"href":"https:\/\/puzzle3d.co\/de\/wp-json\/wp\/v2\/product"}],"about":[{"href":"https:\/\/puzzle3d.co\/de\/wp-json\/wp\/v2\/types\/product"}],"replies":[{"embeddable":true,"href":"https:\/\/puzzle3d.co\/de\/wp-json\/wp\/v2\/comments?post=826"}],"wp:featuredmedia":[{"embeddable":true,"href":"https:\/\/puzzle3d.co\/de\/wp-json\/wp\/v2\/media\/830"}],"wp:attachment":[{"href":"https:\/\/puzzle3d.co\/de\/wp-json\/wp\/v2\/media?parent=826"}],"wp:term":[{"taxonomy":"product_brand","embeddable":true,"href":"https:\/\/puzzle3d.co\/de\/wp-json\/wp\/v2\/product_brand?post=826"},{"taxonomy":"product_cat","embeddable":true,"href":"https:\/\/puzzle3d.co\/de\/wp-json\/wp\/v2\/product_cat?post=826"},{"taxonomy":"product_tag","embeddable":true,"href":"https:\/\/puzzle3d.co\/de\/wp-json\/wp\/v2\/product_tag?post=826"},{"taxonomy":"woo-feed-brand","embeddable":true,"href":"https:\/\/puzzle3d.co\/de\/wp-json\/wp\/v2\/woo-feed-brand?post=826"}],"curies":[{"name":"wp","href":"https:\/\/api.w.org\/{rel}","templated":true}]}}