{"id":818,"date":"2023-01-24T16:19:11","date_gmt":"2023-01-24T16:19:11","guid":{"rendered":"https:\/\/puzzle3d.co\/product\/tank-t-34-85-puzzle-3d-mecanic-copy\/"},"modified":"2025-05-12T06:12:44","modified_gmt":"2025-05-12T06:12:44","slug":"3d-holz-puzzle-puppenhaus","status":"publish","type":"product","link":"https:\/\/puzzle3d.co\/de\/prodotto\/casa-delle-bambole-puzzle-3d-in-legno\/","title":{"rendered":"Puppenhaus aus Holz, 131 St\u00fcck"},"content":{"rendered":"<div>\n<p><strong>CHILDREN'S HOUSE 3D-Holzpuzzle -131 Teile<\/strong><\/p>\n<p>Der Bau dieses Puppenhauses wird dank der hochwertigen Holzteile zum Vergn\u00fcgen. Jedes Teil ist mit Laserpr\u00e4zision ausgeschnitten und passt perfekt zu den anderen. Eine detaillierte Anleitung f\u00fchrt Sie Schritt f\u00fcr Schritt durch den Zusammenbau.<\/p>\n<p>Im fertigen Zustand misst das Haus 48 x 37 x 54 cm, also ein gro\u00dfes Modell. Der Fantasie und Kreativit\u00e4t sind keine Grenzen gesetzt, wenn es darum geht, das Innere einzurichten und das \u00c4u\u00dfere nach eigenem Geschmack zu dekorieren, wie bei einem echten Puppenhaus!<\/p>\n<\/div>\n<p>Die Liebe zum Detail ist erstaunlich: verzierte Balkone, komplette Zimmer- und K\u00fcchenm\u00f6bel, kleine bunte Vorh\u00e4nge, eine Rutsche und andere wertvolle Elemente tragen dazu bei, eine au\u00dferordentlich realistische Miniaturwelt zu schaffen.<\/p>\n<p class=\"whitespace-pre-wrap\">Lassen Sie sich von diesem sch\u00f6nen Puppenhaus aus Holz verzaubern - das perfekte Geschenk f\u00fcr Jung und Alt!<\/p>\n<p class=\"whitespace-pre-wrap\">Einer der weltweit f\u00fchrenden Hersteller von Holzpuzzles, mit Dutzenden von faszinierenden Sets zur Auswahl. Die Detailgenauigkeit der Modelle ist einfach unglaublich! Eine Vielzahl von Schwierigkeitsgraden, von Baus\u00e4tzen f\u00fcr Kinder bis hin zu Herausforderungen f\u00fcr erfahrenere Modellbauer. Ein Unternehmen mit einer langen Geschichte und einer Leidenschaft f\u00fcr diese Kunst.<\/p>\n<div>\n<div>\n<div>Vor einigen Jahrhunderten war das h\u00f6lzerne Puppenhaus ein Luxusartikel, der nur wohlhabenden Familien vorbehalten war.<\/div>\n<div><\/div>\n<div>Heute ist es kein Luxus mehr, sondern ein Gegenstand, den Kinder m\u00f6gen und der stundenlanges Spielen abseits des Bildschirms verspricht.<\/div>\n<div><\/div>\n<div>Wenn Sie also Ihr Kind besch\u00e4ftigen wollen, ist dieses Spielhaus genau das Richtige.<\/div>\n<div><\/div>\n<div>Es hat zahlreiche Vorteile: Der Zusammenbau f\u00f6rdert die Aufmerksamkeit f\u00fcr Details, die motorischen F\u00e4higkeiten, die Hand-Augen-Koordination und die Orientierung im Raum.<\/div>\n<div><\/div>\n<h2>Geeignetes Geschenk f\u00fcr M\u00e4dchen<\/h2>\n<div>Es verf\u00fcgt \u00fcber zahlreiche R\u00e4ume und M\u00f6bel, die die Fantasie und das Rollenspiel anregen: Wohnzimmer, K\u00fcche, Schlafzimmer, Dachboden, Balkon, Garage, Tisch, St\u00fchle, Sofas, Schlafzimmer, mechanischer Aufzug.<\/div>\n<div><\/div>\n<div>Du kannst es mit Hilfe von Farben auf Wasserbasis dekorieren, du kannst die Familienmitglieder, die in diesem Haus leben werden, das Auto, die B\u00e4ume und alles andere hinzuf\u00fcgen, was deine Fantasie hergibt.<\/div>\n<div><\/div>\n<div>Das Spielhaus kann zusammengeklappt werden, um es bequem zum Spielen im Freien oder f\u00fcr den Besuch bei den Gro\u00dfeltern zu transportieren.<\/div>\n<div>Es ist eine attraktive Dekoration f\u00fcr das Wohnzimmer und vor allem f\u00fcr ein Kinderzimmer.<\/div>\n<div><\/div>\n<div><strong>DETAILS ZUM PRODUKT:<\/strong><\/div>\n<div>Abmessungen des Modells: 486*376*540 mm<\/div>\n<div>Abmessungen der Verpackung: 375 x 243 x 64 mm<\/div>\n<div>Anzahl der St\u00fccke: 131<\/div>\n<\/div>\n<\/div>","protected":false},"excerpt":{"rendered":"<div>Das Puppenhaus aus Holz f\u00f6rdert die Aufmerksamkeit f\u00fcr Details, die motorischen F\u00e4higkeiten, die Hand-Augen-Koordination und die Orientierung im Raum.<\/div>\n<p>&nbsp;<\/p>","protected":false},"featured_media":820,"comment_status":"open","ping_status":"closed","template":"","meta":[],"product_brand":[],"product_cat":[73,74,76,89,90],"product_tag":[],"woo-feed-brand":[],"class_list":{"0":"post-818","1":"product","2":"type-product","3":"status-publish","4":"has-post-thumbnail","6":"product_cat-puzzle-3d","7":"product_cat-puzzle-3d-in-legno","8":"product_cat-puzzle-3d-per-bambini","9":"product_cat-puzzle-meccanici-3d-in-legno","10":"product_cat-puzzle-meccanici-per-bambini","12":"first","13":"instock","14":"shipping-taxable","15":"purchasable","16":"product-type-simple"},"_links":{"self":[{"href":"https:\/\/puzzle3d.co\/de\/wp-json\/wp\/v2\/product\/818","targetHints":{"allow":["GET"]}}],"collection":[{"href":"https:\/\/puzzle3d.co\/de\/wp-json\/wp\/v2\/product"}],"about":[{"href":"https:\/\/puzzle3d.co\/de\/wp-json\/wp\/v2\/types\/product"}],"replies":[{"embeddable":true,"href":"https:\/\/puzzle3d.co\/de\/wp-json\/wp\/v2\/comments?post=818"}],"wp:featuredmedia":[{"embeddable":true,"href":"https:\/\/puzzle3d.co\/de\/wp-json\/wp\/v2\/media\/820"}],"wp:attachment":[{"href":"https:\/\/puzzle3d.co\/de\/wp-json\/wp\/v2\/media?parent=818"}],"wp:term":[{"taxonomy":"product_brand","embeddable":true,"href":"https:\/\/puzzle3d.co\/de\/wp-json\/wp\/v2\/product_brand?post=818"},{"taxonomy":"product_cat","embeddable":true,"href":"https:\/\/puzzle3d.co\/de\/wp-json\/wp\/v2\/product_cat?post=818"},{"taxonomy":"product_tag","embeddable":true,"href":"https:\/\/puzzle3d.co\/de\/wp-json\/wp\/v2\/product_tag?post=818"},{"taxonomy":"woo-feed-brand","embeddable":true,"href":"https:\/\/puzzle3d.co\/de\/wp-json\/wp\/v2\/woo-feed-brand?post=818"}],"curies":[{"name":"wp","href":"https:\/\/api.w.org\/{rel}","templated":true}]}}