{"id":806,"date":"2023-01-24T13:52:59","date_gmt":"2023-01-24T13:52:59","guid":{"rendered":"https:\/\/puzzle3d.co\/product\/mower-lemn-puzzle-3d-mecanic-copy\/"},"modified":"2025-06-11T19:09:39","modified_gmt":"2025-06-11T19:09:39","slug":"mechanisches-modell-tank-holz","status":"publish","type":"product","link":"https:\/\/puzzle3d.co\/de\/prodotto\/carro-armato-modello-meccanico-legno\/","title":{"rendered":"Panzer T-34-85 mechanisches Holzmodell der , 965 St\u00fcck"},"content":{"rendered":"<div>\n<h2><strong>Panzer, Panzer T-34-85 mechanisches Holzmodell - 965 St\u00fcck<\/strong><\/h2>\n<\/div>\n<div>\n<div>\n<div>Wussten Sie, dass die ersten Panzer, die w\u00e4hrend des Ersten Weltkriegs auftauchten, technische Probleme hatten, wie z. B. \u00fcberhitzte Motoren und Man\u00f6vrierbarkeitsprobleme.<\/div>\n<div>Mit fast 965 Teilen und ganz aus Holz, ohne einen einzigen Tropfen Klebstoff, kannst du einen mobilen Panzer selbst bauen. Er verf\u00fcgt \u00fcber einen drehbaren Turm, bewegliche Luken und drehbare R\u00e4der.<\/div>\n<div>Der Tank T 34-85 wird Ihre Geduld und Aufmerksamkeit auf die Probe stellen. Es ist eine intellektuelle Herausforderung, die nur gut f\u00fcr das Gehirn ist.<\/div>\n<div>Wenn Sie sich f\u00fcr Mechanik und Technik oder Milit\u00e4rgeschichte begeistern, ist dieses Modell genau das Richtige f\u00fcr Sie.<\/div>\n<h3>Geschenk f\u00fcr Geschichtsliebhaber<\/h3>\n<div><strong>DETAILS ZUM PRODUKT:<\/strong><\/div>\n<div>Abmessungen des Modells: 330*128*95 mm<\/div>\n<div>Abmessungen der Verpackung: 245*188*50 mm<\/div>\n<div>Anzahl der St\u00fccke: 965<\/div>\n<\/div>\n<div><\/div>\n<\/div>\n<p><script type=\"application\/ld+json\" data-app=\"seomaster\">{\n    \"@context\": \"https:\\\/\\\/schema.org\\\/\",\n    \"@type\": \"Product\",\n    \"@id\": \"https:\\\/\\\/puzzle3d.co\\\/prodotto\\\/carro-armato-modello-meccanico-legno\\\/\",\n    \"url\": \"https:\\\/\\\/puzzle3d.co\\\/prodotto\\\/carro-armato-modello-meccanico-legno\\\/\",\n    \"name\": \"Carro Armato T-34-85 modello meccanico in legno del , 965 pezzi\",\n    \"image\": \"https:\\\/\\\/puzzle3d.co\\\/wp-content\\\/uploads\\\/2023\\\/01\\\/tank3.webp\",\n    \"description\": \"Modello Carro Armato Meccanico T-34-85 in legno - 965 pezzi\",\n    \"brand\": {\n        \"@type\": \"Brand\",\n        \"name\": \"Puzzle 3D\"\n    },\n    \"aggregateRating\": {\n        \"@type\": \"aggregateRating\",\n        \"bestRating\": \"5\",\n        \"worstRating\": \"1\",\n        \"ratingCount\": \"140\",\n        \"ratingValue\": \"4.8\"\n    }\n}<\/script><\/p>","protected":false},"excerpt":{"rendered":"<p>Wenn Sie sich f\u00fcr Mechanik, Technik oder Milit\u00e4rgeschichte begeistern, ist das T-34-85 mechanische Panzer 3D-Puzzle genau das Richtige f\u00fcr Sie. Mit fast 300 Teilen und alles aus Holz, ohne einen einzigen Tropfen Klebstoff, k\u00f6nnen Sie einen mobilen Panzer selbst bauen<\/p>","protected":false},"featured_media":810,"comment_status":"open","ping_status":"closed","template":"","meta":[],"product_brand":[],"product_cat":[73,88,74,89,90,91],"product_tag":[],"woo-feed-brand":[],"class_list":{"0":"post-806","1":"product","2":"type-product","3":"status-publish","4":"has-post-thumbnail","6":"product_cat-puzzle-3d","7":"product_cat-puzzle-3d-adulti","8":"product_cat-puzzle-3d-in-legno","9":"product_cat-puzzle-meccanici-3d-in-legno","10":"product_cat-puzzle-meccanici-per-bambini","11":"product_cat-puzzle-meccanici-per-adulti","13":"first","14":"instock","15":"shipping-taxable","16":"purchasable","17":"product-type-simple"},"_links":{"self":[{"href":"https:\/\/puzzle3d.co\/de\/wp-json\/wp\/v2\/product\/806","targetHints":{"allow":["GET"]}}],"collection":[{"href":"https:\/\/puzzle3d.co\/de\/wp-json\/wp\/v2\/product"}],"about":[{"href":"https:\/\/puzzle3d.co\/de\/wp-json\/wp\/v2\/types\/product"}],"replies":[{"embeddable":true,"href":"https:\/\/puzzle3d.co\/de\/wp-json\/wp\/v2\/comments?post=806"}],"wp:featuredmedia":[{"embeddable":true,"href":"https:\/\/puzzle3d.co\/de\/wp-json\/wp\/v2\/media\/810"}],"wp:attachment":[{"href":"https:\/\/puzzle3d.co\/de\/wp-json\/wp\/v2\/media?parent=806"}],"wp:term":[{"taxonomy":"product_brand","embeddable":true,"href":"https:\/\/puzzle3d.co\/de\/wp-json\/wp\/v2\/product_brand?post=806"},{"taxonomy":"product_cat","embeddable":true,"href":"https:\/\/puzzle3d.co\/de\/wp-json\/wp\/v2\/product_cat?post=806"},{"taxonomy":"product_tag","embeddable":true,"href":"https:\/\/puzzle3d.co\/de\/wp-json\/wp\/v2\/product_tag?post=806"},{"taxonomy":"woo-feed-brand","embeddable":true,"href":"https:\/\/puzzle3d.co\/de\/wp-json\/wp\/v2\/woo-feed-brand?post=806"}],"curies":[{"name":"wp","href":"https:\/\/api.w.org\/{rel}","templated":true}]}}