{"id":796,"date":"2023-01-24T12:45:30","date_gmt":"2023-01-24T12:45:30","guid":{"rendered":"https:\/\/puzzle3d.co\/product\/glob-lemn-puzzle-3d-mecanic-copy\/"},"modified":"2025-06-19T03:30:45","modified_gmt":"2025-06-19T03:30:45","slug":"mahdrescher-landwirtschaft-3d-mechanisches-holzpuzzle","status":"publish","type":"product","link":"https:\/\/puzzle3d.co\/de\/prodotto\/combina-agricola-puzzle-3d-meccanico-in-legno\/","title":{"rendered":"Combina Agricola - mechanisches Holzpuzzle, 963 Teile"},"content":{"rendered":"<div>\n<p><strong>Landwirtschaftlicher M\u00e4hdrescher - Mechanisches Holzmodell - 963 St\u00fcck<\/strong><\/p>\n<\/div>\n<div>\n<div>\n<div>Das M\u00e4hdrescher-Puzzle aus Holz ist einem echten M\u00e4hdrescher nachempfunden. Sein Zweck ist es, wie sein reales Gegenst\u00fcck zu funktionieren.<\/div>\n<div>Das Modell hat einen Motor mit Gummiband und eine abnehmbare Schneidvorrichtung, die sich auf und ab bewegt. Es ist wirklich faszinierend, es sowohl in Ruhe als auch in Bewegung zu bewundern.<\/div>\n<h2>Von M\u00e4nnern gesch\u00e4tztes Geschenk<\/h2>\n<div>Der Zusammenbau ist ein Vergn\u00fcgen, aber auch eine Herausforderung. Befolgen Sie die Anweisungen, es ist nicht so kompliziert, wie Sie denken.<\/div>\n<div>W\u00e4hrend der Bauarbeiten ist eine Dosis Adrenalin, Konzentration auf Details, aber auch ein angenehmer Zustand der Entspannung garantiert.<\/div>\n<div><\/div>\n<div>Der Schwierigkeitsgrad ist 5 von 5.<\/div>\n<div><\/div>\n<div><strong>Geeignetes Alter &gt; 14 Jahre<\/strong><\/div>\n<div><\/div>\n<div><strong>DETAILS ZUM PRODUKT:<\/strong><\/div>\n<div>Abmessungen des Modells: 315*261*145 mm<\/div>\n<div>Abmessungen der Verpackung: 375 x 183 x 32 mm<\/div>\n<div>Anzahl der St\u00fccke: 963<\/div>\n<\/div>\n<div><\/div>\n<\/div>","protected":false},"excerpt":{"rendered":"<p>Das M\u00e4hdrescher-Puzzle aus Holz ist einem echten M\u00e4hdrescher nachempfunden. Sein Zweck ist es, wie sein echtes Gegenst\u00fcck zu funktionieren. Das Modell hat einen Gummibandmotor und eine abnehmbare Schneidvorrichtung, die nach oben und unten f\u00e4hrt.<\/p>","protected":false},"featured_media":798,"comment_status":"open","ping_status":"closed","template":"","meta":[],"product_brand":[],"product_cat":[108,73,88,74,89,90,91],"product_tag":[],"woo-feed-brand":[],"class_list":{"0":"post-796","1":"product","2":"type-product","3":"status-publish","4":"has-post-thumbnail","6":"product_cat-modellismo-da-costruire-per-adulti","7":"product_cat-puzzle-3d","8":"product_cat-puzzle-3d-adulti","9":"product_cat-puzzle-3d-in-legno","10":"product_cat-puzzle-meccanici-3d-in-legno","11":"product_cat-puzzle-meccanici-per-bambini","12":"product_cat-puzzle-meccanici-per-adulti","14":"first","15":"instock","16":"shipping-taxable","17":"purchasable","18":"product-type-simple"},"_links":{"self":[{"href":"https:\/\/puzzle3d.co\/de\/wp-json\/wp\/v2\/product\/796","targetHints":{"allow":["GET"]}}],"collection":[{"href":"https:\/\/puzzle3d.co\/de\/wp-json\/wp\/v2\/product"}],"about":[{"href":"https:\/\/puzzle3d.co\/de\/wp-json\/wp\/v2\/types\/product"}],"replies":[{"embeddable":true,"href":"https:\/\/puzzle3d.co\/de\/wp-json\/wp\/v2\/comments?post=796"}],"wp:featuredmedia":[{"embeddable":true,"href":"https:\/\/puzzle3d.co\/de\/wp-json\/wp\/v2\/media\/798"}],"wp:attachment":[{"href":"https:\/\/puzzle3d.co\/de\/wp-json\/wp\/v2\/media?parent=796"}],"wp:term":[{"taxonomy":"product_brand","embeddable":true,"href":"https:\/\/puzzle3d.co\/de\/wp-json\/wp\/v2\/product_brand?post=796"},{"taxonomy":"product_cat","embeddable":true,"href":"https:\/\/puzzle3d.co\/de\/wp-json\/wp\/v2\/product_cat?post=796"},{"taxonomy":"product_tag","embeddable":true,"href":"https:\/\/puzzle3d.co\/de\/wp-json\/wp\/v2\/product_tag?post=796"},{"taxonomy":"woo-feed-brand","embeddable":true,"href":"https:\/\/puzzle3d.co\/de\/wp-json\/wp\/v2\/woo-feed-brand?post=796"}],"curies":[{"name":"wp","href":"https:\/\/api.w.org\/{rel}","templated":true}]}}