{"id":787,"date":"2023-01-24T12:02:30","date_gmt":"2023-01-24T12:02:30","guid":{"rendered":"https:\/\/puzzle3d.co\/product\/belaz75600-puzzle-3d-mecanic-copy\/"},"modified":"2025-05-11T08:14:31","modified_gmt":"2025-05-11T08:14:31","slug":"3d-mechanisches-holzkugelpuzzle-393-teile","status":"publish","type":"product","link":"https:\/\/puzzle3d.co\/de\/prodotto\/globo-puzzle-3d-meccanico-legno-393-pezzi\/","title":{"rendered":"GLOBO 3D mechanisches Holzpuzzle, 393 Teile"},"content":{"rendered":"<div>\n<p><strong>GLOBO 3D mechanisches Holzpuzzle - 393 Teile<\/strong><\/p>\n<\/div>\n<div>\n<div>\n<div>Der Holzglobus ist ein dekoratives und lehrreiches St\u00fcck, das das Interesse am Lernen \u00fcber die Welt weckt.<\/div>\n<div>Ob Erwachsene oder Kinder, es ist unm\u00f6glich, sich der Faszination eines Globus zu entziehen, vor allem, wenn man ihn mit eigenen H\u00e4nden zusammenbaut.<\/div>\n<div>Es ist eine perfekte Herausforderung f\u00fcr das Gehirn, aber auch eine Gelegenheit zum Meditieren und Nachdenken.<\/div>\n<div>Die Geheimschachtel ist ebenso n\u00fctzlich wie faszinierend. Eine Uhr, ein Ring, ein Schl\u00fcssel, ein Bonbon: Was sich darin verbirgt, wer kann es erraten?<\/div>\n<h2>Intelligentes Geschenk f\u00fcr jedermann<\/h2>\n<div>Versammle ihn mit einem engen Freund, w\u00e4hrend du \u00fcber etwas Seelisches sprichst, oder mit dem Kind, um ihm zu sagen, dass das Leben in seinen H\u00e4nden liegt. Ermutigen Sie es, damit es durch richtige Entscheidungen die ganze Erde umarmen kann.<\/div>\n<div><\/div>\n<div><strong>DETAILS ZUM PRODUKT:<\/strong><\/div>\n<div>Abmessungen des Modells: 505*320*320 mm<\/div>\n<div>Abmessungen der Verpackung: 374 x 242 x 64 mm<\/div>\n<div>Anzahl der St\u00fccke: 393<\/div>\n<\/div>\n<\/div>","protected":false},"excerpt":{"rendered":"<p>Der Holzglobus ist ein dekoratives und lehrreiches St\u00fcck, das das Interesse am Lernen \u00fcber die Welt weckt.<\/p>","protected":false},"featured_media":789,"comment_status":"open","ping_status":"closed","template":"","meta":[],"product_brand":[],"product_cat":[73,88,74,76,89,90,91],"product_tag":[],"woo-feed-brand":[],"class_list":{"0":"post-787","1":"product","2":"type-product","3":"status-publish","4":"has-post-thumbnail","6":"product_cat-puzzle-3d","7":"product_cat-puzzle-3d-adulti","8":"product_cat-puzzle-3d-in-legno","9":"product_cat-puzzle-3d-per-bambini","10":"product_cat-puzzle-meccanici-3d-in-legno","11":"product_cat-puzzle-meccanici-per-bambini","12":"product_cat-puzzle-meccanici-per-adulti","14":"first","15":"instock","16":"shipping-taxable","17":"purchasable","18":"product-type-simple"},"_links":{"self":[{"href":"https:\/\/puzzle3d.co\/de\/wp-json\/wp\/v2\/product\/787","targetHints":{"allow":["GET"]}}],"collection":[{"href":"https:\/\/puzzle3d.co\/de\/wp-json\/wp\/v2\/product"}],"about":[{"href":"https:\/\/puzzle3d.co\/de\/wp-json\/wp\/v2\/types\/product"}],"replies":[{"embeddable":true,"href":"https:\/\/puzzle3d.co\/de\/wp-json\/wp\/v2\/comments?post=787"}],"wp:featuredmedia":[{"embeddable":true,"href":"https:\/\/puzzle3d.co\/de\/wp-json\/wp\/v2\/media\/789"}],"wp:attachment":[{"href":"https:\/\/puzzle3d.co\/de\/wp-json\/wp\/v2\/media?parent=787"}],"wp:term":[{"taxonomy":"product_brand","embeddable":true,"href":"https:\/\/puzzle3d.co\/de\/wp-json\/wp\/v2\/product_brand?post=787"},{"taxonomy":"product_cat","embeddable":true,"href":"https:\/\/puzzle3d.co\/de\/wp-json\/wp\/v2\/product_cat?post=787"},{"taxonomy":"product_tag","embeddable":true,"href":"https:\/\/puzzle3d.co\/de\/wp-json\/wp\/v2\/product_tag?post=787"},{"taxonomy":"woo-feed-brand","embeddable":true,"href":"https:\/\/puzzle3d.co\/de\/wp-json\/wp\/v2\/woo-feed-brand?post=787"}],"curies":[{"name":"wp","href":"https:\/\/api.w.org\/{rel}","templated":true}]}}