{"id":775,"date":"2023-01-23T22:33:39","date_gmt":"2023-01-23T22:33:39","guid":{"rendered":"https:\/\/puzzle3d.co\/product\/belaz-puzzle-3d-mecanic-copy\/"},"modified":"2025-06-11T19:11:18","modified_gmt":"2025-06-11T19:11:18","slug":"riesen-belaz-lkw-3d-mechanisches-puzzle","status":"publish","type":"product","link":"https:\/\/puzzle3d.co\/de\/prodotto\/camion-gigantesco-belaz-puzzle-meccanico-3d\/","title":{"rendered":"BELAZ Riesentruck 75600. Mechanisches Holzmodell, 307 Teile"},"content":{"rendered":"<div>\n<div>\n<div><strong>BELAZ Giant Truck 75600 - Mechanisches 3D-Holzpuzzle - 307 Teile<\/strong><\/div>\n<div><\/div>\n<div>Eines der herausragenden Modelle der Belaz-Serie wird Sie mit seiner Konstruktion \u00fcberraschen.<\/div>\n<div>Der Schwertransporter hat einen Motor, der von einem Gummiband angetrieben wird. Mit einem<\/div>\n<div>kann er sich (je nach Stra\u00dfenbelag) mehrere Meter weit bewegen.<\/div>\n<div><\/div>\n<div>Die detaillierte Gestaltung enth\u00e4lt alle Elemente des realen Vorbilds. Die T\u00fcren und die Motorhaube \u00f6ffnen sich und der Anh\u00e4nger hebt sich.<\/div>\n<h2>Geschenk f\u00fcr Lkw- und Baufreunde<\/h2>\n<div>Es ist ein Modell, das sich f\u00fcr einen ambitionierten Menschen oder einen Puzzle-Enthusiasten eignet, der bereits einige Erfahrung mit einem mechanischen Puzzle hat.<\/div>\n<div>Mit ein wenig Geduld und Ausdauer k\u00f6nnen Sie einen Truck zusammenstellen, der die Aufmerksamkeit und Bewunderung der Besucher auf sich zieht.<\/div>\n<div><\/div>\n<\/div>\n<div style=\"width: 1020px;\" class=\"wp-video\"><video class=\"wp-video-shortcode\" id=\"video-775-1\" width=\"1020\" height=\"574\" preload=\"metadata\" controls=\"controls\"><source type=\"video\/mp4\" src=\"https:\/\/puzzle3d.co\/wp-content\/uploads\/2023\/01\/BELAZ-75600-IG.mp4?_=1\" \/><a href=\"https:\/\/puzzle3d.co\/wp-content\/uploads\/2023\/01\/BELAZ-75600-IG.mp4\">https:\/\/puzzle3d.co\/wp-content\/uploads\/2023\/01\/BELAZ-75600-IG.mp4<\/a><\/video><\/div>\n<div>\n<p><strong><span style=\"color: #333333;\">DETAILS ZUM PRODUKT:<br \/>\n<\/span><\/strong><span style=\"color: #333333;\">Abmessungen des Modells: 310*200*155 mm<br \/>\n<\/span><span style=\"color: #333333;\">Abmessungen der Verpackung: 374*243*40 mm<br \/>\n<\/span><span style=\"color: #333333;\">Anzahl der St\u00fccke: 307<\/span><\/p>\n<\/div>\n<\/div>\n<div>\n<div><\/div>\n<\/div>","protected":false},"excerpt":{"rendered":"<div>Der Schwerlastwagen hat einen Motor, der von einem Gummiband angetrieben wird. Die detailgetreue Gestaltung enth\u00e4lt alle Elemente des realen Vorbilds. Die T\u00fcren und die Motorhaube \u00f6ffnen sich und der Anh\u00e4nger hebt sich<\/div>\n<p>&nbsp;<\/p>","protected":false},"featured_media":785,"comment_status":"open","ping_status":"closed","template":"","meta":[],"product_brand":[],"product_cat":[73,88,76,89,90,91],"product_tag":[],"woo-feed-brand":[],"class_list":{"0":"post-775","1":"product","2":"type-product","3":"status-publish","4":"has-post-thumbnail","6":"product_cat-puzzle-3d","7":"product_cat-puzzle-3d-adulti","8":"product_cat-puzzle-3d-per-bambini","9":"product_cat-puzzle-meccanici-3d-in-legno","10":"product_cat-puzzle-meccanici-per-bambini","11":"product_cat-puzzle-meccanici-per-adulti","13":"first","14":"instock","15":"shipping-taxable","16":"purchasable","17":"product-type-simple"},"_links":{"self":[{"href":"https:\/\/puzzle3d.co\/de\/wp-json\/wp\/v2\/product\/775","targetHints":{"allow":["GET"]}}],"collection":[{"href":"https:\/\/puzzle3d.co\/de\/wp-json\/wp\/v2\/product"}],"about":[{"href":"https:\/\/puzzle3d.co\/de\/wp-json\/wp\/v2\/types\/product"}],"replies":[{"embeddable":true,"href":"https:\/\/puzzle3d.co\/de\/wp-json\/wp\/v2\/comments?post=775"}],"wp:featuredmedia":[{"embeddable":true,"href":"https:\/\/puzzle3d.co\/de\/wp-json\/wp\/v2\/media\/785"}],"wp:attachment":[{"href":"https:\/\/puzzle3d.co\/de\/wp-json\/wp\/v2\/media?parent=775"}],"wp:term":[{"taxonomy":"product_brand","embeddable":true,"href":"https:\/\/puzzle3d.co\/de\/wp-json\/wp\/v2\/product_brand?post=775"},{"taxonomy":"product_cat","embeddable":true,"href":"https:\/\/puzzle3d.co\/de\/wp-json\/wp\/v2\/product_cat?post=775"},{"taxonomy":"product_tag","embeddable":true,"href":"https:\/\/puzzle3d.co\/de\/wp-json\/wp\/v2\/product_tag?post=775"},{"taxonomy":"woo-feed-brand","embeddable":true,"href":"https:\/\/puzzle3d.co\/de\/wp-json\/wp\/v2\/woo-feed-brand?post=775"}],"curies":[{"name":"wp","href":"https:\/\/api.w.org\/{rel}","templated":true}]}}