{"id":766,"date":"2023-01-23T21:53:35","date_gmt":"2023-01-23T21:53:35","guid":{"rendered":"https:\/\/puzzle3d.co\/product\/belaz-puzzle-3d-mecanic-copy\/"},"modified":"2025-06-11T19:11:26","modified_gmt":"2025-06-11T19:11:26","slug":"3d-holzpuzzle-schneepflug-lkw","status":"publish","type":"product","link":"https:\/\/puzzle3d.co\/de\/prodotto\/camion-della-neve-puzzle-meccanico-3d-in-legno\/","title":{"rendered":"Schneewagen - mechanisches Holzpuzzle, 460 Teile"},"content":{"rendered":"<div>\n<p><strong>Schneewagen - mechanisches Holzpuzzle - 460 Teile<\/strong><\/p>\n<div>Es ist schwer zu sagen, was Ihnen an dem Schneer\u00e4umfahrzeug am meisten gefallen wird: der Zusammenbau, die Inbetriebnahme oder einfach nur die Bewunderung, wie fantastisch es ist.<\/div>\n<\/div>\n<div>\n<div>\n<div>Mit seinen 417 Holzpuzzleteilen l\u00e4dt dieser Truck die ganze Familie zum Zusammenbauen ein.<\/div>\n<div><\/div>\n<div>Der Startmechanismus erfolgt \u00fcber einen Motor an einem Gummiband, die T\u00fcren \u00f6ffnen und schlie\u00dfen sich, der Innenraum sieht gut aus und die hintere Stufe l\u00e4sst sich anheben. Die vorderen und seitlichen Fl\u00fcgel k\u00f6nnen angehoben oder sogar entfernt werden.<\/div>\n<div><\/div>\n<div>Es handelt sich um ein Objekt, das Ihre Inneneinrichtung sowohl zur Weihnachtszeit als auch das ganze Jahr \u00fcber aufwertet.<\/div>\n<div>Lassen Sie Ihrer Fantasie freien Lauf, was Sie damit machen oder wie es in ein Kinderspielszenario passt.<\/div>\n<div><\/div>\n<div><strong>DETAILS ZUM PRODUKT:<\/strong><\/div>\n<div>Abmessungen des Modells: 400*148*141 mm<\/div>\n<div>Abmessungen der Verpackung: 374*242*20 mm<\/div>\n<div>Anzahl der St\u00fccke: 460<\/div>\n<\/div>\n<div><\/div>\n<\/div>","protected":false},"excerpt":{"rendered":"<div>Mit seinen 417 Holzpuzzleteilen l\u00e4dt dieser Truck die ganze Familie zum Zusammenbauen ein.<\/div>\n<div><\/div>\n<div>Der Startmechanismus erfolgt \u00fcber einen Motor an einem Gummiband, die T\u00fcren \u00f6ffnen und schlie\u00dfen sich, der Innenraum sieht gut aus und die hintere Stufe l\u00e4sst sich anheben. Die vorderen und seitlichen Fl\u00fcgel k\u00f6nnen angehoben oder sogar entfernt werden.<\/div>","protected":false},"featured_media":771,"comment_status":"open","ping_status":"closed","template":"","meta":[],"product_brand":[],"product_cat":[108,73,88,74,76,89,90,91],"product_tag":[],"woo-feed-brand":[],"class_list":{"0":"post-766","1":"product","2":"type-product","3":"status-publish","4":"has-post-thumbnail","6":"product_cat-modellismo-da-costruire-per-adulti","7":"product_cat-puzzle-3d","8":"product_cat-puzzle-3d-adulti","9":"product_cat-puzzle-3d-in-legno","10":"product_cat-puzzle-3d-per-bambini","11":"product_cat-puzzle-meccanici-3d-in-legno","12":"product_cat-puzzle-meccanici-per-bambini","13":"product_cat-puzzle-meccanici-per-adulti","15":"first","16":"instock","17":"shipping-taxable","18":"purchasable","19":"product-type-simple"},"_links":{"self":[{"href":"https:\/\/puzzle3d.co\/de\/wp-json\/wp\/v2\/product\/766","targetHints":{"allow":["GET"]}}],"collection":[{"href":"https:\/\/puzzle3d.co\/de\/wp-json\/wp\/v2\/product"}],"about":[{"href":"https:\/\/puzzle3d.co\/de\/wp-json\/wp\/v2\/types\/product"}],"replies":[{"embeddable":true,"href":"https:\/\/puzzle3d.co\/de\/wp-json\/wp\/v2\/comments?post=766"}],"wp:featuredmedia":[{"embeddable":true,"href":"https:\/\/puzzle3d.co\/de\/wp-json\/wp\/v2\/media\/771"}],"wp:attachment":[{"href":"https:\/\/puzzle3d.co\/de\/wp-json\/wp\/v2\/media?parent=766"}],"wp:term":[{"taxonomy":"product_brand","embeddable":true,"href":"https:\/\/puzzle3d.co\/de\/wp-json\/wp\/v2\/product_brand?post=766"},{"taxonomy":"product_cat","embeddable":true,"href":"https:\/\/puzzle3d.co\/de\/wp-json\/wp\/v2\/product_cat?post=766"},{"taxonomy":"product_tag","embeddable":true,"href":"https:\/\/puzzle3d.co\/de\/wp-json\/wp\/v2\/product_tag?post=766"},{"taxonomy":"woo-feed-brand","embeddable":true,"href":"https:\/\/puzzle3d.co\/de\/wp-json\/wp\/v2\/woo-feed-brand?post=766"}],"curies":[{"name":"wp","href":"https:\/\/api.w.org\/{rel}","templated":true}]}}