{"id":755,"date":"2023-01-23T21:00:33","date_gmt":"2023-01-23T21:00:33","guid":{"rendered":"https:\/\/puzzle3d.co\/product\/spider-puzzle-3d-mecanic-copy\/"},"modified":"2025-06-19T18:24:56","modified_gmt":"2025-06-19T18:24:56","slug":"3d-mechanisches-holzpuzzle-lkw","status":"publish","type":"product","link":"https:\/\/puzzle3d.co\/de\/prodotto\/camion-puzzle-3d-meccanico-legno\/","title":{"rendered":"BELAZ LKW 75710 3D mechanisches Holzpuzzle, 453 Teile"},"content":{"rendered":"<div>\n<p><strong>Der gr\u00f6\u00dfte Lkw der Welt Belaz 75710 - mechanisches 3D-Modell<\/strong><\/p>\n<div>Du hast den gr\u00f6\u00dften LKW der Welt vor dir! Jetzt kannst du aus dem Puzzle deinen ganz eigenen Belaz bauen. Deine Dosis an Adrenalin und Dopamin ist garantiert.<\/div>\n<\/div>\n<div>\n<div>\n<div><\/div>\n<div><em>Was bedeutet das mechanische R\u00e4tsel von Belaz eigentlich?<\/em><\/div>\n<div><\/div>\n<div>Es zeigt, dass du die Herausforderung annehmen kannst, den gr\u00f6\u00dften jemals gebauten Muldenkipper zusammenzubauen.<\/div>\n<div>Ihre Geduld und Konzentration werden durch die Freude belohnt, die Sie empfinden, wenn Sie den Mechanismus in Gang setzen. Der LKW bewegt sich dank des F\u00f6rderbandes, die T\u00fcren und die Motorhaube \u00f6ffnen sich und der Anh\u00e4nger hebt sich.<\/div>\n<div><\/div>\n<div>Es ist ein Modell, das sowohl Kinder als auch Erwachsene fasziniert. Mit ein bisschen Fantasie kann man es sogar individuell gestalten, indem man es bemalt.<\/div>\n<div>Belaz wird das Lieblingsfahrzeug der Kinder sein und kann in verschiedenen Spielen eingesetzt werden, es kommt nur auf die Fantasie an.<\/div>\n<h2>Geschenk f\u00fcr Lkw- und Baufreunde<\/h2>\n<div>Erwachsene k\u00f6nnen es als dekoratives Objekt in der Wohnung oder im B\u00fcro verwenden.<\/div>\n<div>Dieser Riese hat in Wirklichkeit die ungef\u00e4hre Gr\u00f6\u00dfe eines dreist\u00f6ckigen Wohnhauses. Er ist mit 8 R\u00e4dern ausgestattet und jeder Reifen hat einen Durchmesser von etwa 4 Metern.<\/div>\n<div>Sie werden ihn nicht in der Stadt antreffen. Wenn er an den Ort gebracht werden muss, an dem er arbeiten soll, wird er zerlegt und in 25 Waggons transportiert.<\/div>\n<div>Sein Anh\u00e4nger bietet Platz f\u00fcr genau 400 Dacia Logan oder das gr\u00f6\u00dfte Passagierflugzeug der Welt: den Airbus A380.<\/div>\n<div><\/div>\n<div><strong>DETAILS ZUM PRODUKT:<\/strong><\/div>\n<div>Abmessungen des Modells: 435*210*175 mm<\/div>\n<div>Abmessungen der Verpackung: 375 x 243 x 62 mm<\/div>\n<div>Anzahl der St\u00fccke: 453<\/div>\n<\/div>\n<div><\/div>\n<\/div>","protected":false},"excerpt":{"rendered":"<p>Du hast den gr\u00f6\u00dften LKW der Welt vor dir! Jetzt kannst du aus dem Puzzle deinen ganz eigenen Belaz bauen. Der LKW bewegt sich dank des F\u00f6rderbandes, die T\u00fcren und die Motorhaube \u00f6ffnen sich und der Anh\u00e4nger hebt sich.<\/p>","protected":false},"featured_media":759,"comment_status":"open","ping_status":"closed","template":"","meta":[],"product_brand":[],"product_cat":[73,88,74,76,89,90,91],"product_tag":[],"woo-feed-brand":[],"class_list":{"0":"post-755","1":"product","2":"type-product","3":"status-publish","4":"has-post-thumbnail","6":"product_cat-puzzle-3d","7":"product_cat-puzzle-3d-adulti","8":"product_cat-puzzle-3d-in-legno","9":"product_cat-puzzle-3d-per-bambini","10":"product_cat-puzzle-meccanici-3d-in-legno","11":"product_cat-puzzle-meccanici-per-bambini","12":"product_cat-puzzle-meccanici-per-adulti","14":"first","15":"instock","16":"shipping-taxable","17":"purchasable","18":"product-type-simple"},"_links":{"self":[{"href":"https:\/\/puzzle3d.co\/de\/wp-json\/wp\/v2\/product\/755","targetHints":{"allow":["GET"]}}],"collection":[{"href":"https:\/\/puzzle3d.co\/de\/wp-json\/wp\/v2\/product"}],"about":[{"href":"https:\/\/puzzle3d.co\/de\/wp-json\/wp\/v2\/types\/product"}],"replies":[{"embeddable":true,"href":"https:\/\/puzzle3d.co\/de\/wp-json\/wp\/v2\/comments?post=755"}],"wp:featuredmedia":[{"embeddable":true,"href":"https:\/\/puzzle3d.co\/de\/wp-json\/wp\/v2\/media\/759"}],"wp:attachment":[{"href":"https:\/\/puzzle3d.co\/de\/wp-json\/wp\/v2\/media?parent=755"}],"wp:term":[{"taxonomy":"product_brand","embeddable":true,"href":"https:\/\/puzzle3d.co\/de\/wp-json\/wp\/v2\/product_brand?post=755"},{"taxonomy":"product_cat","embeddable":true,"href":"https:\/\/puzzle3d.co\/de\/wp-json\/wp\/v2\/product_cat?post=755"},{"taxonomy":"product_tag","embeddable":true,"href":"https:\/\/puzzle3d.co\/de\/wp-json\/wp\/v2\/product_tag?post=755"},{"taxonomy":"woo-feed-brand","embeddable":true,"href":"https:\/\/puzzle3d.co\/de\/wp-json\/wp\/v2\/woo-feed-brand?post=755"}],"curies":[{"name":"wp","href":"https:\/\/api.w.org\/{rel}","templated":true}]}}