{"id":694,"date":"2023-01-23T14:19:26","date_gmt":"2023-01-23T14:19:26","guid":{"rendered":"https:\/\/puzzle3d.co\/product\/black-cat-copy\/"},"modified":"2025-06-11T19:12:00","modified_gmt":"2025-06-11T19:12:00","slug":"mechanisches-3d-schildkrotenpuzzle-aus-holz","status":"publish","type":"product","link":"https:\/\/puzzle3d.co\/de\/prodotto\/tartaruga-puzzle-meccanico-3d-in-legno\/","title":{"rendered":"Schildkr\u00f6te - 3D mechanisches Holzpuzzle, 269 Teile"},"content":{"rendered":"<div>\n<p><em><strong>Schildkr\u00f6te - 3D mechanisches Holzpuzzle, 269 Teile<\/strong><\/em><\/p>\n<\/div>\n<div>\n<div>\n<div>Was wissen Sie \u00fcber die Schildkr\u00f6te?<\/div>\n<div><\/div>\n<div>Es handelt sich um eines der \u00e4ltesten und urspr\u00fcnglichsten Reptilien, das jedem Klima trotzen kann. Er ist nicht nur in der Antarktis zu finden. In j\u00fcngerer Zeit haben viele Menschen ihn so sehr geliebt, dass sie ihn als Haustier adoptiert haben.<\/div>\n<div><\/div>\n<div>W\u00e4hrend der Montage erleben Sie einen Zustand der Ruhe und des Friedens, in dem Sie Ihre Batterien wieder aufladen k\u00f6nnen.<\/div>\n<div><\/div>\n<div>Wenn du dann den Mechanismus in Gang setzt, bewegt sich der Frosch, dreht seinen Kopf nach links und rechts und schaut dich liebevoll an.<\/div>\n<div>Es ist so sch\u00f6n, dass Sie sich nur schwer entscheiden k\u00f6nnen, ob Sie es im Farbton des Holzes belassen oder streichen sollen.<\/div>\n<h2>Geschenk f\u00fcr Tierliebhaber<\/h2>\n<div><strong>DETAILS ZUM PRODUKT:<\/strong><\/div>\n<div>Abmessungen des Modells: 223*165*116 mm<\/div>\n<div>Paketgr\u00f6\u00dfe: 245*188*30<\/div>\n<div>Anzahl der St\u00fccke: 269<\/div>\n<\/div>\n<\/div>","protected":false},"excerpt":{"rendered":"<div>\n<div>Schildkr\u00f6te - Mechanisches 3D-Puzzle<\/div>\n<div><\/div>\n<div>Einfacher Zusammenbau und viel Spa\u00df beim Spielen! Und schlie\u00dflich starten Sie den Mechanismus und der Frosch bewegt sich, dreht den Kopf nach links und rechts und schaut Sie liebevoll an.<\/div>\n<\/div>\n<p>&nbsp;<\/p>","protected":false},"featured_media":687,"comment_status":"open","ping_status":"closed","template":"","meta":[],"product_brand":[],"product_cat":[73,76,89,90,91],"product_tag":[],"woo-feed-brand":[],"class_list":{"0":"post-694","1":"product","2":"type-product","3":"status-publish","4":"has-post-thumbnail","6":"product_cat-puzzle-3d","7":"product_cat-puzzle-3d-per-bambini","8":"product_cat-puzzle-meccanici-3d-in-legno","9":"product_cat-puzzle-meccanici-per-bambini","10":"product_cat-puzzle-meccanici-per-adulti","12":"first","13":"instock","14":"shipping-taxable","15":"purchasable","16":"product-type-simple"},"_links":{"self":[{"href":"https:\/\/puzzle3d.co\/de\/wp-json\/wp\/v2\/product\/694","targetHints":{"allow":["GET"]}}],"collection":[{"href":"https:\/\/puzzle3d.co\/de\/wp-json\/wp\/v2\/product"}],"about":[{"href":"https:\/\/puzzle3d.co\/de\/wp-json\/wp\/v2\/types\/product"}],"replies":[{"embeddable":true,"href":"https:\/\/puzzle3d.co\/de\/wp-json\/wp\/v2\/comments?post=694"}],"wp:featuredmedia":[{"embeddable":true,"href":"https:\/\/puzzle3d.co\/de\/wp-json\/wp\/v2\/media\/687"}],"wp:attachment":[{"href":"https:\/\/puzzle3d.co\/de\/wp-json\/wp\/v2\/media?parent=694"}],"wp:term":[{"taxonomy":"product_brand","embeddable":true,"href":"https:\/\/puzzle3d.co\/de\/wp-json\/wp\/v2\/product_brand?post=694"},{"taxonomy":"product_cat","embeddable":true,"href":"https:\/\/puzzle3d.co\/de\/wp-json\/wp\/v2\/product_cat?post=694"},{"taxonomy":"product_tag","embeddable":true,"href":"https:\/\/puzzle3d.co\/de\/wp-json\/wp\/v2\/product_tag?post=694"},{"taxonomy":"woo-feed-brand","embeddable":true,"href":"https:\/\/puzzle3d.co\/de\/wp-json\/wp\/v2\/woo-feed-brand?post=694"}],"curies":[{"name":"wp","href":"https:\/\/api.w.org\/{rel}","templated":true}]}}