{"id":588,"date":"2023-01-18T23:04:09","date_gmt":"2023-01-18T23:04:09","guid":{"rendered":"https:\/\/puzzle3d.co\/?post_type=product&#038;p=588"},"modified":"2025-05-11T08:12:38","modified_gmt":"2025-05-11T08:12:38","slug":"flugzeug-3d-mechanisches-holzpuzzle","status":"publish","type":"product","link":"https:\/\/puzzle3d.co\/de\/prodotto\/aereo-puzzle-meccanico-3d-in-legno\/","title":{"rendered":"AIRCRAFT - Mechanisches 3D-Holzpuzzle - 346 Teile"},"content":{"rendered":"<div><strong>AIRCRAFT - 3D mechanisches Holzpuzzle, 346 Teile<\/strong><\/div>\n<div><\/div>\n<div>Alle Fans von Luftfahrt, Technologie, Geschwindigkeit und Robotik werden der Aussage zustimmen: \"Dieses Flugzeug ist wirklich wunderbar!\"<\/div>\n<div><\/div>\n<div>Haben Sie Ihre Koffer gepackt? Packen Sie einen guten Vorrat an Kaffeebohnen ein, denn die Reise ist lang. Wir starten an Bord mit 346 Puzzleteilen, die alle aus Holz sind. Wenn Sie eine Tube Klebstoff mitnehmen, werden Sie bestraft. Aber Sie werden auch keine brauchen. Denn alle Teile sind so perfekt, dass sie perfekt ineinander passen und stabil sind. Dank eines Gummibandmotors werden Sie die Fahrt genie\u00dfen.<\/div>\n<div><\/div>\n<div>Wen laden Sie dazu ein? Es gibt keine Altersgruppe und kein Geschlecht, das den Bau eines mechanischen Puzzleflugzeugs ignorieren kann. Es l\u00f6st so viel Adrenalin aus, dass man sich hinsetzt und dar\u00fcber nachdenkt, was besser ist: die Tatsache, dass Hunderte von Teilen und stundenlange Arbeit vor einem liegen, oder das Flugzeug in Bewegung und die einzigartige Erfahrung, die dahinter steckt.<\/div>\n<div><\/div>\n<div>Sie fragen sich wahrscheinlich, wie viele Arbeitsstunden f\u00fcr den Zusammenbau von 346 Teilen erforderlich sind. Das Interessanteste daran ist, dass das niemand wei\u00df. Es h\u00e4ngt von vielen Faktoren ab: wie viele Partner Sie dabei haben, Ihre und deren Erfahrung mit Puzzles, insbesondere mit Mechanik, wie oft Sie eine Pause machen und wie lange es dauert. Aber eines wissen wir: st\u00fcrzen Sie sich nicht so schnell wie m\u00f6glich hinein. Dehnen\" Sie die Freude, denn Sie werden den Moment, in dem Sie den Motor starten, noch erleben.<\/div>\n<div><\/div>\n<div>W\u00e4hrend der Bearbeitung werden Sie feststellen, wie gut es sich anf\u00fchlt, sich zu konzentrieren, nach einem St\u00fcck zu suchen, das Sie nicht mehr zu finden glauben, so sehr, dass Sie es direkt unter der Hand haben. Ein paar gute Stunden der Konzentration lassen Ihr Gehirn mit beiden Gehirnh\u00e4lften gleichzeitig arbeiten. Sie werden ein Gef\u00fchl der Entspannung erleben und es wird eine gute Gelegenheit zur Meditation sein.<\/div>\n<div><\/div>\n<div>Das mechanische Flugzeug ist eine Freude f\u00fcr alle Puzzle-Liebhaber, aber auch f\u00fcr diejenigen, die dieses Hobby mit so vielen Vorteilen vernachl\u00e4ssigt haben. Sie k\u00f6nnen ein Kind, einen Erwachsenen und sogar einen alten Mann, der eifrig seine Enkelkinder vor dem Entwirren der Teile nennen wird, begeistern. Es ist nicht nur f\u00fcr j\u00fcngere Kinder geeignet, sondern ab einem Alter von 4 Jahren k\u00f6nnen auch sie zu zuverl\u00e4ssigen Partnern beim Zusammenbau des Flugzeugs werden.<\/div>\n<div><\/div>\n<div>Und ab hier gibt es f\u00fcr einen erfahrenen Piloten nur noch wenig zu tun...<\/div>\n<div><\/div>\n<div><strong>DETAILS ZUM PRODUKT:<\/strong><\/div>\n<div>Abmessungen des Modells: 420*287*154 mm<\/div>\n<div>Abmessungen der Verpackung: 245*188*38 mm<\/div>\n<div>Anzahl der St\u00fccke: 346<\/div>\n<div>Montage ohne Leim.<\/div>","protected":false},"excerpt":{"rendered":"<p>Sind Sie bereit zu fliegen?<br \/>\nDas mechanische Flugzeug ist eine Freude f\u00fcr alle Fans des Fliegens, der Flugzeuge und vor allem der Puzzles. Willst du dein eigenes Flugzeug? Wisse, dass es einfacher ist, als du es dir vorgestellt hast.<br \/>\nMit 346 Puzzleteilen an Bord zeigt es dir, dass du mit Ausdauer und Geduld ganz nach oben kommen kannst. Die Herstellung ist eine echte Herausforderung f\u00fcr das Gehirn, bei der Dopamin ausgesch\u00fcttet wird und du sowohl den Prozess als auch das Endprodukt genie\u00dfen kannst.<\/p>","protected":false},"featured_media":592,"comment_status":"open","ping_status":"closed","template":"","meta":[],"product_brand":[],"product_cat":[73,88,74,76,89,91],"product_tag":[],"woo-feed-brand":[],"class_list":{"0":"post-588","1":"product","2":"type-product","3":"status-publish","4":"has-post-thumbnail","6":"product_cat-puzzle-3d","7":"product_cat-puzzle-3d-adulti","8":"product_cat-puzzle-3d-in-legno","9":"product_cat-puzzle-3d-per-bambini","10":"product_cat-puzzle-meccanici-3d-in-legno","11":"product_cat-puzzle-meccanici-per-adulti","13":"first","14":"instock","15":"shipping-taxable","16":"purchasable","17":"product-type-simple"},"_links":{"self":[{"href":"https:\/\/puzzle3d.co\/de\/wp-json\/wp\/v2\/product\/588","targetHints":{"allow":["GET"]}}],"collection":[{"href":"https:\/\/puzzle3d.co\/de\/wp-json\/wp\/v2\/product"}],"about":[{"href":"https:\/\/puzzle3d.co\/de\/wp-json\/wp\/v2\/types\/product"}],"replies":[{"embeddable":true,"href":"https:\/\/puzzle3d.co\/de\/wp-json\/wp\/v2\/comments?post=588"}],"wp:featuredmedia":[{"embeddable":true,"href":"https:\/\/puzzle3d.co\/de\/wp-json\/wp\/v2\/media\/592"}],"wp:attachment":[{"href":"https:\/\/puzzle3d.co\/de\/wp-json\/wp\/v2\/media?parent=588"}],"wp:term":[{"taxonomy":"product_brand","embeddable":true,"href":"https:\/\/puzzle3d.co\/de\/wp-json\/wp\/v2\/product_brand?post=588"},{"taxonomy":"product_cat","embeddable":true,"href":"https:\/\/puzzle3d.co\/de\/wp-json\/wp\/v2\/product_cat?post=588"},{"taxonomy":"product_tag","embeddable":true,"href":"https:\/\/puzzle3d.co\/de\/wp-json\/wp\/v2\/product_tag?post=588"},{"taxonomy":"woo-feed-brand","embeddable":true,"href":"https:\/\/puzzle3d.co\/de\/wp-json\/wp\/v2\/woo-feed-brand?post=588"}],"curies":[{"name":"wp","href":"https:\/\/api.w.org\/{rel}","templated":true}]}}