{"id":553,"date":"2023-01-18T11:36:30","date_gmt":"2023-01-18T11:36:30","guid":{"rendered":"https:\/\/puzzle3d.co\/?post_type=product&#038;p=553"},"modified":"2025-05-11T08:10:21","modified_gmt":"2025-05-11T08:10:21","slug":"holzpuzzle-weltkarte-127-teile","status":"publish","type":"product","link":"https:\/\/puzzle3d.co\/de\/prodotto\/puzzle-in-legno-mappa-del-mondo-127-pezzi\/","title":{"rendered":"Wandplanisph\u00e4re aus Holz 'Smoky Dreams' 127 St\u00fcck, L\/M\/S"},"content":{"rendered":"<div><strong>Wandplanisph\u00e4re aus Holz 'Smoky Dreams' 127 St\u00fcck<\/strong><\/div>\n<div><\/div>\n<div>Dreischichtige h\u00e4ngende Weltkarte von EWA Eco-Wood-Art zum Zusammenbauen. Die Montage erfolgt mit Leim. Die Wandmontage kann mit doppelseitigem Klebeband erfolgen. Das Puzzle und die Montageanleitung werden mit doppelseitigem Klebeband und Kleber geliefert. Erh\u00e4ltlich in 3 Gr\u00f6\u00dfen (S, M, L) und 5 Farben (Blue Fantasy, Untouched World, Emerald Planet, Smoky Dreams, Choco World) auf Anfrage.<\/div>\n<div><\/div>\n<div><strong>DETAILS ZUM PRODUKT:<\/strong><\/div>\n<div>Modellgr\u00f6\u00dfe L: 1920*1050*12 mm<\/div>\n<div>Abmessungen des Modells M: 1440*790*12 mm<\/div>\n<div>Abmessungen des Modells S: 1000*550*12 mm<\/div>\n<div>Abmessungen der Verpackung: 500*385*56 mm<\/div>\n<div><strong>Anzahl der St\u00fccke: 127<\/strong><\/div>\n<div><\/div>\n<div><\/div>\n<div>Montage mit Kleber und doppelseitigem Klebeband (im Karton enthalten).<\/div>","protected":false},"excerpt":{"rendered":"<p>EWA Eco-Wood-Art dreischichtige h\u00e4ngende Wandplanisph\u00e4re aus Holz zum Montieren.<\/p>","protected":false},"featured_media":567,"comment_status":"open","ping_status":"closed","template":"","meta":[],"product_brand":[],"product_cat":[68],"product_tag":[],"woo-feed-brand":[],"class_list":{"0":"post-553","1":"product","2":"type-product","3":"status-publish","4":"has-post-thumbnail","6":"product_cat-mappamondo-da-parete-in-legno","8":"first","9":"instock","10":"shipping-taxable","11":"purchasable","12":"product-type-variable"},"_links":{"self":[{"href":"https:\/\/puzzle3d.co\/de\/wp-json\/wp\/v2\/product\/553","targetHints":{"allow":["GET"]}}],"collection":[{"href":"https:\/\/puzzle3d.co\/de\/wp-json\/wp\/v2\/product"}],"about":[{"href":"https:\/\/puzzle3d.co\/de\/wp-json\/wp\/v2\/types\/product"}],"replies":[{"embeddable":true,"href":"https:\/\/puzzle3d.co\/de\/wp-json\/wp\/v2\/comments?post=553"}],"wp:featuredmedia":[{"embeddable":true,"href":"https:\/\/puzzle3d.co\/de\/wp-json\/wp\/v2\/media\/567"}],"wp:attachment":[{"href":"https:\/\/puzzle3d.co\/de\/wp-json\/wp\/v2\/media?parent=553"}],"wp:term":[{"taxonomy":"product_brand","embeddable":true,"href":"https:\/\/puzzle3d.co\/de\/wp-json\/wp\/v2\/product_brand?post=553"},{"taxonomy":"product_cat","embeddable":true,"href":"https:\/\/puzzle3d.co\/de\/wp-json\/wp\/v2\/product_cat?post=553"},{"taxonomy":"product_tag","embeddable":true,"href":"https:\/\/puzzle3d.co\/de\/wp-json\/wp\/v2\/product_tag?post=553"},{"taxonomy":"woo-feed-brand","embeddable":true,"href":"https:\/\/puzzle3d.co\/de\/wp-json\/wp\/v2\/woo-feed-brand?post=553"}],"curies":[{"name":"wp","href":"https:\/\/api.w.org\/{rel}","templated":true}]}}