{"id":541,"date":"2023-01-18T09:13:26","date_gmt":"2023-01-18T09:13:26","guid":{"rendered":"https:\/\/puzzle3d.co\/product\/mapa-lumii-choco-world-copy\/"},"modified":"2025-05-11T08:10:37","modified_gmt":"2025-05-11T08:10:37","slug":"hangende-weltkarte-aus-holz","status":"publish","type":"product","link":"https:\/\/puzzle3d.co\/de\/prodotto\/planisfero-da-parete\/","title":{"rendered":"Wandplanisph\u00e4re 'Emerald Planet' 127 St\u00fcck"},"content":{"rendered":"<div><strong>Wandh\u00e4ngende Holzplanisph\u00e4re<\/strong><\/div>\n<div><\/div>\n<div>Dreischichtige h\u00e4ngende Weltkarte von EWA Eco-Wood-Art zum Zusammenbauen. Die Montage erfolgt mit Leim. Die Wandmontage kann mit doppelseitigem Klebeband erfolgen. Das Puzzle und die Montageanleitung werden mit doppelseitigem Klebeband und Kleber geliefert. Erh\u00e4ltlich in 3 Gr\u00f6\u00dfen (S, M, L) und 5 Farben (Blue Fantasy, Untouched World, Emerald Planet, Smoky Dreams, Choco World) auf Anfrage.<\/div>\n<div><\/div>\n<div><strong>DETAILS ZUM PRODUKT:<\/strong><\/div>\n<div>Modellgr\u00f6\u00dfe L: 1920*1050*12 mm<\/div>\n<div>Abmessungen des Modells M: 1440*790*12 mm<\/div>\n<div>Abmessungen des Modells S: 1000*550*12 mm<\/div>\n<div>Abmessungen der Verpackung: 500*385*56 mm<\/div>\n<div>Anzahl der St\u00fccke: 127<\/div>\n<div><\/div>\n<div>Montage mit Kleber und doppelseitigem Klebeband (im Karton enthalten).<\/div>\n<p>{<br \/>\n\"@context\": \"https:\/\/schema.org\/\",<br \/>\n\"@Typ\": \"Produkt\",<br \/>\n\"@id\": \"https:\/\/puzzle3d.co\/prodotto\/planisfero-da-parete\/\",<br \/>\n\"url\": \"https:\/\/puzzle3d.co\/prodotto\/planisfero-da-parete\/\",<br \/>\n\"Name\": \"Dreischichtige abgeh\u00e4ngte Holzwandplanisph\u00e4re\",<br \/>\n\"image\": \"https:\/\/puzzle3d.co\/wp-content\/uploads\/2023\/01\/Emerald-Planet1w.webp\",<br \/>\n\"description\": \"Do-it-yourself dreilagige Wandplanisph\u00e4re aus Holz zum Aufh\u00e4ngen. Holzpuzzle 'Emerald Planet', 127 Teile, erh\u00e4ltlich in Large \/ Medium \/ Small.\",<br \/>\n\"Marke\": {<br \/>\n\"@type\": \"Marke\",<br \/>\n\"Name\": \"Puzzle3D.co\".<br \/>\n},<br \/>\n\"aggregateRating\": {<br \/>\n\"@type\": \"AggregateRating\",<br \/>\n\"besteBewertung\": \"5\",<br \/>\n\"worstRating': '1',<br \/>\n\"ratingCount\": \"278\",<br \/>\n\"ratingValue\": \"4.8\".<br \/>\n}<br \/>\n}<\/p>","protected":false},"excerpt":{"rendered":"<p>Dreischichtige h\u00e4ngende Weltkarte von EWA Eco-Wood-Art zum Zusammenbauen.<\/p>","protected":false},"featured_media":575,"comment_status":"open","ping_status":"closed","template":"","meta":{"slim_seo":{"title":"\ud83d\uddfa\ufe0f Wandh\u00e4ngende Holzplanisph\u00e4re 127 St\u00fcck","description":"Wandplanisph\u00e4re aus Holz, dreischichtig, zum Selberbauen. Holzpuzzle \"Planet Smaragd\" 127 Teile. TOP 2026"}},"product_brand":[],"product_cat":[68],"product_tag":[],"woo-feed-brand":[],"class_list":{"0":"post-541","1":"product","2":"type-product","3":"status-publish","4":"has-post-thumbnail","6":"product_cat-mappamondo-da-parete-in-legno","8":"first","9":"instock","10":"shipping-taxable","11":"purchasable","12":"product-type-variable"},"_links":{"self":[{"href":"https:\/\/puzzle3d.co\/de\/wp-json\/wp\/v2\/product\/541","targetHints":{"allow":["GET"]}}],"collection":[{"href":"https:\/\/puzzle3d.co\/de\/wp-json\/wp\/v2\/product"}],"about":[{"href":"https:\/\/puzzle3d.co\/de\/wp-json\/wp\/v2\/types\/product"}],"replies":[{"embeddable":true,"href":"https:\/\/puzzle3d.co\/de\/wp-json\/wp\/v2\/comments?post=541"}],"wp:featuredmedia":[{"embeddable":true,"href":"https:\/\/puzzle3d.co\/de\/wp-json\/wp\/v2\/media\/575"}],"wp:attachment":[{"href":"https:\/\/puzzle3d.co\/de\/wp-json\/wp\/v2\/media?parent=541"}],"wp:term":[{"taxonomy":"product_brand","embeddable":true,"href":"https:\/\/puzzle3d.co\/de\/wp-json\/wp\/v2\/product_brand?post=541"},{"taxonomy":"product_cat","embeddable":true,"href":"https:\/\/puzzle3d.co\/de\/wp-json\/wp\/v2\/product_cat?post=541"},{"taxonomy":"product_tag","embeddable":true,"href":"https:\/\/puzzle3d.co\/de\/wp-json\/wp\/v2\/product_tag?post=541"},{"taxonomy":"woo-feed-brand","embeddable":true,"href":"https:\/\/puzzle3d.co\/de\/wp-json\/wp\/v2\/woo-feed-brand?post=541"}],"curies":[{"name":"wp","href":"https:\/\/api.w.org\/{rel}","templated":true}]}}