{"id":171,"date":"2014-07-06T10:43:57","date_gmt":"2014-07-06T10:43:57","guid":{"rendered":"http:\/\/flatsome.dev\/?post_type=product&#038;p=8263"},"modified":"2025-06-11T18:51:53","modified_gmt":"2025-06-11T18:51:53","slug":"wandglobus-aus-holz","status":"publish","type":"product","link":"https:\/\/puzzle3d.co\/de\/prodotto\/mappamondo-legno-parete-in-legno\/","title":{"rendered":"3D-Weltkarte aus braunem Holz"},"content":{"rendered":"<div><strong>Weltkarte - Braunes 3D-Holzpuzzle 'Choco World' 127 Teile<\/strong><\/div>\n<div><\/div>\n<div>EWA Eco-Wood-Art dreischichtiger Holzglobus zum Aufh\u00e4ngen. Die Montage erfolgt mit Leim. Die Wandmontage kann mit doppelseitigem Klebeband erfolgen. Das Puzzle und die Montageanleitung werden mit doppelseitigem Klebeband und Kleber geliefert. Erh\u00e4ltlich in 3 Gr\u00f6\u00dfen (S, M, L) und 5 Farben (Blue Fantasy, Untouched World, Emerald Planet, Smoky Dreams, Choco World) auf Anfrage.<\/div>\n<div><\/div>\n<div>Montage mit Kleber und doppelseitigem Klebeband (im Karton enthalten).<\/div>","protected":false},"excerpt":{"rendered":"<div>Dreischichtige, aufgeh\u00e4ngte Weltkarte f\u00fcr die Montage.<\/div>\n<p>&nbsp;<\/p>","protected":false},"featured_media":579,"comment_status":"open","ping_status":"closed","template":"","meta":{"slim_seo":{"title":"\ud83d\uddfa Karte der Welt. Holzpuzzle \"Choco World\" 127 Teile","description":"Map of the World Holz Wandbehang drei Schichten zusammengesetzt werden. Wandmontage kann mit Doppelklebeband durchgef\u00fchrt werden."}},"product_brand":[],"product_cat":[68],"product_tag":[],"woo-feed-brand":[],"class_list":{"0":"post-171","1":"product","2":"type-product","3":"status-publish","4":"has-post-thumbnail","6":"product_cat-mappamondo-da-parete-in-legno","8":"first","9":"outofstock","10":"shipping-taxable","11":"purchasable","12":"product-type-variable"},"_links":{"self":[{"href":"https:\/\/puzzle3d.co\/de\/wp-json\/wp\/v2\/product\/171","targetHints":{"allow":["GET"]}}],"collection":[{"href":"https:\/\/puzzle3d.co\/de\/wp-json\/wp\/v2\/product"}],"about":[{"href":"https:\/\/puzzle3d.co\/de\/wp-json\/wp\/v2\/types\/product"}],"replies":[{"embeddable":true,"href":"https:\/\/puzzle3d.co\/de\/wp-json\/wp\/v2\/comments?post=171"}],"wp:featuredmedia":[{"embeddable":true,"href":"https:\/\/puzzle3d.co\/de\/wp-json\/wp\/v2\/media\/579"}],"wp:attachment":[{"href":"https:\/\/puzzle3d.co\/de\/wp-json\/wp\/v2\/media?parent=171"}],"wp:term":[{"taxonomy":"product_brand","embeddable":true,"href":"https:\/\/puzzle3d.co\/de\/wp-json\/wp\/v2\/product_brand?post=171"},{"taxonomy":"product_cat","embeddable":true,"href":"https:\/\/puzzle3d.co\/de\/wp-json\/wp\/v2\/product_cat?post=171"},{"taxonomy":"product_tag","embeddable":true,"href":"https:\/\/puzzle3d.co\/de\/wp-json\/wp\/v2\/product_tag?post=171"},{"taxonomy":"woo-feed-brand","embeddable":true,"href":"https:\/\/puzzle3d.co\/de\/wp-json\/wp\/v2\/woo-feed-brand?post=171"}],"curies":[{"name":"wp","href":"https:\/\/api.w.org\/{rel}","templated":true}]}}