{"id":1466,"date":"2023-03-08T12:47:30","date_gmt":"2023-03-08T12:47:30","guid":{"rendered":"https:\/\/puzzle3d.co\/product\/tractor-puzzle-mecanic-din-lemn-358-piese-copy\/"},"modified":"2026-01-19T10:27:03","modified_gmt":"2026-01-19T10:27:03","slug":"traktor-mechanisches-holzpuzzle-342-teile","status":"publish","type":"product","link":"https:\/\/puzzle3d.co\/de\/prodotto\/trattore-puzzle-meccanico-legno-342-pezzi\/","title":{"rendered":"H\u00f6lzernes mechanisches Traktor-Modell zum Bauen - 342 Teile"},"content":{"rendered":"<div>\n<p><strong>Traktor \u2013  Modell Mechanischer Traktor aus Holz zum Zusammenbauen \u2013 342 Teile<\/strong><\/p>\n<div>\n<div>Es ist falsch zu denken, dass Traktoren nur etwas f\u00fcr Jungen und M\u00e4nner sind.<\/div>\n<div><\/div>\n<div>Nachdem Sie dieses Modell zusammengesetzt haben, werden Sie es als ein wahres Kunstwerk wahrnehmen. Und das Material, aus dem die Puzzleteile gefertigt sind, Holz, wird Ihnen seinen wahren Wert zeigen.<\/div>\n<div><\/div>\n<div>Der Motor mit dem Gummiband l\u00e4sst sich bewegen, T\u00fcren und Motorhaube lassen sich \u00f6ffnen. Die Zugmaschine sieht noch besser aus neben dem Anh\u00e4nger, der als separates Modell erh\u00e4ltlich ist.<\/div>\n<div><\/div>\n<div>Er wird einfach mit einem Haken am Traktor befestigt und mit Hilfe eines Hebels wie ein echter Anh\u00e4nger ge\u00f6ffnet.<\/div>\n<div><\/div>\n<div>Es ist ein vielseitiges Geschenk, das sowohl von Kindern als auch von Erwachsenen gesch\u00e4tzt wird. Dieses Modell wird alle R\u00e4tsel- und Bastelfreunde faszinieren.<\/div>\n<div><\/div>\n<div>Das Set ist \u00e4sthetisch ansprechend und kann ein originelles Dekorationsobjekt sein. F\u00fcllen Sie den Anh\u00e4nger mit Gras, Zweigen, Kaffeebohnen oder was immer Ihnen in den Sinn kommt.<\/div>\n<div><\/div>\n<div>Die Kinder werden den Traktor und den Anh\u00e4nger aus dem beliebten Spiel \"Der Bauernhof\" lieben, aber auch neue Spiele erfinden.<\/div>\n<div>Dann kannst du den Traktor und den Anh\u00e4nger zusammenbauen, spielen, bewundern und Erinnerungen schaffen.<\/div>\n<div><\/div>\n<div><\/div>\n<div><strong>DETAILS ZUM PRODUKT:<\/strong><\/div>\n<div>Abmessungen des Modells: 282*136*175 mm<\/div>\n<div>Abmessungen der Verpackung: 375 x 243 x 30 mm<\/div>\n<div>Anzahl der St\u00fccke: 342<\/div>\n<\/div>\n<\/div>","protected":false},"excerpt":{"rendered":"<p>Mit dem Gummibandmotor kann man ihn bewegen, die T\u00fcren und die Motorhaube \u00f6ffnen.<\/p>","protected":false},"featured_media":1469,"comment_status":"open","ping_status":"closed","template":"","meta":[],"product_brand":[],"product_cat":[73,108,88,74,76,89,90,91],"product_tag":[],"woo-feed-brand":[],"class_list":{"0":"post-1466","1":"product","2":"type-product","3":"status-publish","4":"has-post-thumbnail","6":"product_cat-puzzle-3d","7":"product_cat-modellismo-da-costruire-per-adulti","8":"product_cat-puzzle-3d-adulti","9":"product_cat-puzzle-3d-in-legno","10":"product_cat-puzzle-3d-per-bambini","11":"product_cat-puzzle-meccanici-3d-in-legno","12":"product_cat-puzzle-meccanici-per-bambini","13":"product_cat-puzzle-meccanici-per-adulti","15":"first","16":"instock","17":"shipping-taxable","18":"purchasable","19":"product-type-simple"},"_links":{"self":[{"href":"https:\/\/puzzle3d.co\/de\/wp-json\/wp\/v2\/product\/1466","targetHints":{"allow":["GET"]}}],"collection":[{"href":"https:\/\/puzzle3d.co\/de\/wp-json\/wp\/v2\/product"}],"about":[{"href":"https:\/\/puzzle3d.co\/de\/wp-json\/wp\/v2\/types\/product"}],"replies":[{"embeddable":true,"href":"https:\/\/puzzle3d.co\/de\/wp-json\/wp\/v2\/comments?post=1466"}],"wp:featuredmedia":[{"embeddable":true,"href":"https:\/\/puzzle3d.co\/de\/wp-json\/wp\/v2\/media\/1469"}],"wp:attachment":[{"href":"https:\/\/puzzle3d.co\/de\/wp-json\/wp\/v2\/media?parent=1466"}],"wp:term":[{"taxonomy":"product_brand","embeddable":true,"href":"https:\/\/puzzle3d.co\/de\/wp-json\/wp\/v2\/product_brand?post=1466"},{"taxonomy":"product_cat","embeddable":true,"href":"https:\/\/puzzle3d.co\/de\/wp-json\/wp\/v2\/product_cat?post=1466"},{"taxonomy":"product_tag","embeddable":true,"href":"https:\/\/puzzle3d.co\/de\/wp-json\/wp\/v2\/product_tag?post=1466"},{"taxonomy":"woo-feed-brand","embeddable":true,"href":"https:\/\/puzzle3d.co\/de\/wp-json\/wp\/v2\/woo-feed-brand?post=1466"}],"curies":[{"name":"wp","href":"https:\/\/api.w.org\/{rel}","templated":true}]}}