{"id":1454,"date":"2023-03-08T11:51:26","date_gmt":"2023-03-08T11:51:26","guid":{"rendered":"https:\/\/puzzle3d.co\/product\/angrenajul-planetar-puzzle-mecanic-din-lemn-153-piese-copy\/"},"modified":"2026-01-02T05:29:01","modified_gmt":"2026-01-02T05:29:01","slug":"mechanisches-holztraktor-puzzle-358-teile","status":"publish","type":"product","link":"https:\/\/puzzle3d.co\/de\/prodotto\/trattore-puzzle-meccanico-in-legno-358-pezzi\/","title":{"rendered":"Traktor - Mechanisches Holzpuzzle, 358 Teile"},"content":{"rendered":"<div>\n<p><strong>Modell Traktor - Mechanisches Holzpuzzle, 358 Teile<\/strong><\/p>\n<div><\/div>\n<\/div>\n<div>\n<div>\n<div>Fr\u00fchmorgens, noch vor Sonnenaufgang, startet der Landwirt den Traktor.<\/div>\n<div><\/div>\n<div>Er wei\u00df, dass der Traktor f\u00fcr seine Arbeit unerl\u00e4sslich ist, damit er seinen Hof und seine Familie ern\u00e4hren kann. Sein lautes Ger\u00e4usch weckt die Kinder, die noch von Hasen tr\u00e4umen, aber sie schlafen bald wieder ein.<\/div>\n<div><\/div>\n<div>Als der Traktor in Richtung Bauernhof f\u00e4hrt, ist das laute Ger\u00e4usch des Motors und der R\u00e4der, vermischt mit dem Geruch von Diesel, noch immer aus dem Haus zu h\u00f6ren.<\/div>\n<div><\/div>\n<div>Am Rande eines frisch ges\u00e4ten Weizenfeldes erwacht der Bauernhof zum Leben. Hier hat sich das Ger\u00e4usch des Traktors bereits mit dem Zwitschern der V\u00f6gel und der Guten-Morgen-Botschaft der geliebten Tiere vermischt und eine besondere Harmonie geschaffen.<\/div>\n<div><\/div>\n<div>Nachdem er die Tiere gef\u00fcttert hat, f\u00e4hrt der Bauer mit dem Traktor hinterher und kehrt auf die Landstra\u00dfe zur\u00fcck. Er f\u00e4hrt nun zu einem anderen Feld, das er mit viel Liebe ges\u00e4t hat. Auf diesem Feld wird Mais wachsen. Der Bauer ist seinem Traktor dankbar, weil er seine Familie und die Tiere ern\u00e4hren kann.<\/div>\n<div><\/div>\n<div>Der Traktor kann daher als ein Element der modernen Technologie betrachtet werden, das mit der Natur auf freundliche Weise interagiert und sich den Bed\u00fcrfnissen von Mensch und Tier anpasst.<\/div>\n<div><\/div>\n<div>Dieser wundersch\u00f6ne Traktor aus 358 Holzpuzzleteilen wird alle Liebhaber von Fahrzeugen, Puzzles und Fans des Landlebens begeistern.<\/div>\n<div><\/div>\n<div>Die Kinder werden es gerne in ihre Bau- oder Bauernhofspiele integrieren.<\/div>\n<div><\/div>\n<div>Es ist wie ein echter Miniaturtraktor. Noch sch\u00f6ner, wenn wir auf das Holz verweisen, aus dem er gemacht ist. Der Traktor bewegt sich hin und her und die R\u00e4der k\u00f6nnen sich von rechts nach links drehen. Die Motorhaube l\u00e4sst sich \u00f6ffnen und man kann die vier Zylinder sehen, die W\u00e4rmeenergie in mechanische Energie umwandeln. Die T\u00fcren lassen sich ebenfalls \u00f6ffnen und der Einstieg in den Traktor wird durch eine Treppe erleichtert. Der Salon ist von realen Vorbildern inspiriert, so dass es unm\u00f6glich ist, sich nicht in dieses Modell zu verlieben. Der H\u00f6hepunkt ist das Starten des Traktors mit dem Gummimotor. Legen Sie eine Gourmet-Schokolade in den Salon und schicken Sie sie \u00fcber das Fahrzeug an einen geliebten Menschen.<\/div>\n<div><\/div>\n<div>Es ist ein sch\u00f6nes Dekorationsobjekt f\u00fcr das Kinderzimmer, aber auch f\u00fcr das Wohnzimmer oder B\u00fcro. Es wird die Aufmerksamkeit auf sich ziehen und wird nicht lange ohne Beleuchtung bleiben.<\/div>\n<div><\/div>\n<div>Bauen Sie es mit Ihrem Kind, Ihrer Familie oder Ihren Freunden zusammen, um ein noch besseres Erlebnis zu haben!<\/div>\n<div><\/div>\n<div><strong>DETAILS ZUM PRODUKT:<\/strong><\/div>\n<div>Abmessungen des Modells: 315*173*207 mm<\/div>\n<div>Abmessungen der Verpackung: 375 x 243 x 43 mm<\/div>\n<div><strong>Anzahl der St\u00fccke: 358<\/strong><\/div>\n<\/div>\n<div><\/div>\n<\/div>","protected":false},"excerpt":{"rendered":"<p>Es ist wie ein echter Miniaturtraktor. Noch sch\u00f6ner, wenn wir auf das Holz verweisen, aus dem er gemacht ist.<\/p>","protected":false},"featured_media":1457,"comment_status":"open","ping_status":"closed","template":"","meta":{"slim_seo":{"title":"\ud83d\ude9c Mechanisches Traktormodell aus Holz, 358 St\u00fcck","description":"Mechanisches Traktor-Modell aus Holz, 358 Teile. Es ist wie ein echter Miniatur-Traktor. Noch sch\u00f6ner, wenn wir auf das Holz, aus dem es gemacht ist beziehen."}},"product_brand":[],"product_cat":[89,91,90,73,88,74,76],"product_tag":[],"woo-feed-brand":[],"class_list":{"0":"post-1454","1":"product","2":"type-product","3":"status-publish","4":"has-post-thumbnail","6":"product_cat-puzzle-meccanici-3d-in-legno","7":"product_cat-puzzle-meccanici-per-adulti","8":"product_cat-puzzle-meccanici-per-bambini","9":"product_cat-puzzle-3d","10":"product_cat-puzzle-3d-adulti","11":"product_cat-puzzle-3d-in-legno","12":"product_cat-puzzle-3d-per-bambini","14":"first","15":"instock","16":"shipping-taxable","17":"purchasable","18":"product-type-simple"},"_links":{"self":[{"href":"https:\/\/puzzle3d.co\/de\/wp-json\/wp\/v2\/product\/1454","targetHints":{"allow":["GET"]}}],"collection":[{"href":"https:\/\/puzzle3d.co\/de\/wp-json\/wp\/v2\/product"}],"about":[{"href":"https:\/\/puzzle3d.co\/de\/wp-json\/wp\/v2\/types\/product"}],"replies":[{"embeddable":true,"href":"https:\/\/puzzle3d.co\/de\/wp-json\/wp\/v2\/comments?post=1454"}],"wp:featuredmedia":[{"embeddable":true,"href":"https:\/\/puzzle3d.co\/de\/wp-json\/wp\/v2\/media\/1457"}],"wp:attachment":[{"href":"https:\/\/puzzle3d.co\/de\/wp-json\/wp\/v2\/media?parent=1454"}],"wp:term":[{"taxonomy":"product_brand","embeddable":true,"href":"https:\/\/puzzle3d.co\/de\/wp-json\/wp\/v2\/product_brand?post=1454"},{"taxonomy":"product_cat","embeddable":true,"href":"https:\/\/puzzle3d.co\/de\/wp-json\/wp\/v2\/product_cat?post=1454"},{"taxonomy":"product_tag","embeddable":true,"href":"https:\/\/puzzle3d.co\/de\/wp-json\/wp\/v2\/product_tag?post=1454"},{"taxonomy":"woo-feed-brand","embeddable":true,"href":"https:\/\/puzzle3d.co\/de\/wp-json\/wp\/v2\/woo-feed-brand?post=1454"}],"curies":[{"name":"wp","href":"https:\/\/api.w.org\/{rel}","templated":true}]}}