{"id":1441,"date":"2023-03-08T11:10:44","date_gmt":"2023-03-08T11:10:44","guid":{"rendered":"https:\/\/puzzle3d.co\/product\/triceratops-puzzle-mecanic-din-lemn-283-piese-copy\/"},"modified":"2026-01-19T16:26:02","modified_gmt":"2026-01-19T16:26:02","slug":"planetengetriebe-mechanisches-holzpuzzle-153-teile","status":"publish","type":"product","link":"https:\/\/puzzle3d.co\/de\/prodotto\/ingranaggio-planetario-puzzle-meccanico-legno-153-pezzi\/","title":{"rendered":"Planetengetriebe mechanisches Holzpuzzle, 153 Teile"},"content":{"rendered":"<div>\n<p>Planetengetriebe mechanisches Holzpuzzle, 153 Teile<\/p>\n<div>\n<div>Wie kann man schwierige Aspekte der Geometrie und Physik leichter verstehen?<\/div>\n<div><\/div>\n<div>Wie sieht es mit der r\u00e4umlichen Beziehung zwischen Objekten aus?<\/div>\n<div><\/div>\n<div>Ich wei\u00df, es klingt kompliziert, aber mit einem Planetengetriebe wird es einfach und macht Spa\u00df.<\/div>\n<div><\/div>\n<div>Das Ger\u00e4t wird mit einer klaren Anleitung und 153 Holzteilen in verschiedenen Formen und Gr\u00f6\u00dfen geliefert. Der Zusammenbau ist faszinierend, und wenn das Modell \"zum Leben erwacht\", werden Sie sich auf den Moment freuen, in dem Sie den Gummimotor starten k\u00f6nnen.<\/div>\n<div><\/div>\n<div>Au\u00dferdem kann man mit Hilfe von Zahnr\u00e4dern etwas \u00fcber Maschinen und mechanische Ger\u00e4te lernen, die auf der Grundlage einer Reihe von Zahnr\u00e4dern funktionieren, die sich um ein gro\u00dfes zentrales Rad drehen.<\/div>\n<div><\/div>\n<div>Sie k\u00f6nnen sich gar nicht vorstellen, wie oft Sie in Ihrem t\u00e4glichen Leben mit einem Zahnrad in Ber\u00fchrung kommen:<\/div>\n<div><\/div>\n<ul>\n<li>Das Getriebe schaltet je nach Gang;<\/li>\n<li>Auf dieser Grundlage wird die Kraft beim Radfahren von den Pedalen auf die R\u00e4der \u00fcbertragen;<\/li>\n<li>Eine Reihe von Industriemaschinen starten Motoren, Pumpen und Kompressoren mit diesem Mechanismus;<\/li>\n<li>Land- und Baumaschinen wie Bulldozer, Bagger, M\u00e4hdrescher, Traktoren und S\u00e4maschinen k\u00f6nnten ohne Werkzeuge nicht funktionieren.<\/li>\n<\/ul>\n<div><\/div>\n<div>Interessanterweise gehen h\u00f6lzerne Zahnr\u00e4der, die f\u00fcr die Kraft\u00fcbertragung in Wasserpumpen und in der Metallverarbeitung verwendet werden, auf das Jahr 3000 v. Chr. zur\u00fcck.<\/div>\n<div><\/div>\n<div>Einer der ersten Wissenschaftler, der die Funktionsweise von Zahnr\u00e4dern erforschte und verstand, war Leonardo da Vinci im 15. Er entwickelte verschiedene Arten von Zahnr\u00e4dern und stellte fest, dass sie viel effizienter arbeiten, wenn sie aus mehreren Z\u00e4hnen bestehen.<\/div>\n<div><\/div>\n<div>Puzzle 3Dstellte jedoch fest, dass die Ausr\u00fcstung in Teams mit Gleichgesinnten effizienter zusammengesetzt wird, und interessanterweise: Wo viele sind, steigt die Leistung!<\/div>\n<div><\/div>\n<div>Es ist ein perfektes Geschenk f\u00fcr Schulkinder, aber auch f\u00fcr Erwachsene, insbesondere f\u00fcr Lehrer. Vor allem, wenn die Person ist leidenschaftlich \u00fcber Technik, Physik, Mathematik oder einfach Puzzles.<\/div>\n<div><\/div>\n<div>Nach der Montage k\u00f6nnen Sie sich \u00fcber ein sch\u00f6nes Dekorationsst\u00fcck f\u00fcr Ihr Zuhause oder Ihr B\u00fcro freuen, das alle Blicke auf sich zieht.<\/div>\n<div><\/div>\n<div><\/div>\n<div>DETAILS ZUM PRODUKT:<\/div>\n<div>Abmessungen des Modells: 247*118*204 mm<\/div>\n<div>Abmessungen der Verpackung: 245*188*30 mm<\/div>\n<div>Anzahl der St\u00fccke: 153<\/div>\n<\/div>\n<\/div>\n<div>\n<div><\/div>\n<\/div>","protected":false},"excerpt":{"rendered":"<div>Das Ger\u00e4t wird mit einer klaren Anleitung und 153 Holzteilen in verschiedenen Formen und Gr\u00f6\u00dfen geliefert. Der Zusammenbau ist faszinierend, und wenn das Modell \"zum Leben erwacht\", werden Sie sich auf den Moment freuen, in dem Sie den Gummimotor starten k\u00f6nnen.<\/div>\n<p>&nbsp;<\/p>","protected":false},"featured_media":1447,"comment_status":"open","ping_status":"closed","template":"","meta":[],"product_brand":[],"product_cat":[73,88,74,76,89,90,91],"product_tag":[],"woo-feed-brand":[],"class_list":{"0":"post-1441","1":"product","2":"type-product","3":"status-publish","4":"has-post-thumbnail","6":"product_cat-puzzle-3d","7":"product_cat-puzzle-3d-adulti","8":"product_cat-puzzle-3d-in-legno","9":"product_cat-puzzle-3d-per-bambini","10":"product_cat-puzzle-meccanici-3d-in-legno","11":"product_cat-puzzle-meccanici-per-bambini","12":"product_cat-puzzle-meccanici-per-adulti","14":"first","15":"instock","16":"shipping-taxable","17":"purchasable","18":"product-type-simple"},"_links":{"self":[{"href":"https:\/\/puzzle3d.co\/de\/wp-json\/wp\/v2\/product\/1441","targetHints":{"allow":["GET"]}}],"collection":[{"href":"https:\/\/puzzle3d.co\/de\/wp-json\/wp\/v2\/product"}],"about":[{"href":"https:\/\/puzzle3d.co\/de\/wp-json\/wp\/v2\/types\/product"}],"replies":[{"embeddable":true,"href":"https:\/\/puzzle3d.co\/de\/wp-json\/wp\/v2\/comments?post=1441"}],"wp:featuredmedia":[{"embeddable":true,"href":"https:\/\/puzzle3d.co\/de\/wp-json\/wp\/v2\/media\/1447"}],"wp:attachment":[{"href":"https:\/\/puzzle3d.co\/de\/wp-json\/wp\/v2\/media?parent=1441"}],"wp:term":[{"taxonomy":"product_brand","embeddable":true,"href":"https:\/\/puzzle3d.co\/de\/wp-json\/wp\/v2\/product_brand?post=1441"},{"taxonomy":"product_cat","embeddable":true,"href":"https:\/\/puzzle3d.co\/de\/wp-json\/wp\/v2\/product_cat?post=1441"},{"taxonomy":"product_tag","embeddable":true,"href":"https:\/\/puzzle3d.co\/de\/wp-json\/wp\/v2\/product_tag?post=1441"},{"taxonomy":"woo-feed-brand","embeddable":true,"href":"https:\/\/puzzle3d.co\/de\/wp-json\/wp\/v2\/woo-feed-brand?post=1441"}],"curies":[{"name":"wp","href":"https:\/\/api.w.org\/{rel}","templated":true}]}}