{"id":1423,"date":"2023-03-08T09:40:19","date_gmt":"2023-03-08T09:40:19","guid":{"rendered":"https:\/\/puzzle3d.co\/product\/retro-car-puzzle-3d-mecanic-copy\/"},"modified":"2026-01-02T05:29:01","modified_gmt":"2026-01-02T05:29:01","slug":"mechanisches-vogelpuzzle-aus-holz","status":"publish","type":"product","link":"https:\/\/puzzle3d.co\/de\/prodotto\/uccello-puzzle-meccanico-in-legno\/","title":{"rendered":"Vogel Zahnstocher Box aus Holz - 37 St\u00fcck"},"content":{"rendered":"<p><strong>Vogel - Zahnstocherkasten aus Holz - 37 St\u00fcck<\/strong><\/p>\n<div>\n<div>Kleine Details machen einen gro\u00dfen Unterschied!<\/div>\n<div><\/div>\n<div>Warum w\u00e4hlen wir gerne die sch\u00f6nsten Tee- und Kaffeebeh\u00e4lter?<\/div>\n<div>Weil es unsere Augen und unsere Seele erfreut. Entscheiden Sie sich f\u00fcr Originalit\u00e4t in der K\u00fcche und auf Ihrem Tisch mit einer speziellen Zahnstocherbox, die mit einem Vogel verziert ist. Sie k\u00f6nnen auch andere kleine Gegenst\u00e4nde wie Ringe, M\u00fcnzen oder Liebeserkl\u00e4rungen darin aufbewahren.<\/div>\n<div><\/div>\n<div>Sie k\u00f6nnen ihn in der Farbe des Holzes belassen oder ihn passend zur Einrichtung Ihres Hauses streichen. Im Fr\u00fchling k\u00f6nnen Sie ihn auf der Terrasse aufstellen.<\/div>\n<div>Ja, man kann den Fr\u00fchling nicht nur mit einem Vogel herbeif\u00fchren, aber mit diesem wunderbaren Puzzle k\u00f6nnen Sie ein wundersch\u00f6nes Objekt schaffen, das Sie jedes Mal, wenn Sie es bewundern, Fr\u00fchlingsgef\u00fchle wecken wird. Wahrscheinlich das geeignetste Geschenk f\u00fcr alle M\u00fctter und Gro\u00dfm\u00fctter, deren Kinder erwachsen geworden und aus dem Nest geflogen sind...<\/div>\n<div><\/div>\n<div><strong>DETAILS ZUM PRODUKT:<\/strong><\/div>\n<div>Abmessungen des Modells: 125*80*140 mm<\/div>\n<div>Abmessungen der Verpackung: 190 x 123 x 19 mm<\/div>\n<div>Anzahl der St\u00fccke: 38<\/div>\n<\/div>","protected":false},"excerpt":{"rendered":"<div>Entscheiden Sie sich f\u00fcr Originalit\u00e4t in der K\u00fcche und auf dem Tisch mit einer speziellen Zahnstocherdose, die mit einem Vogel verziert ist.<\/div>\n<p>&nbsp;<\/p>","protected":false},"featured_media":1427,"comment_status":"open","ping_status":"closed","template":"","meta":[],"product_brand":[],"product_cat":[73,88,74,76,89,90,91],"product_tag":[],"woo-feed-brand":[],"class_list":{"0":"post-1423","1":"product","2":"type-product","3":"status-publish","4":"has-post-thumbnail","6":"product_cat-puzzle-3d","7":"product_cat-puzzle-3d-adulti","8":"product_cat-puzzle-3d-in-legno","9":"product_cat-puzzle-3d-per-bambini","10":"product_cat-puzzle-meccanici-3d-in-legno","11":"product_cat-puzzle-meccanici-per-bambini","12":"product_cat-puzzle-meccanici-per-adulti","14":"first","15":"instock","16":"shipping-taxable","17":"purchasable","18":"product-type-simple"},"_links":{"self":[{"href":"https:\/\/puzzle3d.co\/de\/wp-json\/wp\/v2\/product\/1423","targetHints":{"allow":["GET"]}}],"collection":[{"href":"https:\/\/puzzle3d.co\/de\/wp-json\/wp\/v2\/product"}],"about":[{"href":"https:\/\/puzzle3d.co\/de\/wp-json\/wp\/v2\/types\/product"}],"replies":[{"embeddable":true,"href":"https:\/\/puzzle3d.co\/de\/wp-json\/wp\/v2\/comments?post=1423"}],"wp:featuredmedia":[{"embeddable":true,"href":"https:\/\/puzzle3d.co\/de\/wp-json\/wp\/v2\/media\/1427"}],"wp:attachment":[{"href":"https:\/\/puzzle3d.co\/de\/wp-json\/wp\/v2\/media?parent=1423"}],"wp:term":[{"taxonomy":"product_brand","embeddable":true,"href":"https:\/\/puzzle3d.co\/de\/wp-json\/wp\/v2\/product_brand?post=1423"},{"taxonomy":"product_cat","embeddable":true,"href":"https:\/\/puzzle3d.co\/de\/wp-json\/wp\/v2\/product_cat?post=1423"},{"taxonomy":"product_tag","embeddable":true,"href":"https:\/\/puzzle3d.co\/de\/wp-json\/wp\/v2\/product_tag?post=1423"},{"taxonomy":"woo-feed-brand","embeddable":true,"href":"https:\/\/puzzle3d.co\/de\/wp-json\/wp\/v2\/woo-feed-brand?post=1423"}],"curies":[{"name":"wp","href":"https:\/\/api.w.org\/{rel}","templated":true}]}}