{"id":1184,"date":"2023-02-06T10:42:01","date_gmt":"2023-02-06T10:42:01","guid":{"rendered":"https:\/\/puzzle3d.co\/product\/locomotiva-puzzle-3d-mecanic-copy\/"},"modified":"2026-03-27T20:03:28","modified_gmt":"2026-03-27T20:03:28","slug":"modellierung-von-mechanischen-retro-autos","status":"publish","type":"product","link":"https:\/\/puzzle3d.co\/de\/prodotto\/modellismo-auto-retro-meccanico\/","title":{"rendered":"Retro mechanisches Holzmodellauto, 315 Teile"},"content":{"rendered":"<div>\n<p><strong>Retro mechanisches Holzmodellauto, 315 Teile<\/strong><\/p>\n<div>Obwohl wir im Zeitalter der Geschwindigkeit leben, in dem leistungsstarke Autos immer begehrter werden, w\u00fcrde wohl niemand eine Fahrt in einem Retro-Auto ablehnen.<\/div>\n<\/div>\n<div>\n<div>\n<div><\/div>\n<div>Worauf richten Sie Ihre Aufmerksamkeit, wenn Sie die Gelegenheit haben, eine Ausstellung von Oldtimern zu bewundern?<\/div>\n<div><\/div>\n<div>Die raffinierten Details, die elegante Erg\u00e4nzung, die Merkmale, die in den heutigen Modellen nicht mehr zu finden sind, all das l\u00e4sst Sie einen Oldtimer ein wenig l\u00e4nger betrachten.<\/div>\n<div><\/div>\n<div>Das von Kindern, Erwachsenen und \u00e4lteren Menschen geliebte Retro-Auto bleibt ein universelles Symbol der Automobilgeschichte und -sch\u00f6nheit, das Generationen \u00fcberdauert und immer beliebter wird.<\/div>\n<div><\/div>\n<div>Wir laden Sie ein zu einer Reise in die Vergangenheit mit einem absolut atemberaubenden Vintage-Modell.<\/div>\n<div><\/div>\n<div>Ich wei\u00df gar nicht, was Sie mehr begeistern wird: das Zusammensetzen der mehr als 300 Puzzleteile, wof\u00fcr Sie fast 8 Stunden brauchen werden, oder das Endprodukt, das Sie wie ein guter Wein \"verzaubern\" wird. Es wird ein unvergessliches Erlebnis sein!<\/div>\n<div><\/div>\n<div>Der Anlasser ist auf r\u00e4tselhafte Weise im seitlichen Reserverad versteckt. \u00d6ffnen Sie die T\u00fcren weit und nehmen Sie bequem Platz. Drehen Sie das Lenkrad nach rechts und die R\u00e4der drehen sich in dieselbe Richtung. Sie haben noch einen freien Platz neben sich, wer wird Sie auf eine historische Reise begleiten?<\/div>\n<div><\/div>\n<div><\/div>\n<div>Das Retro-Auto ist ein tolles Geschenk f\u00fcr alle Fans von Autos, Geschichte, Reisen, Sammler und beste Freunde, unabh\u00e4ngig vom Alter.<\/div>\n<div><\/div>\n<div>Das Holz, aus dem das Auto gefertigt ist, verleiht ihm einen Hauch von Luxus und Best\u00e4ndigkeit. Wir k\u00f6nnen mit Fug und Recht behaupten, dass es sich um eine Investition in einen Gegenstand handelt, der der Seele am Herzen liegt.<\/div>\n<div><\/div>\n<div>Kaufen Sie jetzt einen pers\u00f6nlichen Oldtimer, bauen Sie ihn mit Ihren eigenen H\u00e4nden zusammen und er wird mit der Zeit immer wertvoller werden.<\/div>\n<div><\/div>\n<div><\/div>\n<div><strong>DETAILS ZUM PRODUKT:<\/strong><\/div>\n<div>Abmessungen des Modells: 300*170*155 mm<\/div>\n<div>Abmessungen der Verpackung: 374*243*28 mm<\/div>\n<div>Anzahl der St\u00fccke: 315<\/div>\n<\/div>\n<div><\/div>\n<\/div>","protected":false},"excerpt":{"rendered":"<div>Das von Kindern, Erwachsenen und \u00e4lteren Menschen geliebte Retro-Auto bleibt ein universelles Symbol der Automobilgeschichte und -sch\u00f6nheit, das Generationen \u00fcberdauert und immer beliebter wird.<\/div>","protected":false},"featured_media":1187,"comment_status":"open","ping_status":"closed","template":"","meta":[],"product_brand":[],"product_cat":[73,88,74,76,89,90,91],"product_tag":[],"woo-feed-brand":[],"class_list":{"0":"post-1184","1":"product","2":"type-product","3":"status-publish","4":"has-post-thumbnail","6":"product_cat-puzzle-3d","7":"product_cat-puzzle-3d-adulti","8":"product_cat-puzzle-3d-in-legno","9":"product_cat-puzzle-3d-per-bambini","10":"product_cat-puzzle-meccanici-3d-in-legno","11":"product_cat-puzzle-meccanici-per-bambini","12":"product_cat-puzzle-meccanici-per-adulti","14":"first","15":"instock","16":"shipping-taxable","17":"purchasable","18":"product-type-simple"},"_links":{"self":[{"href":"https:\/\/puzzle3d.co\/de\/wp-json\/wp\/v2\/product\/1184","targetHints":{"allow":["GET"]}}],"collection":[{"href":"https:\/\/puzzle3d.co\/de\/wp-json\/wp\/v2\/product"}],"about":[{"href":"https:\/\/puzzle3d.co\/de\/wp-json\/wp\/v2\/types\/product"}],"replies":[{"embeddable":true,"href":"https:\/\/puzzle3d.co\/de\/wp-json\/wp\/v2\/comments?post=1184"}],"wp:featuredmedia":[{"embeddable":true,"href":"https:\/\/puzzle3d.co\/de\/wp-json\/wp\/v2\/media\/1187"}],"wp:attachment":[{"href":"https:\/\/puzzle3d.co\/de\/wp-json\/wp\/v2\/media?parent=1184"}],"wp:term":[{"taxonomy":"product_brand","embeddable":true,"href":"https:\/\/puzzle3d.co\/de\/wp-json\/wp\/v2\/product_brand?post=1184"},{"taxonomy":"product_cat","embeddable":true,"href":"https:\/\/puzzle3d.co\/de\/wp-json\/wp\/v2\/product_cat?post=1184"},{"taxonomy":"product_tag","embeddable":true,"href":"https:\/\/puzzle3d.co\/de\/wp-json\/wp\/v2\/product_tag?post=1184"},{"taxonomy":"woo-feed-brand","embeddable":true,"href":"https:\/\/puzzle3d.co\/de\/wp-json\/wp\/v2\/woo-feed-brand?post=1184"}],"curies":[{"name":"wp","href":"https:\/\/api.w.org\/{rel}","templated":true}]}}