{"id":1177,"date":"2023-02-06T10:20:19","date_gmt":"2023-02-06T10:20:19","guid":{"rendered":"https:\/\/puzzle3d.co\/product\/gramophone-puzzle-3d-copy\/"},"modified":"2026-01-02T05:29:01","modified_gmt":"2026-01-02T05:29:01","slug":"dampflokomotive-mechanisches-ratsel","status":"publish","type":"product","link":"https:\/\/puzzle3d.co\/de\/prodotto\/locomotiva-a-vapore-puzzle-meccanico\/","title":{"rendered":"Mechanisches Zugmodell aus Holz, 325 St\u00fcck"},"content":{"rendered":"<div>\n<p><strong>Mechanisches Zugmodell aus Holz, 325 Teile - Dampflokomotive<\/strong><\/p>\n<div>Die erste Lokomotive der Welt wurde 1804 in England von George Stephenson und seinem Sohn Robert erfunden.<\/div>\n<\/div>\n<div>\n<div>\n<div><\/div>\n<div>Die Bev\u00f6lkerung Englands wuchs, es gab immer mehr Fabriken, und man brauchte ein Mittel, um Menschen und Waren \u00fcber weite Strecken zu transportieren.<\/div>\n<div><\/div>\n<div>Sie wurde \"Dampflokomotive\" genannt und hatte eine H\u00f6chstgeschwindigkeit von 16 km\/h.<\/div>\n<div><\/div>\n<div>Seltsamerweise wurden sie von feindlich gesinnten Landwirten behindert, die Pferde als Zugmaschinen einsetzten und ungl\u00fccklich dar\u00fcber waren, dass die Eisenbahn den Hafermarkt zusammenbrechen lie\u00df.<\/div>\n<div><\/div>\n<div>Interessant, nicht wahr?<\/div>\n<div><\/div>\n<div>Jetzt kannst du die erste Lokomotive mit einem Gummimotor ohne einen einzigen Tropfen Klebstoff zusammenbauen. Die nat\u00fcrlichen Holzteile verleihen ihr einen Vintage-Touch und ein raffiniertes Aussehen.<\/div>\n<div><\/div>\n<div>Geschenk f\u00fcr die ganze Familie<\/div>\n<div><\/div>\n<div>Bauen Sie die mechanische Lokomotive zusammen mit einem geliebten Menschen zusammen, so wie es sich f\u00fcr eine Reise geh\u00f6rt. Dann setzen Sie das Fahrzeug auf sich selbst und los geht's!<\/div>\n<div>Was m\u00f6chten Sie in den Wagen legen? Dort ist genug Platz... (f\u00fcr einen Ring, ein Ticket oder einen Schl\u00fcssel).<\/div>\n<div><\/div>\n<div>Stellen Sie diese wunderbare Lokomotive am Ende der Reise an einem gut sichtbaren Platz in Ihrer Wohnung auf.<\/div>\n<div><\/div>\n<div>Es ist ein perfektes Geschenk f\u00fcr alle Reiseliebhaber, Mechanikfans und Kinder bis 99 Jahre alt.<\/div>\n<div><\/div>\n<div>Jetzt, wo Sie Ihre eigene pers\u00f6nliche Lokomotive haben, k\u00f6nnen Sie so oft wie m\u00f6glich romantische Fahrten genie\u00dfen!<\/div>\n<div><\/div>\n<div><\/div>\n<div><\/div>\n<div><strong>DETAILS ZUM PRODUKT:<\/strong><\/div>\n<div>Abmessungen des Modells: 400*103*178 mm<\/div>\n<div>Abmessungen der Verpackung: 245*188*30 mm<\/div>\n<div><strong>Anzahl der St\u00fccke: 325<\/strong><\/div>\n<\/div>\n<div><\/div>\n<\/div>","protected":false},"excerpt":{"rendered":"<div>Es ist ein perfektes Geschenk f\u00fcr alle Reiseliebhaber, Mechanikfans und Kinder bis 99 Jahre alt.<\/div>\n<p>&nbsp;<\/p>","protected":false},"featured_media":1180,"comment_status":"open","ping_status":"closed","template":"","meta":[],"product_brand":[],"product_cat":[73,108,88,74,76,89,90,91],"product_tag":[],"woo-feed-brand":[],"class_list":{"0":"post-1177","1":"product","2":"type-product","3":"status-publish","4":"has-post-thumbnail","6":"product_cat-puzzle-3d","7":"product_cat-modellismo-da-costruire-per-adulti","8":"product_cat-puzzle-3d-adulti","9":"product_cat-puzzle-3d-in-legno","10":"product_cat-puzzle-3d-per-bambini","11":"product_cat-puzzle-meccanici-3d-in-legno","12":"product_cat-puzzle-meccanici-per-bambini","13":"product_cat-puzzle-meccanici-per-adulti","15":"first","16":"instock","17":"shipping-taxable","18":"purchasable","19":"product-type-simple"},"_links":{"self":[{"href":"https:\/\/puzzle3d.co\/de\/wp-json\/wp\/v2\/product\/1177","targetHints":{"allow":["GET"]}}],"collection":[{"href":"https:\/\/puzzle3d.co\/de\/wp-json\/wp\/v2\/product"}],"about":[{"href":"https:\/\/puzzle3d.co\/de\/wp-json\/wp\/v2\/types\/product"}],"replies":[{"embeddable":true,"href":"https:\/\/puzzle3d.co\/de\/wp-json\/wp\/v2\/comments?post=1177"}],"wp:featuredmedia":[{"embeddable":true,"href":"https:\/\/puzzle3d.co\/de\/wp-json\/wp\/v2\/media\/1180"}],"wp:attachment":[{"href":"https:\/\/puzzle3d.co\/de\/wp-json\/wp\/v2\/media?parent=1177"}],"wp:term":[{"taxonomy":"product_brand","embeddable":true,"href":"https:\/\/puzzle3d.co\/de\/wp-json\/wp\/v2\/product_brand?post=1177"},{"taxonomy":"product_cat","embeddable":true,"href":"https:\/\/puzzle3d.co\/de\/wp-json\/wp\/v2\/product_cat?post=1177"},{"taxonomy":"product_tag","embeddable":true,"href":"https:\/\/puzzle3d.co\/de\/wp-json\/wp\/v2\/product_tag?post=1177"},{"taxonomy":"woo-feed-brand","embeddable":true,"href":"https:\/\/puzzle3d.co\/de\/wp-json\/wp\/v2\/woo-feed-brand?post=1177"}],"curies":[{"name":"wp","href":"https:\/\/api.w.org\/{rel}","templated":true}]}}