{"id":1139,"date":"2023-02-03T13:44:29","date_gmt":"2023-02-03T13:44:29","guid":{"rendered":"https:\/\/puzzle3d.co\/product\/moara-de-vant-puzzle-3d-mecanic-copy\/"},"modified":"2026-01-02T05:29:02","modified_gmt":"2026-01-02T05:29:02","slug":"schwarzes-holz-katzenhaus","status":"publish","type":"product","link":"https:\/\/puzzle3d.co\/de\/prodotto\/casetta-per-gatti-in-legno-nero\/","title":{"rendered":"Holzhaus f\u00fcr Katzen, 152-teilig"},"content":{"rendered":"<p><strong>152-teiliges Katzenhaus aus Holz in verschiedenen Farben<\/strong><\/p>\n<div>\n<div>Wenn sie tr\u00e4umen, sch\u00fctteln Katzen ihre F\u00fc\u00dfe, schnurren und l\u00e4cheln. Nach einem angenehmen Traum sind sie in einer au\u00dfergew\u00f6hnlichen Stimmung: Sie schenken ihrem Besitzer viel Zuneigung und Streicheleinheiten.<\/div>\n<div><\/div>\n<div>Wir wissen, wie sehr Sie sich um Ihr geliebtes Haustier sorgen. Deshalb werden die St\u00fccke aus Naturholz so ideal zugeschnitten und zusammengesetzt, dass kein einziger Tropfen Leim n\u00f6tig ist. Nur eine weiche Decke.<\/div>\n<div><\/div>\n<div>Das Holzspielhaus ist wie eine Liebeserkl\u00e4rung an die Katze. Liebe sie so sehr, wie sie dich liebt.<\/div>\n<div><\/div>\n<div>Katzenhaus aus Holz mit Fell. Erh\u00e4ltlich in 4 Farbvarianten:<\/div>\n<\/div>\n<ul>\n<li>kleines schwarzes Haus mit wei\u00dfem Fell<\/li>\n<li>wei\u00dfes Haus mit schwarzem Fell<\/li>\n<li>wei\u00dfes Haus mit rosa Fell<\/li>\n<li>Holzhaus mit wei\u00dfem Fell.<\/li>\n<\/ul>\n<div>\n<div><\/div>\n<div><strong>DETAILS ZUM PRODUKT:<\/strong><\/div>\n<div><\/div>\n<div>Abmessungen des Modells: 480*362*456 mm<\/div>\n<div>Abmessungen der Verpackung: 580*380*40 mm<\/div>\n<div>Anzahl der St\u00fccke: 152<\/div>\n<\/div>\n<div><\/div>","protected":false},"excerpt":{"rendered":"<div><\/div>\n<p>&nbsp;<\/p>","protected":false},"featured_media":2672,"comment_status":"open","ping_status":"closed","template":"","meta":[],"product_brand":[],"product_cat":[99],"product_tag":[],"woo-feed-brand":[],"class_list":{"0":"post-1139","1":"product","2":"type-product","3":"status-publish","4":"has-post-thumbnail","6":"product_cat-casette-per-gatti-da-interno","8":"first","9":"instock","10":"shipping-taxable","11":"purchasable","12":"product-type-variable"},"_links":{"self":[{"href":"https:\/\/puzzle3d.co\/de\/wp-json\/wp\/v2\/product\/1139","targetHints":{"allow":["GET"]}}],"collection":[{"href":"https:\/\/puzzle3d.co\/de\/wp-json\/wp\/v2\/product"}],"about":[{"href":"https:\/\/puzzle3d.co\/de\/wp-json\/wp\/v2\/types\/product"}],"replies":[{"embeddable":true,"href":"https:\/\/puzzle3d.co\/de\/wp-json\/wp\/v2\/comments?post=1139"}],"wp:featuredmedia":[{"embeddable":true,"href":"https:\/\/puzzle3d.co\/de\/wp-json\/wp\/v2\/media\/2672"}],"wp:attachment":[{"href":"https:\/\/puzzle3d.co\/de\/wp-json\/wp\/v2\/media?parent=1139"}],"wp:term":[{"taxonomy":"product_brand","embeddable":true,"href":"https:\/\/puzzle3d.co\/de\/wp-json\/wp\/v2\/product_brand?post=1139"},{"taxonomy":"product_cat","embeddable":true,"href":"https:\/\/puzzle3d.co\/de\/wp-json\/wp\/v2\/product_cat?post=1139"},{"taxonomy":"product_tag","embeddable":true,"href":"https:\/\/puzzle3d.co\/de\/wp-json\/wp\/v2\/product_tag?post=1139"},{"taxonomy":"woo-feed-brand","embeddable":true,"href":"https:\/\/puzzle3d.co\/de\/wp-json\/wp\/v2\/woo-feed-brand?post=1139"}],"curies":[{"name":"wp","href":"https:\/\/api.w.org\/{rel}","templated":true}]}}